{"id":782190,"date":"2026-02-23T10:48:44","date_gmt":"2026-02-23T07:48:44","guid":{"rendered":"https:\/\/roveyayinevi.com.tr\/index.php\/urun\/fasizmin-dogasi\/"},"modified":"2026-04-16T02:07:47","modified_gmt":"2026-04-15T23:07:47","slug":"fasizmin-dogasi","status":"publish","type":"product","link":"https:\/\/roveyayinevi.com.tr\/index.php\/urun\/fasizmin-dogasi\/","title":{"rendered":"Fa\u015fizmin Do\u011fas\u0131"},"content":{"rendered":"<p>Bu kitap, ger\u00e7ekle\u015fti\u011fi bi\u00e7imiyle fa\u015fizmin korkun\u00e7 insani sonu\u00e7lar\u0131n\u0131, mitsel n\u00fcvesini olu\u015fturan palingenetik bak\u0131\u015f\u0131na atfeder. O bak\u0131\u015f ki, d\u0131\u015f d\u00fcnya ile yarat\u0131c\u0131 bir etkile\u015fimi ve g\u00fc\u00e7l\u00fc bir b\u00fct\u00fcnle\u015fmeyi de\u011fil de onun sadece dar bir b\u00f6l\u00fcm\u00fcyle topyek\u00fbn ve sapk\u0131n bir \u00f6zde\u015fle\u015fmeyi destekler.\u201dFa\u015fizmin sosyo-tarihsel ve ideolojik yap\u0131s\u0131 hakk\u0131nda akademik d\u00fcnyan\u0131n \u00f6nde gelen isimlerinden biri say\u0131lan Roger Griffin Fa\u015fizmin Do\u011fas\u0131\u2019nda, ayr\u0131nt\u0131l\u0131 \u00f6rneklerle Avrupa\u2019dan Asya\u2019ya, Japonya\u2019dan Latin Amerika\u2019ya kapsaml\u0131 bir fa\u015fizm d\u00f6k\u00fcm\u00fc ortaya koyuyor. Ancak sadece tarihsel bir bilgi y\u0131\u011f\u0131n\u0131 olu\u015fturmak yerine fa\u015fizmin ideolojik \u00f6z\u00fcne odaklanarak, var olan siyasi d\u00fczenlerde nas\u0131l yeni bir angajman arzusu yaratt\u0131\u011f\u0131 ve bu arzuyu tatmin etme iddias\u0131n\u0131 nas\u0131l temellendirdi\u011fi \u00fczerine etrafl\u0131 bir tart\u0131\u015fma y\u00fcr\u00fct\u00fcyor. Her biri kendi i\u00e7inde \u00e7e\u015fitli \u00f6zg\u00fcnl\u00fckler ta\u015f\u0131makla beraber, fa\u015fist hareketlerin propaganda, dil ve siyasal varolu\u015flar\u0131 aras\u0131ndaki ortakl\u0131klara e\u011filiyor. T\u00fcm bu analizlerinde \u201car\u0131nd\u0131r\u0131c\u0131 milli yeniden dirili\u015f (palingenesis)\u201d temas\u0131n\u0131n etkin ve kavray\u0131c\u0131 bir \u00f6nemi oldu\u011funun alt\u0131n\u0131 tekrar tekrar \u00e7iziyor. \u015eabloncu bir kar\u015f\u0131 propaganda dili \u00fcretmek yerine, daha \u00f6nce yap\u0131lm\u0131\u015f fa\u015fizm tahlillerinin hakl\u0131 olduklar\u0131 ve yan\u0131lg\u0131ya d\u00fc\u015ft\u00fckleri noktalar\u0131 belirleyerek, fa\u015fizmin analizinde nelere dikkat edilmesi gerekti\u011fi hususunda saptamalarda bulunuyor. Griffin, ya\u015fad\u0131\u011f\u0131m\u0131z d\u00fcnyan\u0131n tarih-\u00f6ncesine aitmi\u015f gibi davran\u0131lan fa\u015fizme kar\u015f\u0131, okurunu uyan\u0131k olmaya davet ediyor&#8230; <\/p>\n","protected":false},"excerpt":{"rendered":"<p>Bu kitap, ger\u00e7ekle\u015fti\u011fi bi\u00e7imiyle fa\u015fizmin korkun\u00e7 insani sonu\u00e7lar\u0131n\u0131, mitsel n\u00fcvesini olu\u015fturan palingenetik bak\u0131\u015f\u0131na atfeder. O bak\u0131\u015f ki, d\u0131\u015f d\u00fcnya ile yarat\u0131c\u0131 bir etkile\u015fimi ve g\u00fc\u00e7l\u00fc bir<span class=\"excerpt-hellip\"> [\u2026]<\/span><\/p>\n","protected":false},"featured_media":0,"template":"","meta":{"_monsterinsights_skip_tracking":false,"_monsterinsights_sitenote_active":false,"_monsterinsights_sitenote_note":"","_monsterinsights_sitenote_category":0},"product_brand":[],"product_cat":[12364],"product_tag":[],"class_list":{"0":"post-782190","1":"product","2":"type-product","3":"status-publish","5":"product_cat-genel-konular","6":"pa_cilt-ciltsiz","7":"pa_tur-kitap","8":"pa_yayinevi-iletisim-yayinlari","9":"pa_yazar-roger-griffin","11":"first","12":"instock","13":"sale","14":"shipping-taxable","15":"purchasable","16":"product-type-simple"},"_links":{"self":[{"href":"https:\/\/roveyayinevi.com.tr\/index.php\/wp-json\/wp\/v2\/product\/782190","targetHints":{"allow":["GET"]}}],"collection":[{"href":"https:\/\/roveyayinevi.com.tr\/index.php\/wp-json\/wp\/v2\/product"}],"about":[{"href":"https:\/\/roveyayinevi.com.tr\/index.php\/wp-json\/wp\/v2\/types\/product"}],"wp:attachment":[{"href":"https:\/\/roveyayinevi.com.tr\/index.php\/wp-json\/wp\/v2\/media?parent=782190"}],"wp:term":[{"taxonomy":"product_brand","embeddable":true,"href":"https:\/\/roveyayinevi.com.tr\/index.php\/wp-json\/wp\/v2\/product_brand?post=782190"},{"taxonomy":"product_cat","embeddable":true,"href":"https:\/\/roveyayinevi.com.tr\/index.php\/wp-json\/wp\/v2\/product_cat?post=782190"},{"taxonomy":"product_tag","embeddable":true,"href":"https:\/\/roveyayinevi.com.tr\/index.php\/wp-json\/wp\/v2\/product_tag?post=782190"}],"curies":[{"name":"wp","href":"https:\/\/api.w.org\/{rel}","templated":true}]}}