{"id":782187,"date":"2026-02-23T10:48:00","date_gmt":"2026-02-23T07:48:00","guid":{"rendered":"https:\/\/roveyayinevi.com.tr\/index.php\/urun\/pamuk-ulkelerine-yolculuk-kuresellesme-uzerine-kucuk-elkitabi\/"},"modified":"2026-04-16T02:07:17","modified_gmt":"2026-04-15T23:07:17","slug":"pamuk-ulkelerine-yolculuk-kuresellesme-uzerine-kucuk-elkitabi","status":"publish","type":"product","link":"https:\/\/roveyayinevi.com.tr\/index.php\/urun\/pamuk-ulkelerine-yolculuk-kuresellesme-uzerine-kucuk-elkitabi\/","title":{"rendered":"Pamuk \u00dclkelerine Yolculuk: K\u00fcreselle\u015fme \u00dczerine K\u00fc\u00e7\u00fck Elkitab\u0131"},"content":{"rendered":"<p>G\u00fcn\u00fcm\u00fcz\u00fcn sanal vurgulu d\u00fcnyas\u0131nda, hammaddeler, elle tutulur olan \u015feyler, g\u00fcnl\u00fck eme\u011fin teri, \u015fa\u015faal\u0131 adlarla sunulan uluslararas\u0131 antla\u015fmalar\u0131n ard\u0131nda yatan hesaplar, pazarl\u0131klar hep g\u00f6zlerden \u0131rak kal\u0131yor. Oysa d\u00fcnyada olup bitenleri anlaman\u0131n tek yolu belki bu ayr\u0131nt\u0131lara yeniden yakla\u015fmak, yak\u0131ndan bakmak. Pamuk \u00dclkelerine Yolculuk, pamuk \u00fcreticilerinin, sanayicilerinin, lobicilerinin, t\u00fcccarlar\u0131n\u0131n pe\u015finden Mali&#8217;den ABD&#8217;ye, Fransa&#8217;dan \u00c7in&#8217;e, Brezilya&#8217;dan M\u0131s\u0131r&#8217;a, \u00d6zbekistan&#8217;a d\u00fcnyan\u0131n d\u00f6rt bir yan\u0131na seyahat ederken \u015firket k\u00fcreselle\u015fmesinin gizli y\u00fcz\u00fcn\u00fc, uluslararas\u0131 platformlarda dikkate al\u0131nmayan hayati ayr\u0131nt\u0131lar\u0131 bir masal diliyle anlat\u0131yor bize, &#8220;K\u00fcreselle\u015fme \u00dcst\u00fcne K\u00fc\u00e7\u00fck Elkitab\u0131&#8221; altba\u015fl\u0131\u011f\u0131n\u0131n hakk\u0131n\u0131 vererek. <\/p>\n","protected":false},"excerpt":{"rendered":"<p>G\u00fcn\u00fcm\u00fcz\u00fcn sanal vurgulu d\u00fcnyas\u0131nda, hammaddeler, elle tutulur olan \u015feyler, g\u00fcnl\u00fck eme\u011fin teri, \u015fa\u015faal\u0131 adlarla sunulan uluslararas\u0131 antla\u015fmalar\u0131n ard\u0131nda yatan hesaplar, pazarl\u0131klar hep g\u00f6zlerden \u0131rak kal\u0131yor. Oysa<span class=\"excerpt-hellip\"> [\u2026]<\/span><\/p>\n","protected":false},"featured_media":0,"template":"","meta":{"_monsterinsights_skip_tracking":false,"_monsterinsights_sitenote_active":false,"_monsterinsights_sitenote_note":"","_monsterinsights_sitenote_category":0},"product_brand":[],"product_cat":[13596,12337],"product_tag":[],"class_list":{"0":"post-782187","1":"product","2":"type-product","3":"status-publish","5":"product_cat-avrupa-birligi","6":"product_cat-politika-siyaset","7":"pa_cilt-ciltsiz","8":"pa_tur-kitap","9":"pa_yayinevi-metis-yayinlari","10":"pa_yazar-erik-orsenna","12":"first","13":"instock","14":"sale","15":"shipping-taxable","16":"purchasable","17":"product-type-simple"},"_links":{"self":[{"href":"https:\/\/roveyayinevi.com.tr\/index.php\/wp-json\/wp\/v2\/product\/782187","targetHints":{"allow":["GET"]}}],"collection":[{"href":"https:\/\/roveyayinevi.com.tr\/index.php\/wp-json\/wp\/v2\/product"}],"about":[{"href":"https:\/\/roveyayinevi.com.tr\/index.php\/wp-json\/wp\/v2\/types\/product"}],"wp:attachment":[{"href":"https:\/\/roveyayinevi.com.tr\/index.php\/wp-json\/wp\/v2\/media?parent=782187"}],"wp:term":[{"taxonomy":"product_brand","embeddable":true,"href":"https:\/\/roveyayinevi.com.tr\/index.php\/wp-json\/wp\/v2\/product_brand?post=782187"},{"taxonomy":"product_cat","embeddable":true,"href":"https:\/\/roveyayinevi.com.tr\/index.php\/wp-json\/wp\/v2\/product_cat?post=782187"},{"taxonomy":"product_tag","embeddable":true,"href":"https:\/\/roveyayinevi.com.tr\/index.php\/wp-json\/wp\/v2\/product_tag?post=782187"}],"curies":[{"name":"wp","href":"https:\/\/api.w.org\/{rel}","templated":true}]}}