{"id":782186,"date":"2026-02-23T10:47:51","date_gmt":"2026-02-23T07:47:51","guid":{"rendered":"https:\/\/roveyayinevi.com.tr\/index.php\/urun\/yolda-2\/"},"modified":"2026-04-15T02:09:16","modified_gmt":"2026-04-14T23:09:16","slug":"yolda-2","status":"publish","type":"product","link":"https:\/\/roveyayinevi.com.tr\/index.php\/urun\/yolda-2\/","title":{"rendered":"Yolda"},"content":{"rendered":"<p>Neal, Kerouac, di\u011ferleri Kimi \u015fair, kimi yazar, kimi serseriBir avu\u00e7 arkada\u015ft\u0131lar D\u00fczenden uzakta, ba\u015fka bir hayat\u0131n pe\u015findeAmerika\u2019y\u0131 ba\u015ftan ba\u015fa katettilerBazen tek ba\u015flar\u0131na, bazen bir arabaya t\u0131k\u0131\u015f\u0131p dostlar\u0131ylaBazen bir otostop\u00e7uylaYa da \u00e2\u015f\u0131k olduklar\u0131 bir kad\u0131nlaYolda \u00f6zg\u00fcrl\u00fck vard\u0131 Yolda hayat\u0131n anlam\u0131Yolda a\u015fk vard\u0131 ve bazen sadece seksYolda paras\u0131zl\u0131k, a\u00e7l\u0131k vard\u0131Bazen \u00e7\u00f6z\u00fcms\u00fczl\u00fck, karga\u015fa, kalle\u015flikYolda bir aray\u0131\u015f vard\u0131, aray\u0131p da bulamay\u0131\u015fYolda sorular vard\u0131, \u00e7o\u011fu cevaps\u0131zVe yolda \u00e7o\u011fu zaman masmavi bir g\u00f6ky\u00fcz\u00fc Z\u00fcmr\u00fct ye\u015fili \u00e7ay\u0131rlarVe sonsuz bir k\u0131z\u0131ll\u0131k vard\u0131 Yolda caz vard\u0131,Caz\u0131n tanr\u0131lar\u0131 ve ruhlara i\u015fleyen ritimler Onlar \u201cbeat ku\u015fa\u011f\u0131\u201dyd\u0131larFarkl\u0131yd\u0131lar, \u00f6zg\u00fcrd\u00fcler, d\u00fczenin d\u0131\u015f\u0131ndayd\u0131larVe hep yoldayd\u0131lar&#8230; <\/p>\n","protected":false},"excerpt":{"rendered":"<p>Neal, Kerouac, di\u011ferleri Kimi \u015fair, kimi yazar, kimi serseriBir avu\u00e7 arkada\u015ft\u0131lar D\u00fczenden uzakta, ba\u015fka bir hayat\u0131n pe\u015findeAmerika\u2019y\u0131 ba\u015ftan ba\u015fa katettilerBazen tek ba\u015flar\u0131na, bazen bir arabaya t\u0131k\u0131\u015f\u0131p<span class=\"excerpt-hellip\"> [\u2026]<\/span><\/p>\n","protected":false},"featured_media":0,"template":"","meta":{"_monsterinsights_skip_tracking":false,"_monsterinsights_sitenote_active":false,"_monsterinsights_sitenote_note":"","_monsterinsights_sitenote_category":0},"product_brand":[],"product_cat":[12891,12291],"product_tag":[],"class_list":{"0":"post-782186","1":"product","2":"type-product","3":"status-publish","5":"product_cat-amerikan-edebiyati","6":"product_cat-edebiyat","7":"pa_tur-kitap","8":"pa_yayinevi-ayrinti-yayinlari","9":"pa_yazar-jack-kerouac","11":"first","12":"instock","13":"sale","14":"shipping-taxable","15":"purchasable","16":"product-type-simple"},"_links":{"self":[{"href":"https:\/\/roveyayinevi.com.tr\/index.php\/wp-json\/wp\/v2\/product\/782186","targetHints":{"allow":["GET"]}}],"collection":[{"href":"https:\/\/roveyayinevi.com.tr\/index.php\/wp-json\/wp\/v2\/product"}],"about":[{"href":"https:\/\/roveyayinevi.com.tr\/index.php\/wp-json\/wp\/v2\/types\/product"}],"wp:attachment":[{"href":"https:\/\/roveyayinevi.com.tr\/index.php\/wp-json\/wp\/v2\/media?parent=782186"}],"wp:term":[{"taxonomy":"product_brand","embeddable":true,"href":"https:\/\/roveyayinevi.com.tr\/index.php\/wp-json\/wp\/v2\/product_brand?post=782186"},{"taxonomy":"product_cat","embeddable":true,"href":"https:\/\/roveyayinevi.com.tr\/index.php\/wp-json\/wp\/v2\/product_cat?post=782186"},{"taxonomy":"product_tag","embeddable":true,"href":"https:\/\/roveyayinevi.com.tr\/index.php\/wp-json\/wp\/v2\/product_tag?post=782186"}],"curies":[{"name":"wp","href":"https:\/\/api.w.org\/{rel}","templated":true}]}}