{"id":782185,"date":"2026-02-23T10:47:49","date_gmt":"2026-02-23T07:47:49","guid":{"rendered":"https:\/\/roveyayinevi.com.tr\/index.php\/urun\/yasadigimiz-sefalet\/"},"modified":"2026-04-16T02:07:13","modified_gmt":"2026-04-15T23:07:13","slug":"yasadigimiz-sefalet","status":"publish","type":"product","link":"https:\/\/roveyayinevi.com.tr\/index.php\/urun\/yasadigimiz-sefalet\/","title":{"rendered":"Ya\u015fad\u0131\u011f\u0131m\u0131z Sefalet"},"content":{"rendered":"<p>Andr\u00e9 Gorz, yeni bir y\u00fczy\u0131la girdi\u011fimiz \u015fu g\u00fcnlerde bizlere, ya\u015fad\u0131\u011f\u0131m\u0131z g\u00fcndelik k\u00e2buslardan \u00e7\u0131k\u0131\u015f kap\u0131lar\u0131n\u0131 g\u00f6stermeye devam ediyor. Bu yeni kitab\u0131nda, \u00f6nceki eserlerinde ele ald\u0131\u011f\u0131 d\u00fc\u015f\u00fcnceleri daha da olgunla\u015ft\u0131r\u0131yor ve k\u00f6lesi oldu\u011fumuz \u201c\u00e7al\u0131\u015fma\u201ddan kurtulman\u0131n yollar\u0131na i\u015faret ediyor. \u00c7al\u0131\u015fma, yarat\u0131c\u0131l\u0131\u011f\u0131 ifade eden ontolojik, felsefi anlam\u0131ndan tamamen kopmu\u015ftur ve bug\u00fcnk\u00fc anlam\u0131 yaln\u0131zca bir i\u015fe sahip olmakt\u0131r. Dahas\u0131, i\u00e7inde bulundu\u011fumuz bu d\u00f6nemde \u00e7al\u0131\u015fma ile ya\u015famlar\u0131m\u0131z aras\u0131ndaki mesafe giderek a\u00e7\u0131lmaktad\u0131r. Sahip olunan i\u015f, toplumsal kimli\u011fi olu\u015fturma i\u015flevini yitirmektedir. Maddi olmayan entelekt\u00fcel \u00fcretimle birlikte \u00e7al\u0131\u015fma zaman\u0131 eme\u011fin \u00f6l\u00e7\u00fct\u00fc olmaktan \u00e7\u0131km\u0131\u015f; toplumsal zenginlik, o g\u00fcnden beri \u00e7al\u0131\u015fma s\u00fcresinden ba\u011f\u0131ms\u0131z da\u011f\u0131t\u0131l\u0131r hale gelmi\u015f, de\u011fer yasas\u0131 ge\u00e7erli\u011fini yitirmi\u015ftir. Di\u011fer yandan, i\u015fsizlik b\u00fcy\u00fcyen bir sorundur; b\u0131rak\u0131n gelece\u011fi bug\u00fcn\u00fcnden bile endi\u015fe duyanlar h\u0131zla artmaktad\u0131r. \u0130nsani ya\u015fam standard\u0131na uygun bir gelir sa\u011flayan kal\u0131c\u0131 i\u015fler sadece bir avu\u00e7 se\u00e7kine nasip olmaktad\u0131r.B\u00fcy\u00fck \u00e7o\u011funluk ise ya ge\u00e7ici olarak ya da ara s\u0131ra i\u015f bulabilmektedir. Ge\u00e7mi\u015fte bir \u00fctopya olarak g\u00f6r\u00fclen \u201cbo\u015f zaman\u201d kavram\u0131na yak\u0131nla\u015f\u0131ld\u0131\u011f\u0131 yan\u0131lsamas\u0131n\u0131 yaratan bu durumun, ya\u015famsal ihtiya\u00e7lar\u0131 kar\u015f\u0131layacak kal\u0131c\u0131 bir gelirden yoksun olanlar a\u00e7\u0131s\u0131ndan \u201cbo\u015f zaman\u201d ya da \u201cyarat\u0131c\u0131 faaliyet zaman\u0131\u201d terimleriyle ifade edilmesi m\u00fcmk\u00fcn de\u011fildir. \u201c\u0130\u015fin \u00f6nemi yok, yeter ki ay sonunda maa\u015f \u00f6densin\u201d denen g\u00fcnler gerilerde kalm\u0131\u015ft\u0131r; art\u0131k s\u00f6ylenen tek \u015fey \u201cmaa\u015f\u0131n \u00f6nemi yok, yeter ki bir i\u015fimiz olsun.\u201d <\/p>\n","protected":false},"excerpt":{"rendered":"<p>Andr\u00e9 Gorz, yeni bir y\u00fczy\u0131la girdi\u011fimiz \u015fu g\u00fcnlerde bizlere, ya\u015fad\u0131\u011f\u0131m\u0131z g\u00fcndelik k\u00e2buslardan \u00e7\u0131k\u0131\u015f kap\u0131lar\u0131n\u0131 g\u00f6stermeye devam ediyor. Bu yeni kitab\u0131nda, \u00f6nceki eserlerinde ele ald\u0131\u011f\u0131 d\u00fc\u015f\u00fcnceleri daha<span class=\"excerpt-hellip\"> [\u2026]<\/span><\/p>\n","protected":false},"featured_media":0,"template":"","meta":{"_monsterinsights_skip_tracking":false,"_monsterinsights_sitenote_active":false,"_monsterinsights_sitenote_note":"","_monsterinsights_sitenote_category":0},"product_brand":[],"product_cat":[13633,12324],"product_tag":[],"class_list":{"0":"post-782185","1":"product","2":"type-product","3":"status-publish","5":"product_cat-kultur-ve-bilim","6":"product_cat-sosyoloji","7":"pa_cilt-ciltsiz","8":"pa_tur-kitap","9":"pa_yayinevi-ayrinti-yayinlari","10":"pa_yazar-andre-gorz","12":"first","13":"instock","14":"sale","15":"shipping-taxable","16":"purchasable","17":"product-type-simple"},"_links":{"self":[{"href":"https:\/\/roveyayinevi.com.tr\/index.php\/wp-json\/wp\/v2\/product\/782185","targetHints":{"allow":["GET"]}}],"collection":[{"href":"https:\/\/roveyayinevi.com.tr\/index.php\/wp-json\/wp\/v2\/product"}],"about":[{"href":"https:\/\/roveyayinevi.com.tr\/index.php\/wp-json\/wp\/v2\/types\/product"}],"wp:attachment":[{"href":"https:\/\/roveyayinevi.com.tr\/index.php\/wp-json\/wp\/v2\/media?parent=782185"}],"wp:term":[{"taxonomy":"product_brand","embeddable":true,"href":"https:\/\/roveyayinevi.com.tr\/index.php\/wp-json\/wp\/v2\/product_brand?post=782185"},{"taxonomy":"product_cat","embeddable":true,"href":"https:\/\/roveyayinevi.com.tr\/index.php\/wp-json\/wp\/v2\/product_cat?post=782185"},{"taxonomy":"product_tag","embeddable":true,"href":"https:\/\/roveyayinevi.com.tr\/index.php\/wp-json\/wp\/v2\/product_tag?post=782185"}],"curies":[{"name":"wp","href":"https:\/\/api.w.org\/{rel}","templated":true}]}}