{"id":782179,"date":"2026-02-23T10:46:23","date_gmt":"2026-02-23T07:46:23","guid":{"rendered":"https:\/\/roveyayinevi.com.tr\/index.php\/urun\/gencler-icin-zengin-baba-yoksul-baba\/"},"modified":"2026-04-16T02:06:20","modified_gmt":"2026-04-15T23:06:20","slug":"gencler-icin-zengin-baba-yoksul-baba","status":"publish","type":"product","link":"https:\/\/roveyayinevi.com.tr\/index.php\/urun\/gencler-icin-zengin-baba-yoksul-baba\/","title":{"rendered":"Gen\u00e7ler \u0130\u00e7in Zengin Baba Yoksul Baba"},"content":{"rendered":"<p>Okulda \u00f6\u011frendiklerinin hayat\u0131nla bir ilgisi olmad\u0131\u011f\u0131n\u0131 hissetti\u011fin olur mu? Okulun seni asl\u0131nda ger\u00e7ek d\u00fcnyaya haz\u0131rlamad\u0131\u011f\u0131n\u0131 hisseder misin? E\u011fer bu sorular\u0131n cevab\u0131 \u2018evet\u2019se bu kitap kesinlikle senin i\u00e7in! Robert T. Kiyosaki daha k\u00fc\u00e7\u00fck bir \u00e7ocukken para s\u00f6z konusu oldu\u011funda okuldaki ve evdeki yeti\u015ftirili\u015f tarz\u0131n\u0131n d\u0131\u015f\u0131nda bir kafa yap\u0131s\u0131na sahip olmas\u0131 gerekti\u011fini \u00f6\u011frendi. Ak\u0131l hocas\u0131n\u0131 bularak para ve yat\u0131r\u0131m \u00fczerine kafa yordu. Elindeki kitap sadece Kiyosaki\u2019nin inan\u0131lmaz ya\u015fam\u0131n\u0131 anlatm\u0131yor. Siz gen\u00e7lere, tercihlerin \u00f6nemini ve do\u011fru tercihlerin seni nas\u0131l zenginli\u011fe ula\u015ft\u0131raca\u011f\u0131n\u0131 da anlat\u0131yor. A\u00e7\u0131k bir dille, testlerle, \u00f6rneklerle ki\u015fisel ba\u015far\u0131y\u0131 yakalaman i\u00e7in yol g\u00f6steriyor. Bu kitapta \u015funlar\u0131 bulabilirsin: Paran\u0131n diliyle nas\u0131l konu\u015fulur. Para kazanman\u0131n yollar\u0131. Ba\u015far\u0131l\u0131 olman\u0131n ipu\u00e7lar\u0131: \u2018Kazanmak i\u00e7in de\u011fil, \u00f6\u011frenmek i\u00e7in \u00e7al\u0131\u015f.\u2019 Oyunlar, paran\u0131n nas\u0131l el de\u011fi\u015ftirdi\u011fini ve artt\u0131\u011f\u0131n\u0131 anlamana yard\u0131m eder. \ufffc<\/p>\n","protected":false},"excerpt":{"rendered":"<p>Okulda \u00f6\u011frendiklerinin hayat\u0131nla bir ilgisi olmad\u0131\u011f\u0131n\u0131 hissetti\u011fin olur mu? Okulun seni asl\u0131nda ger\u00e7ek d\u00fcnyaya haz\u0131rlamad\u0131\u011f\u0131n\u0131 hisseder misin? E\u011fer bu sorular\u0131n cevab\u0131 \u2018evet\u2019se bu kitap kesinlikle senin<span class=\"excerpt-hellip\"> [\u2026]<\/span><\/p>\n","protected":false},"featured_media":0,"template":"","meta":{"_monsterinsights_skip_tracking":false,"_monsterinsights_sitenote_active":false,"_monsterinsights_sitenote_note":"","_monsterinsights_sitenote_category":0},"product_brand":[],"product_cat":[12365,12364],"product_tag":[],"class_list":{"0":"post-782179","1":"product","2":"type-product","3":"status-publish","5":"product_cat-diger-genel-konular","6":"product_cat-genel-konular","7":"pa_cilt-ciltsiz","8":"pa_tur-kitap","9":"pa_yayinevi-alfa-yayinlari","10":"pa_yazar-robert-t-kiyosaki","12":"first","13":"instock","14":"sale","15":"shipping-taxable","16":"purchasable","17":"product-type-simple"},"_links":{"self":[{"href":"https:\/\/roveyayinevi.com.tr\/index.php\/wp-json\/wp\/v2\/product\/782179","targetHints":{"allow":["GET"]}}],"collection":[{"href":"https:\/\/roveyayinevi.com.tr\/index.php\/wp-json\/wp\/v2\/product"}],"about":[{"href":"https:\/\/roveyayinevi.com.tr\/index.php\/wp-json\/wp\/v2\/types\/product"}],"wp:attachment":[{"href":"https:\/\/roveyayinevi.com.tr\/index.php\/wp-json\/wp\/v2\/media?parent=782179"}],"wp:term":[{"taxonomy":"product_brand","embeddable":true,"href":"https:\/\/roveyayinevi.com.tr\/index.php\/wp-json\/wp\/v2\/product_brand?post=782179"},{"taxonomy":"product_cat","embeddable":true,"href":"https:\/\/roveyayinevi.com.tr\/index.php\/wp-json\/wp\/v2\/product_cat?post=782179"},{"taxonomy":"product_tag","embeddable":true,"href":"https:\/\/roveyayinevi.com.tr\/index.php\/wp-json\/wp\/v2\/product_tag?post=782179"}],"curies":[{"name":"wp","href":"https:\/\/api.w.org\/{rel}","templated":true}]}}