{"id":782178,"date":"2026-02-23T10:46:21","date_gmt":"2026-02-23T07:46:21","guid":{"rendered":"https:\/\/roveyayinevi.com.tr\/index.php\/urun\/feynmanin-kayip-dersi\/"},"modified":"2026-03-03T02:11:21","modified_gmt":"2026-03-02T23:11:21","slug":"feynmanin-kayip-dersi","status":"publish","type":"product","link":"https:\/\/roveyayinevi.com.tr\/index.php\/urun\/feynmanin-kayip-dersi\/","title":{"rendered":"Feynman&#8217;\u0131n Kay\u0131p Dersi"},"content":{"rendered":"<p>Feynman\u0131n 1964 y\u0131l\u0131nda Caltech&#8217;te verdi\u011fi bir dersin notlar\u0131 sonradan kaybolmu\u015f ve unutulmu\u015ftu. &#8220;Gezegenlerin G\u00fcne\u015f \u00c7evresindeki Hareketi&#8221; ad\u0131 verilmi\u015f olan bu ders, Isaac Newtonun Principia Mathemdtieasmdaki elipsler yasas\u0131n\u0131n geometrik kan\u0131t\u0131na al\u0131\u015f\u0131lmam\u0131\u015f bir yakla\u015f\u0131md\u0131. David ve Judith Goodstein&#8217;\u0131n tekrar derledi\u011fi ve yay\u0131ma haz\u0131rlad\u0131\u011f\u0131 bu ders tek bir olgu hakk\u0131ndad\u0131r, ama kesinlikle k\u00fc\u00e7\u00fck bir olgu de\u011fil. Bir gezegen ya da bir kuyrukluy\u0131ld\u0131z veya herhangi bir cisim uzayda k\u00fctle\u00e7ekimin etkisi alt\u0131nda \u00e7ok \u00f6zel bir matematiksel yay \u00e7izerken, neden bu \u00f6zel e\u011friyi izledi\u011fini, do\u011fan\u0131n neden bu zarif y\u00f6r\u00fcngelerin izlenmesini &#8220;se\u00e7ti\u011fini&#8221; basit bir geometriyle a\u00e7\u0131klamaktad\u0131r. Problem sadece derin bilimsel ve felsefi anlamdan ileri gelmekle kalmay\u0131p ayr\u0131ca b\u00fcy\u00fck tarihsel \u00f6neme sahiptir.\u00c7ok \u00f6nemli bir konu, g\u00fczel anlat\u0131lm\u0131\u015f bir \u00f6yk\u00fc \u00fczerine b\u00fcy\u00fcleyici bir kitap bu. Goodstein&#8217;ler temel bir problem \u00fczerine \u00e7ok ho\u015f bir \u015fekilde yaz\u0131lm\u0131\u015f bir el kitab\u0131 \u00fcretmi\u015fler. Bu kitap, biraz temel matematikle u\u011fra\u015fma cesareti g\u00f6sterecek t\u00fcm okurlara \u00f6d\u00fcllendirici bir deneyim sa\u011flayacakt\u0131r. Yazarlar, her \u015feyden \u00f6nce, kay\u0131p bir belge i\u00e7in heyecanl\u0131 bir kovalamaca sunmu\u015flar ve b\u00fcy\u00fck fizik\u00e7i Richard Feynman\u0131n ve onun d\u00fc\u015f\u00fcnme y\u00f6nteminin \u00e7ok s\u0131cak ve ilgin\u00e7 bir resmini vermi\u015fler.I. Bernard Cohen &#8211; Harvard \u00dcniversitesi, Bilim Tarihi Emeritus Profes\u00f6r\u00fc<\/p>\n","protected":false},"excerpt":{"rendered":"<p>Feynman\u0131n 1964 y\u0131l\u0131nda Caltech&#8217;te verdi\u011fi bir dersin notlar\u0131 sonradan kaybolmu\u015f ve unutulmu\u015ftu. &#8220;Gezegenlerin G\u00fcne\u015f \u00c7evresindeki Hareketi&#8221; ad\u0131 verilmi\u015f olan bu ders, Isaac Newtonun Principia Mathemdtieasmdaki elipsler<span class=\"excerpt-hellip\"> [\u2026]<\/span><\/p>\n","protected":false},"featured_media":0,"template":"","meta":{"_monsterinsights_skip_tracking":false,"_monsterinsights_sitenote_active":false,"_monsterinsights_sitenote_note":"","_monsterinsights_sitenote_category":0},"product_brand":[],"product_cat":[13005,13006],"product_tag":[],"class_list":{"0":"post-782178","1":"product","2":"type-product","3":"status-publish","5":"product_cat-bilim-muhendislik","6":"product_cat-populer-bilim","7":"pa_cilt-ciltsiz","8":"pa_tur-kitap","9":"pa_yayinevi-alfa-yayinlari","10":"pa_yazar-judith-r-goodstein","12":"first","13":"instock","14":"sale","15":"shipping-taxable","16":"purchasable","17":"product-type-simple"},"_links":{"self":[{"href":"https:\/\/roveyayinevi.com.tr\/index.php\/wp-json\/wp\/v2\/product\/782178","targetHints":{"allow":["GET"]}}],"collection":[{"href":"https:\/\/roveyayinevi.com.tr\/index.php\/wp-json\/wp\/v2\/product"}],"about":[{"href":"https:\/\/roveyayinevi.com.tr\/index.php\/wp-json\/wp\/v2\/types\/product"}],"wp:attachment":[{"href":"https:\/\/roveyayinevi.com.tr\/index.php\/wp-json\/wp\/v2\/media?parent=782178"}],"wp:term":[{"taxonomy":"product_brand","embeddable":true,"href":"https:\/\/roveyayinevi.com.tr\/index.php\/wp-json\/wp\/v2\/product_brand?post=782178"},{"taxonomy":"product_cat","embeddable":true,"href":"https:\/\/roveyayinevi.com.tr\/index.php\/wp-json\/wp\/v2\/product_cat?post=782178"},{"taxonomy":"product_tag","embeddable":true,"href":"https:\/\/roveyayinevi.com.tr\/index.php\/wp-json\/wp\/v2\/product_tag?post=782178"}],"curies":[{"name":"wp","href":"https:\/\/api.w.org\/{rel}","templated":true}]}}