{"id":782176,"date":"2026-02-23T10:45:41","date_gmt":"2026-02-23T07:45:41","guid":{"rendered":"https:\/\/roveyayinevi.com.tr\/index.php\/urun\/kotu-kedi-ve-bebek\/"},"modified":"2026-03-30T02:05:29","modified_gmt":"2026-03-29T23:05:29","slug":"kotu-kedi-ve-bebek","status":"publish","type":"product","link":"https:\/\/roveyayinevi.com.tr\/index.php\/urun\/kotu-kedi-ve-bebek\/","title":{"rendered":"K\u00f6t\u00fc Kedi ve Bebek"},"content":{"rendered":"<p>K\u00f6t\u00fc Kedi\u2019nin sahiplerinin ona bir S\u00fcrprizi var. Kocaman bir \u015fey bu, k\u00f6t\u00fc kokuyor ve a\u011fz\u0131ndan salyalar ak\u0131yor. \u0130yi de ne bu? Pisicik onun bir k\u00f6pek oldu\u011funu san\u0131yor. Iyy! Ama de\u011fil. Mahalledeki kediler onun bir kedi oldu\u011funa inan\u0131yorlar .B\u00fct\u00fcn kedi yeteneklerine kar\u015f\u0131n, kedi de de\u011fil! <\/p>\n","protected":false},"excerpt":{"rendered":"<p>K\u00f6t\u00fc Kedi\u2019nin sahiplerinin ona bir S\u00fcrprizi var. Kocaman bir \u015fey bu, k\u00f6t\u00fc kokuyor ve a\u011fz\u0131ndan salyalar ak\u0131yor. \u0130yi de ne bu? Pisicik onun bir k\u00f6pek oldu\u011funu<span class=\"excerpt-hellip\"> [\u2026]<\/span><\/p>\n","protected":false},"featured_media":0,"template":"","meta":{"_monsterinsights_skip_tracking":false,"_monsterinsights_sitenote_active":false,"_monsterinsights_sitenote_note":"","_monsterinsights_sitenote_category":0},"product_brand":[],"product_cat":[12689,12274],"product_tag":[],"class_list":{"0":"post-782176","1":"product","2":"type-product","3":"status-publish","5":"product_cat-cizgi-roman-cocuk-ve-genclik-kitaplari","6":"product_cat-cocuk-ve-genclik-kitaplari","7":"pa_cilt-ciltsiz","8":"pa_tur-kitap","9":"pa_yayinevi-epsilon-yayinlari","10":"pa_yazar-nick-bruel","12":"first","13":"instock","14":"sale","15":"shipping-taxable","16":"purchasable","17":"product-type-simple"},"_links":{"self":[{"href":"https:\/\/roveyayinevi.com.tr\/index.php\/wp-json\/wp\/v2\/product\/782176","targetHints":{"allow":["GET"]}}],"collection":[{"href":"https:\/\/roveyayinevi.com.tr\/index.php\/wp-json\/wp\/v2\/product"}],"about":[{"href":"https:\/\/roveyayinevi.com.tr\/index.php\/wp-json\/wp\/v2\/types\/product"}],"wp:attachment":[{"href":"https:\/\/roveyayinevi.com.tr\/index.php\/wp-json\/wp\/v2\/media?parent=782176"}],"wp:term":[{"taxonomy":"product_brand","embeddable":true,"href":"https:\/\/roveyayinevi.com.tr\/index.php\/wp-json\/wp\/v2\/product_brand?post=782176"},{"taxonomy":"product_cat","embeddable":true,"href":"https:\/\/roveyayinevi.com.tr\/index.php\/wp-json\/wp\/v2\/product_cat?post=782176"},{"taxonomy":"product_tag","embeddable":true,"href":"https:\/\/roveyayinevi.com.tr\/index.php\/wp-json\/wp\/v2\/product_tag?post=782176"}],"curies":[{"name":"wp","href":"https:\/\/api.w.org\/{rel}","templated":true}]}}