{"id":782172,"date":"2026-02-23T10:44:51","date_gmt":"2026-02-23T07:44:51","guid":{"rendered":"https:\/\/roveyayinevi.com.tr\/index.php\/urun\/kisi-olmaya-dair\/"},"modified":"2026-04-16T02:05:07","modified_gmt":"2026-04-15T23:05:07","slug":"kisi-olmaya-dair","status":"publish","type":"product","link":"https:\/\/roveyayinevi.com.tr\/index.php\/urun\/kisi-olmaya-dair\/","title":{"rendered":"Ki\u015fi Olmaya Dair"},"content":{"rendered":"<p>\u0130lgiyle takip edilen Psikolog\/Psikiyatrlar\u0131m\u0131z\u0131n son kitab\u0131 Ki\u015fi Olmaya Dair, Carl R. Rogers\u2019\u0131n en de\u011ferli kitaplar\u0131ndan biri olmakla beraber, psikoloji ve psikiyatri d\u00fcnyas\u0131na h\u00e2kim olmayan sokaktaki insan\u0131n kendini ve hayat\u0131 \u00e7\u00f6zmesine yard\u0131mc\u0131 olur.\u201cYa\u015fam\u0131n amac\u0131 nedir?\u201d sorusuna Rogers, \u201c\u0130nsan\u0131n ger\u00e7ekten de oldu\u011fu ki\u015fi olmas\u0131\u201d ifadesiyle cevap verir.Ki\u015fi Olmaya Dair\u2018de, Rogers\u2019\u0131n ba\u015fkalar\u0131n\u0131 ve kendini duymaya \u00e7abalayan s\u0131cak, co\u015fkulu, g\u00fcvenli, ilgi dolu sesiyle kar\u015f\u0131la\u015f\u0131r\u0131z. Bu dikkat dolu dinleyi\u015f, hem bireylere hem de o muazzam soruya, yani ki\u015fi olman\u0131n anlam\u0131na hizmet eder.Yay\u0131nc\u0131l\u0131kta milyon rakam\u0131 ender g\u00f6r\u00fclen bir say\u0131d\u0131r. Oysa bu kitap milyonlarca satm\u0131\u015ft\u0131r ve Rogers\u2019\u0131n d\u00fcnya \u00e7ap\u0131nda bir \u00fcn kazanmas\u0131na neden olmu\u015ftur. \u00c7\u00fcnk\u00fc o, inand\u0131\u011f\u0131 kuramlar\u0131 sadece terapistlere de\u011fil, sokaktaki herkese anlatabilmeyi ama\u00e7lam\u0131\u015ft\u0131r.<\/p>\n","protected":false},"excerpt":{"rendered":"<p>\u0130lgiyle takip edilen Psikolog\/Psikiyatrlar\u0131m\u0131z\u0131n son kitab\u0131 Ki\u015fi Olmaya Dair, Carl R. Rogers\u2019\u0131n en de\u011ferli kitaplar\u0131ndan biri olmakla beraber, psikoloji ve psikiyatri d\u00fcnyas\u0131na h\u00e2kim olmayan sokaktaki insan\u0131n<span class=\"excerpt-hellip\"> [\u2026]<\/span><\/p>\n","protected":false},"featured_media":0,"template":"","meta":{"_monsterinsights_skip_tracking":false,"_monsterinsights_sitenote_active":false,"_monsterinsights_sitenote_note":"","_monsterinsights_sitenote_category":0},"product_brand":[],"product_cat":[12358,12357],"product_tag":[],"class_list":{"0":"post-782172","1":"product","2":"type-product","3":"status-publish","5":"product_cat-genel-psikoloji","6":"product_cat-psikoloji","7":"pa_cilt-ciltsiz","8":"pa_tur-kitap","9":"pa_yayinevi-okuyan-us-yayin","10":"pa_yazar-carl-r-rogers","12":"first","13":"instock","14":"sale","15":"shipping-taxable","16":"purchasable","17":"product-type-simple"},"_links":{"self":[{"href":"https:\/\/roveyayinevi.com.tr\/index.php\/wp-json\/wp\/v2\/product\/782172","targetHints":{"allow":["GET"]}}],"collection":[{"href":"https:\/\/roveyayinevi.com.tr\/index.php\/wp-json\/wp\/v2\/product"}],"about":[{"href":"https:\/\/roveyayinevi.com.tr\/index.php\/wp-json\/wp\/v2\/types\/product"}],"wp:attachment":[{"href":"https:\/\/roveyayinevi.com.tr\/index.php\/wp-json\/wp\/v2\/media?parent=782172"}],"wp:term":[{"taxonomy":"product_brand","embeddable":true,"href":"https:\/\/roveyayinevi.com.tr\/index.php\/wp-json\/wp\/v2\/product_brand?post=782172"},{"taxonomy":"product_cat","embeddable":true,"href":"https:\/\/roveyayinevi.com.tr\/index.php\/wp-json\/wp\/v2\/product_cat?post=782172"},{"taxonomy":"product_tag","embeddable":true,"href":"https:\/\/roveyayinevi.com.tr\/index.php\/wp-json\/wp\/v2\/product_tag?post=782172"}],"curies":[{"name":"wp","href":"https:\/\/api.w.org\/{rel}","templated":true}]}}