{"id":782168,"date":"2026-02-23T10:44:37","date_gmt":"2026-02-23T07:44:37","guid":{"rendered":"https:\/\/roveyayinevi.com.tr\/index.php\/urun\/nefret-arkadaslik-flort-ask-evlilik\/"},"modified":"2026-04-16T02:05:04","modified_gmt":"2026-04-15T23:05:04","slug":"nefret-arkadaslik-flort-ask-evlilik","status":"publish","type":"product","link":"https:\/\/roveyayinevi.com.tr\/index.php\/urun\/nefret-arkadaslik-flort-ask-evlilik\/","title":{"rendered":"Nefret, Arkada\u015fl\u0131k, Fl\u00f6rt, A\u015fk, Evlilik"},"content":{"rendered":"<p>\u00c7a\u011fda\u015f bir \u00c7ehov olarak tan\u0131mlanan Alice Munro, bu kitab\u0131ndaki soluksuz okunan dokuz \u00f6yk\u00fcs\u00fcyle de ger\u00e7ekten g\u00fcn\u00fcm\u00fcz\u00fcn en usta \u00f6yk\u00fc yazarlar\u0131ndan biri oldu\u011funu kan\u0131tl\u0131yor.Nefret, Arkada\u015fl\u0131k, Fl\u00f6rt, A\u015fk, Evlilik, ad\u0131n\u0131 k\u00e2\u011f\u0131t tuzluk fal\u0131na benzeyen bir oyundan al\u0131yor. Bu oyunu oynayanlar, be\u011fendikleri ki\u015fiyle gelecekteki ili\u015fkilerini bu s\u00f6zc\u00fckleri sayarak tahmin ediyorlar. Film uyarlamas\u0131 2013 Toronto Film Festivali\u2019nde ilk kez izleyiciyle bulu\u015fan \u00f6yk\u00fcdeki ki\u015filerin yazg\u0131s\u0131 da bir bak\u0131ma benzer bir oyunla belirleniyor.Bu \u00f6yk\u00fclerdeki kad\u0131nlar kendilerini hep iki kutup aras\u0131nda, hep bir ikilem i\u00e7inde buluyorlar; evcillik ile ba\u011f\u0131ms\u0131zl\u0131k, aile ba\u011flar\u0131 ile \u00f6zg\u00fcrl\u00fck, beraberlik i\u00e7inde y\u00fcr\u00fct\u00fclen bir ili\u015fki ile yabanc\u0131la\u015fm\u0131\u015f bir yaln\u0131zl\u0131k aras\u0131nda gidip gelen kad\u0131nlar\u0131n bazen h\u00fcz\u00fcnl\u00fc bazen mizah y\u00fckl\u00fc ya\u015fam kesitleri s\u00fcr\u00fckleyici bir dille aktar\u0131l\u0131yor.Kitaptaki son \u00f6yk\u00fc \u201cAy\u0131, Da\u011f\u0131 A\u015ft\u0131 Geldi\u201d yine bir halk \u015fark\u0131s\u0131na g\u00f6nderme yap\u0131yor. \u015eark\u0131da da\u011f\u0131n \u00f6te taraf\u0131nda ne oldu\u011funu merak eden ay\u0131, iki taraf aras\u0131nda asl\u0131nda hi\u00e7 fark olmad\u0131\u011f\u0131n\u0131 g\u00f6r\u00fcr. \u00d6yk\u00fcde de ya\u015fam\u0131n bir evresinden bamba\u015fka bir evresine ge\u00e7en ki\u015finin asl\u0131nda birbirinden farks\u0131z ortamlarda oldu\u011funu g\u00f6r\u00fcyoruz. Ondan Uzakta ad\u0131yla beyaz perdeye de aktar\u0131lm\u0131\u015f olan \u00f6yk\u00fc, m\u00fcthi\u015f bir duygu y\u00fck\u00fcn\u00fc buruk g\u00fcl\u00fcmsemelere d\u00f6n\u00fc\u015ft\u00fcr\u00fcyor.<\/p>\n","protected":false},"excerpt":{"rendered":"<p>\u00c7a\u011fda\u015f bir \u00c7ehov olarak tan\u0131mlanan Alice Munro, bu kitab\u0131ndaki soluksuz okunan dokuz \u00f6yk\u00fcs\u00fcyle de ger\u00e7ekten g\u00fcn\u00fcm\u00fcz\u00fcn en usta \u00f6yk\u00fc yazarlar\u0131ndan biri oldu\u011funu kan\u0131tl\u0131yor.Nefret, Arkada\u015fl\u0131k, Fl\u00f6rt, A\u015fk,<span class=\"excerpt-hellip\"> [\u2026]<\/span><\/p>\n","protected":false},"featured_media":0,"template":"","meta":{"_monsterinsights_skip_tracking":false,"_monsterinsights_sitenote_active":false,"_monsterinsights_sitenote_note":"","_monsterinsights_sitenote_category":0},"product_brand":[],"product_cat":[12891,12291],"product_tag":[],"class_list":{"0":"post-782168","1":"product","2":"type-product","3":"status-publish","5":"product_cat-amerikan-edebiyati","6":"product_cat-edebiyat","7":"pa_cilt-ciltsiz","8":"pa_tur-kitap","9":"pa_yayinevi-can-yayinlari","10":"pa_yazar-alice-munro","12":"first","13":"instock","14":"sale","15":"shipping-taxable","16":"purchasable","17":"product-type-simple"},"_links":{"self":[{"href":"https:\/\/roveyayinevi.com.tr\/index.php\/wp-json\/wp\/v2\/product\/782168","targetHints":{"allow":["GET"]}}],"collection":[{"href":"https:\/\/roveyayinevi.com.tr\/index.php\/wp-json\/wp\/v2\/product"}],"about":[{"href":"https:\/\/roveyayinevi.com.tr\/index.php\/wp-json\/wp\/v2\/types\/product"}],"wp:attachment":[{"href":"https:\/\/roveyayinevi.com.tr\/index.php\/wp-json\/wp\/v2\/media?parent=782168"}],"wp:term":[{"taxonomy":"product_brand","embeddable":true,"href":"https:\/\/roveyayinevi.com.tr\/index.php\/wp-json\/wp\/v2\/product_brand?post=782168"},{"taxonomy":"product_cat","embeddable":true,"href":"https:\/\/roveyayinevi.com.tr\/index.php\/wp-json\/wp\/v2\/product_cat?post=782168"},{"taxonomy":"product_tag","embeddable":true,"href":"https:\/\/roveyayinevi.com.tr\/index.php\/wp-json\/wp\/v2\/product_tag?post=782168"}],"curies":[{"name":"wp","href":"https:\/\/api.w.org\/{rel}","templated":true}]}}