{"id":782166,"date":"2026-02-23T10:44:04","date_gmt":"2026-02-23T07:44:04","guid":{"rendered":"https:\/\/roveyayinevi.com.tr\/index.php\/urun\/yildizlarin-efendisi-hayyam\/"},"modified":"2026-03-15T21:09:49","modified_gmt":"2026-03-15T18:09:49","slug":"yildizlarin-efendisi-hayyam","status":"publish","type":"product","link":"https:\/\/roveyayinevi.com.tr\/index.php\/urun\/yildizlarin-efendisi-hayyam\/","title":{"rendered":"Y\u0131ld\u0131zlar\u0131n Efendisi Hayyam"},"content":{"rendered":"<p>A\u015fk\u0131n, Bilimin ve \u00d6zg\u00fcr Ele\u015ftirinin, Y\u0131ld\u0131zlar\u0131n Efendisi \u00d6mer Hayyam&#8217;\u0131n Roman\u0131 &#8220;\u015eimdi&#8221; dedi \u00d6mer sesini y\u00fckseltmeden, &#8220;hareket etme ve ad\u0131m atma. Korkacak bir \u015fey yok. Sadece kule senin etraf\u0131nda d\u00f6necek.&#8221; Gazali, y\u00fcz\u00fcnde hafif bir tebess\u00fcmle, \u00f6ylece bekliyordu. B\u00f6yle bir \u015feyin m\u00fcmk\u00fcn olmad\u0131\u011f\u0131n\u0131 gayet iyi biliyordu. Bu bir \u015fakayd\u0131. Ans\u0131z\u0131n h\u0131zl\u0131 bir nefes ald\u0131. Ayd\u0131nlat\u0131lm\u0131\u015f perde g\u00f6zlerinin \u00f6n\u00fcnde d\u00f6nmeye ba\u015flam\u0131\u015ft\u0131&#8230; Bir s\u00fcre sonra kule hafif bir sars\u0131nt\u0131yla durdu ve Gazali dizlerinin \u00fcst\u00fcne d\u00fc\u015ft\u00fc. &#8220;Yarabbi&#8230; Neler oluyor?.. Allah&#8217;\u0131n izniyle&#8230; kim?..&#8221; Kelimeler a\u011fz\u0131nda dolan\u0131yordu H\u00fcccet \u00fcl-\u0130slam&#8217;\u0131n. &#8220;B\u00f6yle b\u00fcy\u00fck bir kuleyi ne d\u00f6nd\u00fcrebilir ki? Onu d\u00f6nerken g\u00f6rd\u00fcm.&#8221; \u00d6mer hi\u00e7bir \u015fey s\u00f6ylemeden Gazali&#8217;nin aya\u011fa kalkmas\u0131na yard\u0131m etti&#8230; <\/p>\n","protected":false},"excerpt":{"rendered":"<p>A\u015fk\u0131n, Bilimin ve \u00d6zg\u00fcr Ele\u015ftirinin, Y\u0131ld\u0131zlar\u0131n Efendisi \u00d6mer Hayyam&#8217;\u0131n Roman\u0131 &#8220;\u015eimdi&#8221; dedi \u00d6mer sesini y\u00fckseltmeden, &#8220;hareket etme ve ad\u0131m atma. Korkacak bir \u015fey yok. Sadece kule<span class=\"excerpt-hellip\"> [\u2026]<\/span><\/p>\n","protected":false},"featured_media":0,"template":"","meta":{"_monsterinsights_skip_tracking":false,"_monsterinsights_sitenote_active":false,"_monsterinsights_sitenote_note":"","_monsterinsights_sitenote_category":0},"product_brand":[],"product_cat":[13527,14356],"product_tag":[],"class_list":{"0":"post-782166","1":"product","2":"type-product","3":"status-publish","5":"product_cat-sureli-yayinlar","6":"product_cat-tarih-sureli-yayinlar","7":"pa_cilt-ciltsiz","8":"pa_tur-kitap","9":"pa_yayinevi-yurt-kitap-yayin","10":"pa_yazar-harold-lamb","12":"first","13":"instock","14":"sale","15":"shipping-taxable","16":"purchasable","17":"product-type-simple"},"_links":{"self":[{"href":"https:\/\/roveyayinevi.com.tr\/index.php\/wp-json\/wp\/v2\/product\/782166","targetHints":{"allow":["GET"]}}],"collection":[{"href":"https:\/\/roveyayinevi.com.tr\/index.php\/wp-json\/wp\/v2\/product"}],"about":[{"href":"https:\/\/roveyayinevi.com.tr\/index.php\/wp-json\/wp\/v2\/types\/product"}],"wp:attachment":[{"href":"https:\/\/roveyayinevi.com.tr\/index.php\/wp-json\/wp\/v2\/media?parent=782166"}],"wp:term":[{"taxonomy":"product_brand","embeddable":true,"href":"https:\/\/roveyayinevi.com.tr\/index.php\/wp-json\/wp\/v2\/product_brand?post=782166"},{"taxonomy":"product_cat","embeddable":true,"href":"https:\/\/roveyayinevi.com.tr\/index.php\/wp-json\/wp\/v2\/product_cat?post=782166"},{"taxonomy":"product_tag","embeddable":true,"href":"https:\/\/roveyayinevi.com.tr\/index.php\/wp-json\/wp\/v2\/product_tag?post=782166"}],"curies":[{"name":"wp","href":"https:\/\/api.w.org\/{rel}","templated":true}]}}