{"id":782164,"date":"2026-02-23T10:43:57","date_gmt":"2026-02-23T07:43:57","guid":{"rendered":"https:\/\/roveyayinevi.com.tr\/index.php\/urun\/odysseia-5\/"},"modified":"2026-04-16T02:04:39","modified_gmt":"2026-04-15T23:04:39","slug":"odysseia-5","status":"publish","type":"product","link":"https:\/\/roveyayinevi.com.tr\/index.php\/urun\/odysseia-5\/","title":{"rendered":"Odysseia"},"content":{"rendered":"<p>Ben Laertes&#8217;in o\u011flu Odysseus&#8217;um. Yurdum \u0130thaka&#8217;d\u0131r. Benim yurdum kayal\u0131kt\u0131r; fakat ya\u015famak i\u00e7in iyi bir yerdir ve d\u00fcnyada hi\u00e7bir yeri ona ye\u011f tutmam. Beni geni\u015f ma\u011faras\u0131nda koca olarak tutmak isteyen tanr\u0131sal g\u00fczellikteki Kalypso&#8217;yu bile vatan\u0131m u\u011fruna terk ettim.\u0130nsana kendi yurdundan ve ana babas\u0131n\u0131n yan\u0131ndan daha s\u0131cak hi\u00e7bir yer olamaz. Yabanc\u0131 bir \u00fclkenin en zengin kona\u011f\u0131nda ya\u015fasa bile, insan gene uzaklardaki baba evini \u00f6zler durur&#8230; <\/p>\n","protected":false},"excerpt":{"rendered":"<p>Ben Laertes&#8217;in o\u011flu Odysseus&#8217;um. Yurdum \u0130thaka&#8217;d\u0131r. Benim yurdum kayal\u0131kt\u0131r; fakat ya\u015famak i\u00e7in iyi bir yerdir ve d\u00fcnyada hi\u00e7bir yeri ona ye\u011f tutmam. Beni geni\u015f ma\u011faras\u0131nda koca<span class=\"excerpt-hellip\"> [\u2026]<\/span><\/p>\n","protected":false},"featured_media":0,"template":"","meta":{"_monsterinsights_skip_tracking":false,"_monsterinsights_sitenote_active":false,"_monsterinsights_sitenote_note":"","_monsterinsights_sitenote_category":0},"product_brand":[],"product_cat":[12291,13706],"product_tag":[],"class_list":{"0":"post-782164","1":"product","2":"type-product","3":"status-publish","5":"product_cat-edebiyat","6":"product_cat-efsane-destan-masal","7":"pa_cilt-ciltsiz","8":"pa_tur-kitap","9":"pa_yayinevi-yurt-kitap-yayin","10":"pa_yazar-robert-krugmann","12":"first","13":"instock","14":"sale","15":"shipping-taxable","16":"purchasable","17":"product-type-simple"},"_links":{"self":[{"href":"https:\/\/roveyayinevi.com.tr\/index.php\/wp-json\/wp\/v2\/product\/782164","targetHints":{"allow":["GET"]}}],"collection":[{"href":"https:\/\/roveyayinevi.com.tr\/index.php\/wp-json\/wp\/v2\/product"}],"about":[{"href":"https:\/\/roveyayinevi.com.tr\/index.php\/wp-json\/wp\/v2\/types\/product"}],"wp:attachment":[{"href":"https:\/\/roveyayinevi.com.tr\/index.php\/wp-json\/wp\/v2\/media?parent=782164"}],"wp:term":[{"taxonomy":"product_brand","embeddable":true,"href":"https:\/\/roveyayinevi.com.tr\/index.php\/wp-json\/wp\/v2\/product_brand?post=782164"},{"taxonomy":"product_cat","embeddable":true,"href":"https:\/\/roveyayinevi.com.tr\/index.php\/wp-json\/wp\/v2\/product_cat?post=782164"},{"taxonomy":"product_tag","embeddable":true,"href":"https:\/\/roveyayinevi.com.tr\/index.php\/wp-json\/wp\/v2\/product_tag?post=782164"}],"curies":[{"name":"wp","href":"https:\/\/api.w.org\/{rel}","templated":true}]}}