{"id":782163,"date":"2026-02-23T10:43:54","date_gmt":"2026-02-23T07:43:54","guid":{"rendered":"https:\/\/roveyayinevi.com.tr\/index.php\/urun\/ilyada-7\/"},"modified":"2026-04-16T02:04:39","modified_gmt":"2026-04-15T23:04:39","slug":"ilyada-7","status":"publish","type":"product","link":"https:\/\/roveyayinevi.com.tr\/index.php\/urun\/ilyada-7\/","title":{"rendered":"\u0130lyada"},"content":{"rendered":"<p>Uzun sa\u00e7l\u0131 Akhalar kul\u00fcbelerinde aceleyle birka\u00e7 lokma at\u0131\u015ft\u0131rd\u0131ktan sonra z\u0131rhlar\u0131n\u0131 giydiler. Troyal\u0131lar da kentte z\u0131rhlar\u0131n\u0131 giymekle me\u015fguld\u00fc. Say\u0131ca Akhalardan daha azd\u0131lar ama hepsinin y\u00fcre\u011fi sava\u015f ate\u015fiyle yan\u0131yordu. Bir \u00f6l\u00fcm kal\u0131m sava\u015f\u0131na giri\u015ftiklerinin fark\u0131ndayd\u0131lar. Haz\u0131rl\u0131klar\u0131 tamam olunca \u015fehrin t\u00fcm kap\u0131lar\u0131 a\u00e7\u0131ld\u0131 ve Troya ordusu zincirlerinden bo\u015fanm\u0131\u015f gibi d\u0131\u015far\u0131ya ak\u0131n etti. \u0130ki ordunun askerleri sava\u015f alan\u0131nda bulu\u015ftular ve korkun\u00e7 bir k\u0131y\u0131m ba\u015flad\u0131. M\u0131zraklar, k\u0131l\u0131\u00e7lar k\u0131yas\u0131ya \u00e7arp\u0131\u015f\u0131yor, g\u00f6bekli kalkanlar birbirini d\u00f6v\u00fcyordu. Koca alanda korkun\u00e7 bir u\u011fultu vard\u0131; iniltiler, \u00e7\u0131\u011fl\u0131klar g\u00f6klere y\u00fckseliyordu. Toprak, bir kan \u0131rma\u011f\u0131yd\u0131. <\/p>\n","protected":false},"excerpt":{"rendered":"<p>Uzun sa\u00e7l\u0131 Akhalar kul\u00fcbelerinde aceleyle birka\u00e7 lokma at\u0131\u015ft\u0131rd\u0131ktan sonra z\u0131rhlar\u0131n\u0131 giydiler. Troyal\u0131lar da kentte z\u0131rhlar\u0131n\u0131 giymekle me\u015fguld\u00fc. Say\u0131ca Akhalardan daha azd\u0131lar ama hepsinin y\u00fcre\u011fi sava\u015f ate\u015fiyle<span class=\"excerpt-hellip\"> [\u2026]<\/span><\/p>\n","protected":false},"featured_media":0,"template":"","meta":{"_monsterinsights_skip_tracking":false,"_monsterinsights_sitenote_active":false,"_monsterinsights_sitenote_note":"","_monsterinsights_sitenote_category":0},"product_brand":[],"product_cat":[12291,13706],"product_tag":[],"class_list":{"0":"post-782163","1":"product","2":"type-product","3":"status-publish","5":"product_cat-edebiyat","6":"product_cat-efsane-destan-masal","7":"pa_cilt-ciltsiz","8":"pa_tur-kitap","9":"pa_yayinevi-yurt-kitap-yayin","10":"pa_yazar-robert-krugmann","12":"first","13":"instock","14":"sale","15":"shipping-taxable","16":"purchasable","17":"product-type-simple"},"_links":{"self":[{"href":"https:\/\/roveyayinevi.com.tr\/index.php\/wp-json\/wp\/v2\/product\/782163","targetHints":{"allow":["GET"]}}],"collection":[{"href":"https:\/\/roveyayinevi.com.tr\/index.php\/wp-json\/wp\/v2\/product"}],"about":[{"href":"https:\/\/roveyayinevi.com.tr\/index.php\/wp-json\/wp\/v2\/types\/product"}],"wp:attachment":[{"href":"https:\/\/roveyayinevi.com.tr\/index.php\/wp-json\/wp\/v2\/media?parent=782163"}],"wp:term":[{"taxonomy":"product_brand","embeddable":true,"href":"https:\/\/roveyayinevi.com.tr\/index.php\/wp-json\/wp\/v2\/product_brand?post=782163"},{"taxonomy":"product_cat","embeddable":true,"href":"https:\/\/roveyayinevi.com.tr\/index.php\/wp-json\/wp\/v2\/product_cat?post=782163"},{"taxonomy":"product_tag","embeddable":true,"href":"https:\/\/roveyayinevi.com.tr\/index.php\/wp-json\/wp\/v2\/product_tag?post=782163"}],"curies":[{"name":"wp","href":"https:\/\/api.w.org\/{rel}","templated":true}]}}