{"id":782162,"date":"2026-02-23T10:43:51","date_gmt":"2026-02-23T07:43:51","guid":{"rendered":"https:\/\/roveyayinevi.com.tr\/index.php\/urun\/cukurova-cesitlemesi\/"},"modified":"2026-04-16T02:04:39","modified_gmt":"2026-04-15T23:04:39","slug":"cukurova-cesitlemesi","status":"publish","type":"product","link":"https:\/\/roveyayinevi.com.tr\/index.php\/urun\/cukurova-cesitlemesi\/","title":{"rendered":"\u00c7ukurova \u00c7e\u015fitlemesi"},"content":{"rendered":"<p>Her \u00f6zlemi ya\u011fmurla ba\u015flatan bu yerde  Ku\u015f a\u011fz\u0131nda u\u00e7an bir \u015fark\u0131d\u0131r mevsimler  Ey imge p\u0131nar\u0131 dokun bu yerlere  \u0130\u015fte ya\u011fmur \u00f6ncesi g\u00f6kte pamuk tarlalar\u0131  Yerde bulutlar k\u00fcme k\u00fcme gezinirler  Dokun ki dile gelsin Bir nehrin sesine denk \u00e7o\u011falan renkler Dokun ki bir y\u0131l\u0131 \u00e7oktan ge\u00e7ti  Koynumda Toros kokuyor art\u0131k sevgiler Bir topak bulutla inmi\u015fim y\u00fcre\u011fine  Kurumu\u015f dallardan sonra ye\u015fil-yemye\u015fil Kar suskunlu\u011fundan sonra s\u0131cak-s\u0131ms\u0131cak Duygudan yana \u00e7\u0131r\u0131l\u00e7\u0131plak ve ak Zakkum nehirlerini izleyip koklayarak  \u00c7ak\u0131l\u0131p kalm\u0131\u015f\u0131m g\u00f6\u011fs\u00fcne Renklerinin okyanusunda bo\u011fularak <\/p>\n","protected":false},"excerpt":{"rendered":"<p>Her \u00f6zlemi ya\u011fmurla ba\u015flatan bu yerde Ku\u015f a\u011fz\u0131nda u\u00e7an bir \u015fark\u0131d\u0131r mevsimler Ey imge p\u0131nar\u0131 dokun bu yerlere \u0130\u015fte ya\u011fmur \u00f6ncesi g\u00f6kte pamuk tarlalar\u0131 Yerde bulutlar<span class=\"excerpt-hellip\"> [\u2026]<\/span><\/p>\n","protected":false},"featured_media":0,"template":"","meta":{"_monsterinsights_skip_tracking":false,"_monsterinsights_sitenote_active":false,"_monsterinsights_sitenote_note":"","_monsterinsights_sitenote_category":0},"product_brand":[],"product_cat":[12304,13650],"product_tag":[],"class_list":{"0":"post-782162","1":"product","2":"type-product","3":"status-publish","5":"product_cat-tarih","6":"product_cat-turk-tarihi-arastirmalari","7":"pa_cilt-ciltsiz","8":"pa_tur-kitap","9":"pa_yayinevi-yurt-kitap-yayin","10":"pa_yazar-adnan-yucel","12":"first","13":"instock","14":"sale","15":"shipping-taxable","16":"purchasable","17":"product-type-simple"},"_links":{"self":[{"href":"https:\/\/roveyayinevi.com.tr\/index.php\/wp-json\/wp\/v2\/product\/782162","targetHints":{"allow":["GET"]}}],"collection":[{"href":"https:\/\/roveyayinevi.com.tr\/index.php\/wp-json\/wp\/v2\/product"}],"about":[{"href":"https:\/\/roveyayinevi.com.tr\/index.php\/wp-json\/wp\/v2\/types\/product"}],"wp:attachment":[{"href":"https:\/\/roveyayinevi.com.tr\/index.php\/wp-json\/wp\/v2\/media?parent=782162"}],"wp:term":[{"taxonomy":"product_brand","embeddable":true,"href":"https:\/\/roveyayinevi.com.tr\/index.php\/wp-json\/wp\/v2\/product_brand?post=782162"},{"taxonomy":"product_cat","embeddable":true,"href":"https:\/\/roveyayinevi.com.tr\/index.php\/wp-json\/wp\/v2\/product_cat?post=782162"},{"taxonomy":"product_tag","embeddable":true,"href":"https:\/\/roveyayinevi.com.tr\/index.php\/wp-json\/wp\/v2\/product_tag?post=782162"}],"curies":[{"name":"wp","href":"https:\/\/api.w.org\/{rel}","templated":true}]}}