{"id":782156,"date":"2026-02-23T10:41:29","date_gmt":"2026-02-23T07:41:29","guid":{"rendered":"https:\/\/roveyayinevi.com.tr\/index.php\/urun\/bende-astim-var\/"},"modified":"2026-04-16T02:03:04","modified_gmt":"2026-04-15T23:03:04","slug":"bende-astim-var","status":"publish","type":"product","link":"https:\/\/roveyayinevi.com.tr\/index.php\/urun\/bende-astim-var\/","title":{"rendered":"Bende Ast\u0131m Var"},"content":{"rendered":"<p>Bu kitapta ast\u0131m\u0131 olan bir \u00e7ocu\u011fun ya\u015fad\u0131klar\u0131 anlat\u0131l\u0131yor. Ast\u0131m bazen korkutucu ataklar ya\u015fatan ve nefes almay\u0131 g\u00fc\u00e7le\u015ftirebilen kronik bir sa\u011fl\u0131k sorunu, ancak ila\u00e7 kullan\u0131m\u0131yla kontrol alt\u0131nda tutulabiliyor. Ast\u0131m\u0131 olan \u00e7ocuklar ila\u00e7lar sayesinde di\u011fer \u00e7ocuklar gibi hareketli ve k\u0131s\u0131tlamas\u0131z bir hayat s\u00fcrd\u00fcrebiliyor. <\/p>\n","protected":false},"excerpt":{"rendered":"<p>Bu kitapta ast\u0131m\u0131 olan bir \u00e7ocu\u011fun ya\u015fad\u0131klar\u0131 anlat\u0131l\u0131yor. Ast\u0131m bazen korkutucu ataklar ya\u015fatan ve nefes almay\u0131 g\u00fc\u00e7le\u015ftirebilen kronik bir sa\u011fl\u0131k sorunu, ancak ila\u00e7 kullan\u0131m\u0131yla kontrol alt\u0131nda<span class=\"excerpt-hellip\"> [\u2026]<\/span><\/p>\n","protected":false},"featured_media":0,"template":"","meta":{"_monsterinsights_skip_tracking":false,"_monsterinsights_sitenote_active":false,"_monsterinsights_sitenote_note":"","_monsterinsights_sitenote_category":0},"product_brand":[],"product_cat":[12274,12284],"product_tag":[],"class_list":{"0":"post-782156","1":"product","2":"type-product","3":"status-publish","5":"product_cat-cocuk-ve-genclik-kitaplari","6":"product_cat-hikayeler","7":"pa_tur-kitap","8":"pa_yayinevi-tubitak-yayinlari","9":"pa_yazar-jennifer-moore-mallinos","11":"first","12":"instock","13":"sale","14":"shipping-taxable","15":"purchasable","16":"product-type-simple"},"_links":{"self":[{"href":"https:\/\/roveyayinevi.com.tr\/index.php\/wp-json\/wp\/v2\/product\/782156","targetHints":{"allow":["GET"]}}],"collection":[{"href":"https:\/\/roveyayinevi.com.tr\/index.php\/wp-json\/wp\/v2\/product"}],"about":[{"href":"https:\/\/roveyayinevi.com.tr\/index.php\/wp-json\/wp\/v2\/types\/product"}],"wp:attachment":[{"href":"https:\/\/roveyayinevi.com.tr\/index.php\/wp-json\/wp\/v2\/media?parent=782156"}],"wp:term":[{"taxonomy":"product_brand","embeddable":true,"href":"https:\/\/roveyayinevi.com.tr\/index.php\/wp-json\/wp\/v2\/product_brand?post=782156"},{"taxonomy":"product_cat","embeddable":true,"href":"https:\/\/roveyayinevi.com.tr\/index.php\/wp-json\/wp\/v2\/product_cat?post=782156"},{"taxonomy":"product_tag","embeddable":true,"href":"https:\/\/roveyayinevi.com.tr\/index.php\/wp-json\/wp\/v2\/product_tag?post=782156"}],"curies":[{"name":"wp","href":"https:\/\/api.w.org\/{rel}","templated":true}]}}