{"id":782155,"date":"2026-02-23T10:41:23","date_gmt":"2026-02-23T07:41:23","guid":{"rendered":"https:\/\/roveyayinevi.com.tr\/index.php\/urun\/tam-namaz-hocasi-roman-boy-b01\/"},"modified":"2026-03-14T02:03:14","modified_gmt":"2026-03-13T23:03:14","slug":"tam-namaz-hocasi-roman-boy-b01","status":"publish","type":"product","link":"https:\/\/roveyayinevi.com.tr\/index.php\/urun\/tam-namaz-hocasi-roman-boy-b01\/","title":{"rendered":"Tam Namaz Hocas\u0131 (Roman Boy) (B01)"},"content":{"rendered":"<p>Kitab\u0131n\u0131 iftiharla takdim eder.Bu kitab, sizlere namaz k\u0131lmay\u0131 \u00f6\u011fretecek. Hem de kendi kendinize, hi\u00e7 kimseye ihtiyac\u0131n\u0131z kalmadan \u00f6\u011fretecektir. Her namaz\u0131 teker teker izah eden bu eserden sureleriyle, dualar\u0131yla namaz\u0131n nas\u0131l k\u0131l\u0131naca\u011f\u0131n\u0131 kendi ba\u015f\u0131n\u0131za \u00f6\u011freneceksiniz. Ayr\u0131ca namazlardan sonra okunan dualar\u0131, salev\u00e2t-\u0131 \u015ferifleri ve m\u00fchim zamanlarda okunacak dualar\u0131 da \u00f6\u011freneceksiniz. Bu kitab\u0131m\u0131z, her m\u00fcsl\u00fcmana ib\u00e2detle rehberlik edecek evsaftad\u0131r. <\/p>\n","protected":false},"excerpt":{"rendered":"<p>Kitab\u0131n\u0131 iftiharla takdim eder.Bu kitab, sizlere namaz k\u0131lmay\u0131 \u00f6\u011fretecek. Hem de kendi kendinize, hi\u00e7 kimseye ihtiyac\u0131n\u0131z kalmadan \u00f6\u011fretecektir. Her namaz\u0131 teker teker izah eden bu eserden<span class=\"excerpt-hellip\"> [\u2026]<\/span><\/p>\n","protected":false},"featured_media":0,"template":"","meta":{"_monsterinsights_skip_tracking":false,"_monsterinsights_sitenote_active":false,"_monsterinsights_sitenote_note":"","_monsterinsights_sitenote_category":0},"product_brand":[],"product_cat":[16789,12718,12719],"product_tag":[],"class_list":{"0":"post-782155","1":"product","2":"type-product","3":"status-publish","5":"product_cat-diger-islam","6":"product_cat-din","7":"product_cat-islam","8":"pa_cilt-ciltsiz","9":"pa_tur-dergi","10":"pa_yayinevi-tavasli-yayinlari","11":"pa_yazar-yusuf-tavasli","13":"first","14":"instock","15":"sale","16":"shipping-taxable","17":"purchasable","18":"product-type-simple"},"_links":{"self":[{"href":"https:\/\/roveyayinevi.com.tr\/index.php\/wp-json\/wp\/v2\/product\/782155","targetHints":{"allow":["GET"]}}],"collection":[{"href":"https:\/\/roveyayinevi.com.tr\/index.php\/wp-json\/wp\/v2\/product"}],"about":[{"href":"https:\/\/roveyayinevi.com.tr\/index.php\/wp-json\/wp\/v2\/types\/product"}],"wp:attachment":[{"href":"https:\/\/roveyayinevi.com.tr\/index.php\/wp-json\/wp\/v2\/media?parent=782155"}],"wp:term":[{"taxonomy":"product_brand","embeddable":true,"href":"https:\/\/roveyayinevi.com.tr\/index.php\/wp-json\/wp\/v2\/product_brand?post=782155"},{"taxonomy":"product_cat","embeddable":true,"href":"https:\/\/roveyayinevi.com.tr\/index.php\/wp-json\/wp\/v2\/product_cat?post=782155"},{"taxonomy":"product_tag","embeddable":true,"href":"https:\/\/roveyayinevi.com.tr\/index.php\/wp-json\/wp\/v2\/product_tag?post=782155"}],"curies":[{"name":"wp","href":"https:\/\/api.w.org\/{rel}","templated":true}]}}