{"id":782152,"date":"2026-02-23T10:41:16","date_gmt":"2026-02-23T07:41:16","guid":{"rendered":"https:\/\/roveyayinevi.com.tr\/index.php\/urun\/7den-70e-dini-hikayeler-kitabi-b08\/"},"modified":"2026-04-16T02:03:01","modified_gmt":"2026-04-15T23:03:01","slug":"7den-70e-dini-hikayeler-kitabi-b08","status":"publish","type":"product","link":"https:\/\/roveyayinevi.com.tr\/index.php\/urun\/7den-70e-dini-hikayeler-kitabi-b08\/","title":{"rendered":"7\u2019den 70\u2019e Dini Hikayeler Kitab\u0131 (B08)"},"content":{"rendered":"<p>M\u00fcsl\u00fcman \u00e2ilelerimizde 7\u2019den 70\u2019e her ya\u015fta kimsenin okuyup ibret dersi alabilece\u011fi bu \u201cDini Hikayeler Kitab\u0131\u2019mda cema\u00e2timin sevdi\u011fi ve be\u011fendi\u011fi hik\u00e2yelere tam olarak yer verilmi\u015ftir.Piyasada bas\u0131lm\u0131\u015f bu isimle bir\u00e7ok kar\u0131\u015f\u0131k hikayeler vard\u0131r. Maalesef bunlar para i\u00e7in \u0131smarlanm\u0131\u015f, yapt\u0131r\u0131lm\u0131\u015f bir tak\u0131m hik\u00e2yelerdir.<\/p>\n","protected":false},"excerpt":{"rendered":"<p>M\u00fcsl\u00fcman \u00e2ilelerimizde 7\u2019den 70\u2019e her ya\u015fta kimsenin okuyup ibret dersi alabilece\u011fi bu \u201cDini Hikayeler Kitab\u0131\u2019mda cema\u00e2timin sevdi\u011fi ve be\u011fendi\u011fi hik\u00e2yelere tam olarak yer verilmi\u015ftir.Piyasada bas\u0131lm\u0131\u015f bu<span class=\"excerpt-hellip\"> [\u2026]<\/span><\/p>\n","protected":false},"featured_media":0,"template":"","meta":{"_monsterinsights_skip_tracking":false,"_monsterinsights_sitenote_active":false,"_monsterinsights_sitenote_note":"","_monsterinsights_sitenote_category":0},"product_brand":[],"product_cat":[16789,12718,12719],"product_tag":[],"class_list":{"0":"post-782152","1":"product","2":"type-product","3":"status-publish","5":"product_cat-diger-islam","6":"product_cat-din","7":"product_cat-islam","8":"pa_cilt-ciltsiz","9":"pa_tur-kitap","10":"pa_yayinevi-tavasli-yayinlari","11":"pa_yazar-yusuf-tavasli","13":"first","14":"instock","15":"sale","16":"shipping-taxable","17":"purchasable","18":"product-type-simple"},"_links":{"self":[{"href":"https:\/\/roveyayinevi.com.tr\/index.php\/wp-json\/wp\/v2\/product\/782152","targetHints":{"allow":["GET"]}}],"collection":[{"href":"https:\/\/roveyayinevi.com.tr\/index.php\/wp-json\/wp\/v2\/product"}],"about":[{"href":"https:\/\/roveyayinevi.com.tr\/index.php\/wp-json\/wp\/v2\/types\/product"}],"wp:attachment":[{"href":"https:\/\/roveyayinevi.com.tr\/index.php\/wp-json\/wp\/v2\/media?parent=782152"}],"wp:term":[{"taxonomy":"product_brand","embeddable":true,"href":"https:\/\/roveyayinevi.com.tr\/index.php\/wp-json\/wp\/v2\/product_brand?post=782152"},{"taxonomy":"product_cat","embeddable":true,"href":"https:\/\/roveyayinevi.com.tr\/index.php\/wp-json\/wp\/v2\/product_cat?post=782152"},{"taxonomy":"product_tag","embeddable":true,"href":"https:\/\/roveyayinevi.com.tr\/index.php\/wp-json\/wp\/v2\/product_tag?post=782152"}],"curies":[{"name":"wp","href":"https:\/\/api.w.org\/{rel}","templated":true}]}}