{"id":782151,"date":"2026-02-23T10:40:35","date_gmt":"2026-02-23T07:40:35","guid":{"rendered":"https:\/\/roveyayinevi.com.tr\/index.php\/urun\/felsefe-tarihi-5\/"},"modified":"2026-04-14T02:04:13","modified_gmt":"2026-04-13T23:04:13","slug":"felsefe-tarihi-5","status":"publish","type":"product","link":"https:\/\/roveyayinevi.com.tr\/index.php\/urun\/felsefe-tarihi-5\/","title":{"rendered":"Felsefe Tarihi"},"content":{"rendered":"<p>Filozof metinlerinden ve felsefe tarihi konusunda \u00f6nde gelen yap\u0131tlardan yararlan\u0131larak haz\u0131rlanan bu kitapta; felsefe sorunlar\u0131n\u0131 \u00e7\u00f6zme denemelerinin s\u00fcrecini anlatan felsefe tarihi bilgilerini, tan\u0131tmak amac\u0131 g\u00f6z \u00f6n\u00fcnde bulundurulmu\u015ftur. Felsefe \u00f6\u011fretileri, i\u00e7ten ba\u011flant\u0131lar\u0131 ve k\u00fclt\u00fcr ortam\u0131 ile filozofun ki\u015fili\u011fine olan ilgileri bak\u0131m\u0131ndan g\u00f6sterilmek istenmi\u015f; felsefe tarihinin, \u00e7e\u015fitli \u00f6\u011fretiler aras\u0131ndaki yak\u0131nl\u0131klar ya da kar\u015f\u0131tl\u0131klar i\u00e7inden ge\u00e7en ritmi belirtmeye \u00e7al\u0131\u015f\u0131lm\u0131\u015ft\u0131r. \u201cFelsefe Tarihi\u201c, T\u00fcrkiye felsefe kitapl\u0131\u011f\u0131n\u0131n en \u00e7ok ba\u015fvurulan, en \u00e7ok aranan temel yap\u0131tlar\u0131ndan biridir. \u00dc\u00e7\u00fcnc\u00fc ve d\u00f6rd\u00fcnc\u00fc bas\u0131mlar\u0131 i\u00e7in yazar\u0131nca ba\u015f\u0131ndan sonuna yeniden g\u00f6zden ge\u00e7irilmi\u015f, T\u00fcrk\u00e7e\u00b4nin son geli\u015felerine uyularak, dili daha ar\u0131la\u015ft\u0131r\u0131lm\u0131\u015ft\u0131r.<\/p>\n","protected":false},"excerpt":{"rendered":"<p>Filozof metinlerinden ve felsefe tarihi konusunda \u00f6nde gelen yap\u0131tlardan yararlan\u0131larak haz\u0131rlanan bu kitapta; felsefe sorunlar\u0131n\u0131 \u00e7\u00f6zme denemelerinin s\u00fcrecini anlatan felsefe tarihi bilgilerini, tan\u0131tmak amac\u0131 g\u00f6z \u00f6n\u00fcnde<span class=\"excerpt-hellip\"> [\u2026]<\/span><\/p>\n","protected":false},"featured_media":0,"template":"","meta":{"_monsterinsights_skip_tracking":false,"_monsterinsights_sitenote_active":false,"_monsterinsights_sitenote_note":"","_monsterinsights_sitenote_category":0},"product_brand":[],"product_cat":[12388,13555],"product_tag":[],"class_list":{"0":"post-782151","1":"product","2":"type-product","3":"status-publish","5":"product_cat-felsefe","6":"product_cat-genel-felsefe","7":"pa_cilt-ciltsiz","8":"pa_tur-kitap","9":"pa_yayinevi-remzi-kitabevi","10":"pa_yazar-macit-gokberk","12":"first","13":"instock","14":"sale","15":"shipping-taxable","16":"purchasable","17":"product-type-simple"},"_links":{"self":[{"href":"https:\/\/roveyayinevi.com.tr\/index.php\/wp-json\/wp\/v2\/product\/782151","targetHints":{"allow":["GET"]}}],"collection":[{"href":"https:\/\/roveyayinevi.com.tr\/index.php\/wp-json\/wp\/v2\/product"}],"about":[{"href":"https:\/\/roveyayinevi.com.tr\/index.php\/wp-json\/wp\/v2\/types\/product"}],"wp:attachment":[{"href":"https:\/\/roveyayinevi.com.tr\/index.php\/wp-json\/wp\/v2\/media?parent=782151"}],"wp:term":[{"taxonomy":"product_brand","embeddable":true,"href":"https:\/\/roveyayinevi.com.tr\/index.php\/wp-json\/wp\/v2\/product_brand?post=782151"},{"taxonomy":"product_cat","embeddable":true,"href":"https:\/\/roveyayinevi.com.tr\/index.php\/wp-json\/wp\/v2\/product_cat?post=782151"},{"taxonomy":"product_tag","embeddable":true,"href":"https:\/\/roveyayinevi.com.tr\/index.php\/wp-json\/wp\/v2\/product_tag?post=782151"}],"curies":[{"name":"wp","href":"https:\/\/api.w.org\/{rel}","templated":true}]}}