{"id":782149,"date":"2026-02-23T10:40:26","date_gmt":"2026-02-23T07:40:26","guid":{"rendered":"https:\/\/roveyayinevi.com.tr\/index.php\/urun\/ladesci\/"},"modified":"2026-04-16T02:02:38","modified_gmt":"2026-04-15T23:02:38","slug":"ladesci","status":"publish","type":"product","link":"https:\/\/roveyayinevi.com.tr\/index.php\/urun\/ladesci\/","title":{"rendered":"Lades\u00e7i"},"content":{"rendered":"<p>Ya\u015fam\u0131n kerteriz defterinden insanl\u0131k durumlar\u0131&#8230; Toplumsal ya\u015fam\u0131m\u0131zda \u00f6nemli sorunlardan biri de d\u00fcr\u00fcstl\u00fck eksikli\u011fi. Neredeyse herkes kar\u015f\u0131s\u0131ndakini kand\u0131rmaya \u00e7al\u0131\u015f\u0131yor. Lades\u00e7i\u2019nin kahraman\u0131 Cemil Usanmaz da \u00e7ocuklu\u011funda babas\u0131ndan \u00f6\u011frendi\u011fi lades oyununun b\u00fcy\u00fcs\u00fcne kap\u0131l\u0131p bunu, \u00e2deta bir ya\u015fam felsefesine d\u00f6n\u00fc\u015ft\u00fcr\u00fcyor. Hayat\u0131n sundu\u011fu olanaklara ili\u015fkin bir yol haritas\u0131n\u0131n ortaya \u00e7\u0131kt\u0131\u011f\u0131 bu romanda ibret verici insan manzaralar\u0131yla kar\u015f\u0131la\u015facaks\u0131n\u0131z. <\/p>\n","protected":false},"excerpt":{"rendered":"<p>Ya\u015fam\u0131n kerteriz defterinden insanl\u0131k durumlar\u0131&#8230; Toplumsal ya\u015fam\u0131m\u0131zda \u00f6nemli sorunlardan biri de d\u00fcr\u00fcstl\u00fck eksikli\u011fi. Neredeyse herkes kar\u015f\u0131s\u0131ndakini kand\u0131rmaya \u00e7al\u0131\u015f\u0131yor. Lades\u00e7i\u2019nin kahraman\u0131 Cemil Usanmaz da \u00e7ocuklu\u011funda babas\u0131ndan \u00f6\u011frendi\u011fi<span class=\"excerpt-hellip\"> [\u2026]<\/span><\/p>\n","protected":false},"featured_media":0,"template":"","meta":{"_monsterinsights_skip_tracking":false,"_monsterinsights_sitenote_active":false,"_monsterinsights_sitenote_note":"","_monsterinsights_sitenote_category":0},"product_brand":[],"product_cat":[12291,12711],"product_tag":[],"class_list":{"0":"post-782149","1":"product","2":"type-product","3":"status-publish","5":"product_cat-edebiyat","6":"product_cat-roman-oyku","7":"pa_cilt-ciltsiz","8":"pa_tur-kitap","9":"pa_yayinevi-remzi-kitabevi","10":"pa_yazar-ustun-dokmen","12":"first","13":"instock","14":"sale","15":"shipping-taxable","16":"purchasable","17":"product-type-simple"},"_links":{"self":[{"href":"https:\/\/roveyayinevi.com.tr\/index.php\/wp-json\/wp\/v2\/product\/782149","targetHints":{"allow":["GET"]}}],"collection":[{"href":"https:\/\/roveyayinevi.com.tr\/index.php\/wp-json\/wp\/v2\/product"}],"about":[{"href":"https:\/\/roveyayinevi.com.tr\/index.php\/wp-json\/wp\/v2\/types\/product"}],"wp:attachment":[{"href":"https:\/\/roveyayinevi.com.tr\/index.php\/wp-json\/wp\/v2\/media?parent=782149"}],"wp:term":[{"taxonomy":"product_brand","embeddable":true,"href":"https:\/\/roveyayinevi.com.tr\/index.php\/wp-json\/wp\/v2\/product_brand?post=782149"},{"taxonomy":"product_cat","embeddable":true,"href":"https:\/\/roveyayinevi.com.tr\/index.php\/wp-json\/wp\/v2\/product_cat?post=782149"},{"taxonomy":"product_tag","embeddable":true,"href":"https:\/\/roveyayinevi.com.tr\/index.php\/wp-json\/wp\/v2\/product_tag?post=782149"}],"curies":[{"name":"wp","href":"https:\/\/api.w.org\/{rel}","templated":true}]}}