{"id":782145,"date":"2026-02-23T10:27:08","date_gmt":"2026-02-23T07:27:08","guid":{"rendered":"https:\/\/roveyayinevi.com.tr\/index.php\/urun\/therese-raquin-4\/"},"modified":"2026-04-16T02:02:03","modified_gmt":"2026-04-15T23:02:03","slug":"therese-raquin-4","status":"publish","type":"product","link":"https:\/\/roveyayinevi.com.tr\/index.php\/urun\/therese-raquin-4\/","title":{"rendered":"Therese Raquin"},"content":{"rendered":"<p>Do\u011falc\u0131l\u0131k ak\u0131m\u0131n\u0131n \u00f6nderi olan Zola, hayat\u0131 boyunca \u2018Ger\u00e7ek\u2019i bulmay\u0131 kendine ideal edinmi\u015ftir. Bu idealin \u0131\u015f\u0131\u011f\u0131nda, edebiyat d\u00fcnyas\u0131n\u0131n en \u00f6l\u00fcms\u00fcz yap\u0131tlar\u0131n\u0131 vermi\u015ftir. 1867\u2019de yay\u0131nlanan ilk roman\u0131 Th\u00e9r\u00e8se Raquin, yay\u0131nlad\u0131\u011f\u0131 y\u0131l epey g\u00fcr\u00fclt\u00fcye neden olmu\u015f; olaylar\u0131 inceleyi\u015f tarz\u0131 rahats\u0131z edici bulunmu\u015f, \u00f6fkeyle kar\u015f\u0131lanm\u0131\u015ft\u0131r. Aldatma, cinayet, vicdan azab\u0131 gibi, hi\u00e7 eskimeyecek durumlar\u0131n i\u015flendi\u011fi bu roman, klasik edebiyat\u0131n b\u00fcy\u00fcleyici ve yal\u0131n \u00f6rneklerinin en karakteristik olaylar\u0131ndan biridir.<\/p>\n","protected":false},"excerpt":{"rendered":"<p>Do\u011falc\u0131l\u0131k ak\u0131m\u0131n\u0131n \u00f6nderi olan Zola, hayat\u0131 boyunca \u2018Ger\u00e7ek\u2019i bulmay\u0131 kendine ideal edinmi\u015ftir. Bu idealin \u0131\u015f\u0131\u011f\u0131nda, edebiyat d\u00fcnyas\u0131n\u0131n en \u00f6l\u00fcms\u00fcz yap\u0131tlar\u0131n\u0131 vermi\u015ftir. 1867\u2019de yay\u0131nlanan ilk roman\u0131 Th\u00e9r\u00e8se<span class=\"excerpt-hellip\"> [\u2026]<\/span><\/p>\n","protected":false},"featured_media":0,"template":"","meta":{"_monsterinsights_skip_tracking":false,"_monsterinsights_sitenote_active":false,"_monsterinsights_sitenote_note":"","_monsterinsights_sitenote_category":0},"product_brand":[],"product_cat":[12291,13376],"product_tag":[],"class_list":{"0":"post-782145","1":"product","2":"type-product","3":"status-publish","5":"product_cat-edebiyat","6":"product_cat-fransiz-edebiyati","7":"pa_cilt-ciltsiz","8":"pa_tur-kitap","9":"pa_yayinevi-oda-yayinlari","10":"pa_yazar-emile-zola","12":"first","13":"instock","14":"sale","15":"shipping-taxable","16":"purchasable","17":"product-type-simple"},"_links":{"self":[{"href":"https:\/\/roveyayinevi.com.tr\/index.php\/wp-json\/wp\/v2\/product\/782145","targetHints":{"allow":["GET"]}}],"collection":[{"href":"https:\/\/roveyayinevi.com.tr\/index.php\/wp-json\/wp\/v2\/product"}],"about":[{"href":"https:\/\/roveyayinevi.com.tr\/index.php\/wp-json\/wp\/v2\/types\/product"}],"wp:attachment":[{"href":"https:\/\/roveyayinevi.com.tr\/index.php\/wp-json\/wp\/v2\/media?parent=782145"}],"wp:term":[{"taxonomy":"product_brand","embeddable":true,"href":"https:\/\/roveyayinevi.com.tr\/index.php\/wp-json\/wp\/v2\/product_brand?post=782145"},{"taxonomy":"product_cat","embeddable":true,"href":"https:\/\/roveyayinevi.com.tr\/index.php\/wp-json\/wp\/v2\/product_cat?post=782145"},{"taxonomy":"product_tag","embeddable":true,"href":"https:\/\/roveyayinevi.com.tr\/index.php\/wp-json\/wp\/v2\/product_tag?post=782145"}],"curies":[{"name":"wp","href":"https:\/\/api.w.org\/{rel}","templated":true}]}}