{"id":782143,"date":"2026-02-23T10:26:27","date_gmt":"2026-02-23T07:26:27","guid":{"rendered":"https:\/\/roveyayinevi.com.tr\/index.php\/urun\/karizma-miti\/"},"modified":"2026-03-23T02:00:47","modified_gmt":"2026-03-22T23:00:47","slug":"karizma-miti","status":"publish","type":"product","link":"https:\/\/roveyayinevi.com.tr\/index.php\/urun\/karizma-miti\/","title":{"rendered":"Karizma Miti"},"content":{"rendered":"<p>Karizma Miti  \u2013 Ki\u015fisel \u00c7ekimin Ustas\u0131 Olmak   \u201cKarizma bir arma\u011fan de\u011fildir, bir ara\u00e7t\u0131r. Cabane bu kitapla b\u00fcy\u00fck bir vaatte bulunuyor ve s\u00f6z\u00fcnde duruyor.\u201d  \u2013 Seth Godin   \u201cOlivia Fox Cabane, bilimsel veriler \u0131\u015f\u0131\u011f\u0131nda karizmay\u0131 a\u00e7\u0131kl\u0131\u011fa kavu\u015fturuyor. Bu kitap bizlere liderli\u011fin karizma yard\u0131m\u0131yla bilin\u00e7li bir \u015fekilde geli\u015ftirilmesi gerektii\u011fini, dikkatli bir \u00e7al\u0131\u015fma ile asl\u0131nda nas\u0131l da art\u0131r\u0131labilece\u011fini g\u00f6steriyor.\u201d -Evan Wittenberg, Chief Talent Officer, Hewlett-Packard   Bilindik karizma tan\u0131m\u0131na g\u00f6re, karizmaya ya do\u011fu\u015ftan sahip olursunuz ya da hi\u00e7bir zaman sahip olamazs\u0131n\u0131z. Bu basit tan\u0131m Olivia Fox Cabane\u2019nin \u00e7\u0131\u011f\u0131r a\u00e7an kitab\u0131na g\u00f6re do\u011fru de\u011fil. Karizmatik davran\u0131\u015flar \u00f6\u011frenilebilir ve herkes taraf\u0131ndan m\u00fckemmelle\u015ftirilebilir.   Cabane, ba\u015flang\u0131\u00e7ta Harvard ve MIT i\u00e7in teknikler geli\u015ftirirken karizman\u0131n s\u0131rlar\u0131n\u0131, nas\u0131l \u00e7al\u0131\u015ft\u0131\u011f\u0131n\u0131 ortaya \u00e7\u0131karm\u0131\u015f ve temek bile\u015fenlerinin ne oldu\u011funa dair \u00e7al\u0131\u015fmalar yapm\u0131\u015ft\u0131r. Karizmatik olmak temel ki\u015fili\u011finizin tamamen ba\u015fka bir \u015fekle d\u00f6n\u00fc\u015fmesi demek de\u011fildir; zaten sahip oldu\u011funuz ki\u015fili\u011fe uygun olacak bir dizi belirli uygulamay\u0131 adapte etmektir. <\/p>\n","protected":false},"excerpt":{"rendered":"<p>Karizma Miti \u2013 Ki\u015fisel \u00c7ekimin Ustas\u0131 Olmak \u201cKarizma bir arma\u011fan de\u011fildir, bir ara\u00e7t\u0131r. Cabane bu kitapla b\u00fcy\u00fck bir vaatte bulunuyor ve s\u00f6z\u00fcnde duruyor.\u201d \u2013 Seth Godin<span class=\"excerpt-hellip\"> [\u2026]<\/span><\/p>\n","protected":false},"featured_media":0,"template":"","meta":{"_monsterinsights_skip_tracking":false,"_monsterinsights_sitenote_active":false,"_monsterinsights_sitenote_note":"","_monsterinsights_sitenote_category":0},"product_brand":[],"product_cat":[12364,12376],"product_tag":[],"class_list":{"0":"post-782143","1":"product","2":"type-product","3":"status-publish","5":"product_cat-genel-konular","6":"product_cat-kisisel-gelisim","7":"pa_cilt-ciltsiz","8":"pa_tur-kitap","9":"pa_yayinevi-okuyan-us-yayin","10":"pa_yazar-olivia-fox-cabane","12":"first","13":"instock","14":"sale","15":"shipping-taxable","16":"purchasable","17":"product-type-simple"},"_links":{"self":[{"href":"https:\/\/roveyayinevi.com.tr\/index.php\/wp-json\/wp\/v2\/product\/782143","targetHints":{"allow":["GET"]}}],"collection":[{"href":"https:\/\/roveyayinevi.com.tr\/index.php\/wp-json\/wp\/v2\/product"}],"about":[{"href":"https:\/\/roveyayinevi.com.tr\/index.php\/wp-json\/wp\/v2\/types\/product"}],"wp:attachment":[{"href":"https:\/\/roveyayinevi.com.tr\/index.php\/wp-json\/wp\/v2\/media?parent=782143"}],"wp:term":[{"taxonomy":"product_brand","embeddable":true,"href":"https:\/\/roveyayinevi.com.tr\/index.php\/wp-json\/wp\/v2\/product_brand?post=782143"},{"taxonomy":"product_cat","embeddable":true,"href":"https:\/\/roveyayinevi.com.tr\/index.php\/wp-json\/wp\/v2\/product_cat?post=782143"},{"taxonomy":"product_tag","embeddable":true,"href":"https:\/\/roveyayinevi.com.tr\/index.php\/wp-json\/wp\/v2\/product_tag?post=782143"}],"curies":[{"name":"wp","href":"https:\/\/api.w.org\/{rel}","templated":true}]}}