{"id":782142,"date":"2026-02-23T10:26:23","date_gmt":"2026-02-23T07:26:23","guid":{"rendered":"https:\/\/roveyayinevi.com.tr\/index.php\/urun\/marifetler\/"},"modified":"2026-04-16T02:00:51","modified_gmt":"2026-04-15T23:00:51","slug":"marifetler","status":"publish","type":"product","link":"https:\/\/roveyayinevi.com.tr\/index.php\/urun\/marifetler\/","title":{"rendered":"Marifetler"},"content":{"rendered":"<p>E\u011fer sava\u015fmazsan ele ge\u00e7irilirsin, soyun sona erer. Marifetler bu i\u015fe yarar, verdi\u011fi g\u00fc\u00e7ler sayesinde.. insan arazisini koruyabilir, soyunu temiz tutabilir. E\u011fer kendini koruyamazsan, marifetini kaybedersin. Ba\u015fka soylar bize bask\u0131n \u00e7\u0131kar, s\u0131radan insanlar.. Oval\u0131lar\u0131n hi\u00e7 de tekin bulmad\u0131klar\u0131 da\u011flarda ya\u015fayabilmek i\u00e7in herkesin bir marifetinin olmas\u0131 gerek. Elbette her marifetin bir bedeli var. Bedel \u00f6dendik\u00e7e bu b\u00f6yle s\u00fcrer gider. Marifetler babadan o\u011fula, anadan k\u0131za ge\u00e7er. Ta ki birileri \u00e7\u0131k\u0131p bu t\u00f6reyi kabullenmemeyi g\u00f6ze alana kadar. H\u00fckmedemeyece\u011finden korktu\u011fu marifetini kullanmamak i\u00e7in g\u00f6zlerini m\u00fch\u00fcrleten Orrec ile marifetini k\u00f6t\u00fcye kullanmay\u0131 reddeden \u00f6zg\u00fcr ruhlu Gry.. Babalar\u0131n\u0131n o\u011flu, annelerinin k\u0131z\u0131 de\u011fil de kendi ba\u015flar\u0131na olmay\u0131 isteyen \u00e7ocuklar\u0131n hik\u00e2yesini anlat\u0131yor Le Guin bu kez. \ufffcTan\u0131t\u0131m Metni<\/p>\n","protected":false},"excerpt":{"rendered":"<p>E\u011fer sava\u015fmazsan ele ge\u00e7irilirsin, soyun sona erer. Marifetler bu i\u015fe yarar, verdi\u011fi g\u00fc\u00e7ler sayesinde.. insan arazisini koruyabilir, soyunu temiz tutabilir. E\u011fer kendini koruyamazsan, marifetini kaybedersin. Ba\u015fka<span class=\"excerpt-hellip\"> [\u2026]<\/span><\/p>\n","protected":false},"featured_media":0,"template":"","meta":{"_monsterinsights_skip_tracking":false,"_monsterinsights_sitenote_active":false,"_monsterinsights_sitenote_note":"","_monsterinsights_sitenote_category":0},"product_brand":[],"product_cat":[12891,12291],"product_tag":[],"class_list":{"0":"post-782142","1":"product","2":"type-product","3":"status-publish","5":"product_cat-amerikan-edebiyati","6":"product_cat-edebiyat","7":"pa_cilt-ciltsiz","8":"pa_tur-kitap","9":"pa_yayinevi-metis-yayinlari","10":"pa_yazar-ursula-k-le-guin","12":"first","13":"instock","14":"sale","15":"shipping-taxable","16":"purchasable","17":"product-type-simple"},"_links":{"self":[{"href":"https:\/\/roveyayinevi.com.tr\/index.php\/wp-json\/wp\/v2\/product\/782142","targetHints":{"allow":["GET"]}}],"collection":[{"href":"https:\/\/roveyayinevi.com.tr\/index.php\/wp-json\/wp\/v2\/product"}],"about":[{"href":"https:\/\/roveyayinevi.com.tr\/index.php\/wp-json\/wp\/v2\/types\/product"}],"wp:attachment":[{"href":"https:\/\/roveyayinevi.com.tr\/index.php\/wp-json\/wp\/v2\/media?parent=782142"}],"wp:term":[{"taxonomy":"product_brand","embeddable":true,"href":"https:\/\/roveyayinevi.com.tr\/index.php\/wp-json\/wp\/v2\/product_brand?post=782142"},{"taxonomy":"product_cat","embeddable":true,"href":"https:\/\/roveyayinevi.com.tr\/index.php\/wp-json\/wp\/v2\/product_cat?post=782142"},{"taxonomy":"product_tag","embeddable":true,"href":"https:\/\/roveyayinevi.com.tr\/index.php\/wp-json\/wp\/v2\/product_tag?post=782142"}],"curies":[{"name":"wp","href":"https:\/\/api.w.org\/{rel}","templated":true}]}}