{"id":782141,"date":"2026-02-23T10:26:19","date_gmt":"2026-02-23T07:26:19","guid":{"rendered":"https:\/\/roveyayinevi.com.tr\/index.php\/urun\/is-dunyasinda-zirveye-giden-yol\/"},"modified":"2026-04-16T02:00:50","modified_gmt":"2026-04-15T23:00:50","slug":"is-dunyasinda-zirveye-giden-yol","status":"publish","type":"product","link":"https:\/\/roveyayinevi.com.tr\/index.php\/urun\/is-dunyasinda-zirveye-giden-yol\/","title":{"rendered":"\u0130\u015f D\u00fcnyas\u0131nda Zirveye Giden Yol"},"content":{"rendered":"<p>\u201cBir sonraki a\u015famaya ge\u00e7mek\u201dve \u00e7ok daha ba\u015far\u0131l\u0131 olmak isteyen b\u00fct\u00fcn ba\u015far\u0131l\u0131 liderlere\u2026 \u201cNe mutlu ki onlara, onlar, kendi yanl\u0131\u015flar\u0131n\u0131 g\u00f6r\u00fcrler ve d\u00fczeltmeye \u00e7al\u0131\u015f\u0131rlar.\u201d <\/p>\n","protected":false},"excerpt":{"rendered":"<p>\u201cBir sonraki a\u015famaya ge\u00e7mek\u201dve \u00e7ok daha ba\u015far\u0131l\u0131 olmak isteyen b\u00fct\u00fcn ba\u015far\u0131l\u0131 liderlere\u2026 \u201cNe mutlu ki onlara, onlar, kendi yanl\u0131\u015flar\u0131n\u0131 g\u00f6r\u00fcrler ve d\u00fczeltmeye \u00e7al\u0131\u015f\u0131rlar.\u201d<\/p>\n","protected":false},"featured_media":0,"template":"","meta":{"_monsterinsights_skip_tracking":false,"_monsterinsights_sitenote_active":false,"_monsterinsights_sitenote_note":"","_monsterinsights_sitenote_category":0},"product_brand":[],"product_cat":[13043,14754],"product_tag":[],"class_list":{"0":"post-782141","1":"product","2":"type-product","3":"status-publish","5":"product_cat-ekonomi","6":"product_cat-halkla-iliskiler-insan-kaynaklari","7":"pa_cilt-ciltsiz","8":"pa_tur-kitap","9":"pa_yayinevi-mediacat-kitaplari","10":"pa_yazar-marshall-goldsmith","12":"first","13":"instock","14":"sale","15":"shipping-taxable","16":"purchasable","17":"product-type-simple"},"_links":{"self":[{"href":"https:\/\/roveyayinevi.com.tr\/index.php\/wp-json\/wp\/v2\/product\/782141","targetHints":{"allow":["GET"]}}],"collection":[{"href":"https:\/\/roveyayinevi.com.tr\/index.php\/wp-json\/wp\/v2\/product"}],"about":[{"href":"https:\/\/roveyayinevi.com.tr\/index.php\/wp-json\/wp\/v2\/types\/product"}],"wp:attachment":[{"href":"https:\/\/roveyayinevi.com.tr\/index.php\/wp-json\/wp\/v2\/media?parent=782141"}],"wp:term":[{"taxonomy":"product_brand","embeddable":true,"href":"https:\/\/roveyayinevi.com.tr\/index.php\/wp-json\/wp\/v2\/product_brand?post=782141"},{"taxonomy":"product_cat","embeddable":true,"href":"https:\/\/roveyayinevi.com.tr\/index.php\/wp-json\/wp\/v2\/product_cat?post=782141"},{"taxonomy":"product_tag","embeddable":true,"href":"https:\/\/roveyayinevi.com.tr\/index.php\/wp-json\/wp\/v2\/product_tag?post=782141"}],"curies":[{"name":"wp","href":"https:\/\/api.w.org\/{rel}","templated":true}]}}