{"id":782140,"date":"2026-02-23T10:26:16","date_gmt":"2026-02-23T07:26:16","guid":{"rendered":"https:\/\/roveyayinevi.com.tr\/index.php\/urun\/cizgisel-olmayan-tarih\/"},"modified":"2026-04-16T02:00:50","modified_gmt":"2026-04-15T23:00:50","slug":"cizgisel-olmayan-tarih","status":"publish","type":"product","link":"https:\/\/roveyayinevi.com.tr\/index.php\/urun\/cizgisel-olmayan-tarih\/","title":{"rendered":"\u00c7izgisel Olmayan Tarih"},"content":{"rendered":"<p>Meksikal\u0131 yazar, sanat\u00e7\u0131, filozof ve bilim yazar\u0131 Manuel De Landa, g\u00fcn\u00fcm\u00fcz\u00fcn en ilgin\u00e7, en yarat\u0131c\u0131 d\u00fc\u015f\u00fcn\u00fcrlerinden biri. \u00c7izgisel Olmayan Tarih\u2019in iddial\u0131 bir projesi var: \u0130nsanl\u0131k tarihinin \u00e7ok \u00f6nemli bir kesidini, enerji ak\u0131\u015flar\u0131n\u0131n, kayalar\u0131n ve mikroorganizmalar\u0131n tarihiyle i\u00e7 i\u00e7e anlatmak. Bu projeyi ger\u00e7ekle\u015ftirirken, modern do\u011fa bilimlerindeki -\u00e7izgisel olmayan dinamikler, kendi kendine \u00f6rg\u00fctlenme teorileri, yapay ya\u015fam ve yapay zeka, kaos teorisi gibi &#8211; yeni yakla\u015f\u0131mlardan, Deleuze felsefesinden ve Braudel tarih\u00e7ili\u011finden beslenen yazar, bu \u00e7abalar\u0131yla bir yeni materyalizm anlay\u0131\u015f\u0131n\u0131n \u00f6nc\u00fc ismi haline geldi.\ufffcTan\u0131t\u0131m Metni<\/p>\n","protected":false},"excerpt":{"rendered":"<p>Meksikal\u0131 yazar, sanat\u00e7\u0131, filozof ve bilim yazar\u0131 Manuel De Landa, g\u00fcn\u00fcm\u00fcz\u00fcn en ilgin\u00e7, en yarat\u0131c\u0131 d\u00fc\u015f\u00fcn\u00fcrlerinden biri. \u00c7izgisel Olmayan Tarih\u2019in iddial\u0131 bir projesi var: \u0130nsanl\u0131k tarihinin<span class=\"excerpt-hellip\"> [\u2026]<\/span><\/p>\n","protected":false},"featured_media":0,"template":"","meta":{"_monsterinsights_skip_tracking":false,"_monsterinsights_sitenote_active":false,"_monsterinsights_sitenote_note":"","_monsterinsights_sitenote_category":0},"product_brand":[],"product_cat":[12305,12304],"product_tag":[],"class_list":{"0":"post-782140","1":"product","2":"type-product","3":"status-publish","5":"product_cat-dunya-tarihi","6":"product_cat-tarih","7":"pa_cilt-ciltsiz","8":"pa_tur-kitap","9":"pa_yayinevi-metis-yayinlari","10":"pa_yazar-manuel-de-landa","12":"first","13":"instock","14":"sale","15":"shipping-taxable","16":"purchasable","17":"product-type-simple"},"_links":{"self":[{"href":"https:\/\/roveyayinevi.com.tr\/index.php\/wp-json\/wp\/v2\/product\/782140","targetHints":{"allow":["GET"]}}],"collection":[{"href":"https:\/\/roveyayinevi.com.tr\/index.php\/wp-json\/wp\/v2\/product"}],"about":[{"href":"https:\/\/roveyayinevi.com.tr\/index.php\/wp-json\/wp\/v2\/types\/product"}],"wp:attachment":[{"href":"https:\/\/roveyayinevi.com.tr\/index.php\/wp-json\/wp\/v2\/media?parent=782140"}],"wp:term":[{"taxonomy":"product_brand","embeddable":true,"href":"https:\/\/roveyayinevi.com.tr\/index.php\/wp-json\/wp\/v2\/product_brand?post=782140"},{"taxonomy":"product_cat","embeddable":true,"href":"https:\/\/roveyayinevi.com.tr\/index.php\/wp-json\/wp\/v2\/product_cat?post=782140"},{"taxonomy":"product_tag","embeddable":true,"href":"https:\/\/roveyayinevi.com.tr\/index.php\/wp-json\/wp\/v2\/product_tag?post=782140"}],"curies":[{"name":"wp","href":"https:\/\/api.w.org\/{rel}","templated":true}]}}