{"id":782139,"date":"2026-02-23T10:26:13","date_gmt":"2026-02-23T07:26:13","guid":{"rendered":"https:\/\/roveyayinevi.com.tr\/index.php\/urun\/metis-kucuk-filozoflar-serisi-07-paul-ricoeurun-baykusu\/"},"modified":"2026-04-16T02:00:49","modified_gmt":"2026-04-15T23:00:49","slug":"metis-kucuk-filozoflar-serisi-07-paul-ricoeurun-baykusu","status":"publish","type":"product","link":"https:\/\/roveyayinevi.com.tr\/index.php\/urun\/metis-kucuk-filozoflar-serisi-07-paul-ricoeurun-baykusu\/","title":{"rendered":"Metis K\u00fc\u00e7\u00fck Filozoflar Serisi 07 &#8211; Paul Ricoeur&#8217;\u00fcn Bayku\u015fu"},"content":{"rendered":"<p>K\u00fc\u00e7\u00fck Filozoflar Dizisi, 8-12 ya\u015f \u00e7ocuklar\u0131 i\u00e7in filozoflar\u0131n hik\u00e2yelerini anlatan \u00e7ok g\u00fczel resimlenmi\u015f kitaplardan olu\u015fuyor. Diziyle \u00e7ocuklar\u0131n felsefeye zevkli bir giri\u015f yapmalar\u0131n\u0131, kendi sorular\u0131n\u0131n pe\u015finden gitme al\u0131\u015fkanl\u0131\u011f\u0131 kazanmalar\u0131n\u0131 ama\u00e7l\u0131yoruz. Paul Ricoeur&#8217;\u00fcn Bayku\u015fu, K\u00fc\u00e7\u00fck Filozoflar dizisinin yedinci kitab\u0131. Ak\u015fam \u00e7\u00f6km\u00fc\u015f, kitaplar\u0131 ve an\u0131lar\u0131yla ba\u015f ba\u015fa olan filozof Paul Ricoeur, \u00e7al\u0131\u015fmaya devam ediyor. Zaman\u0131n\u0131n d\u00fc\u015f\u00fcn\u00fcrlerine sorular sormak i\u00e7in d\u00fcnyan\u0131n d\u00f6rt bir yan\u0131n\u0131 dola\u015fm\u0131\u015ft\u0131. \u015eimdiyse omuzuna t\u00fcnemi\u015f bayku\u015fuyla birlikte filozofumuz yeni bir yolun ba\u015flang\u0131c\u0131nda: \u0130nsan\u0131n kendisini kabullenmesinin, kendine Evet demesinin yolu nedir?<\/p>\n","protected":false},"excerpt":{"rendered":"<p>K\u00fc\u00e7\u00fck Filozoflar Dizisi, 8-12 ya\u015f \u00e7ocuklar\u0131 i\u00e7in filozoflar\u0131n hik\u00e2yelerini anlatan \u00e7ok g\u00fczel resimlenmi\u015f kitaplardan olu\u015fuyor. Diziyle \u00e7ocuklar\u0131n felsefeye zevkli bir giri\u015f yapmalar\u0131n\u0131, kendi sorular\u0131n\u0131n pe\u015finden gitme<span class=\"excerpt-hellip\"> [\u2026]<\/span><\/p>\n","protected":false},"featured_media":0,"template":"","meta":{"_monsterinsights_skip_tracking":false,"_monsterinsights_sitenote_active":false,"_monsterinsights_sitenote_note":"","_monsterinsights_sitenote_category":0},"product_brand":[],"product_cat":[12312,12304],"product_tag":[],"class_list":{"0":"post-782139","1":"product","2":"type-product","3":"status-publish","5":"product_cat-diger","6":"product_cat-tarih","7":"pa_cilt-ciltsiz","8":"pa_tur-kitap","9":"pa_yayinevi-metis-yayinlari","10":"pa_yazar-olivier-abel","12":"first","13":"instock","14":"sale","15":"shipping-taxable","16":"purchasable","17":"product-type-simple"},"_links":{"self":[{"href":"https:\/\/roveyayinevi.com.tr\/index.php\/wp-json\/wp\/v2\/product\/782139","targetHints":{"allow":["GET"]}}],"collection":[{"href":"https:\/\/roveyayinevi.com.tr\/index.php\/wp-json\/wp\/v2\/product"}],"about":[{"href":"https:\/\/roveyayinevi.com.tr\/index.php\/wp-json\/wp\/v2\/types\/product"}],"wp:attachment":[{"href":"https:\/\/roveyayinevi.com.tr\/index.php\/wp-json\/wp\/v2\/media?parent=782139"}],"wp:term":[{"taxonomy":"product_brand","embeddable":true,"href":"https:\/\/roveyayinevi.com.tr\/index.php\/wp-json\/wp\/v2\/product_brand?post=782139"},{"taxonomy":"product_cat","embeddable":true,"href":"https:\/\/roveyayinevi.com.tr\/index.php\/wp-json\/wp\/v2\/product_cat?post=782139"},{"taxonomy":"product_tag","embeddable":true,"href":"https:\/\/roveyayinevi.com.tr\/index.php\/wp-json\/wp\/v2\/product_tag?post=782139"}],"curies":[{"name":"wp","href":"https:\/\/api.w.org\/{rel}","templated":true}]}}