{"id":782138,"date":"2026-02-23T10:26:11","date_gmt":"2026-02-23T07:26:11","guid":{"rendered":"https:\/\/roveyayinevi.com.tr\/index.php\/urun\/derin-hizbullah-islamci-siddetin-gelecegi\/"},"modified":"2026-04-16T02:00:49","modified_gmt":"2026-04-15T23:00:49","slug":"derin-hizbullah-islamci-siddetin-gelecegi","status":"publish","type":"product","link":"https:\/\/roveyayinevi.com.tr\/index.php\/urun\/derin-hizbullah-islamci-siddetin-gelecegi\/","title":{"rendered":"Derin Hizbullah :\u0130slamc\u0131 \u015eiddetin Gelece\u011fi"},"content":{"rendered":"<p>17 Ocak 2000 tarihinde \u0130stanbul Beykoz\u2019da yap\u0131lan Hizbullah operasyonu televizyonlardan canl\u0131 olarak yay\u0131nlanm\u0131\u015ft\u0131. Kaz\u0131lan her mezar ev, bulunan her ceset, domuz ba\u011flar\u0131, i\u015fkenceli sorgu kasetleri, Hizbullah\u2019\u0131 T\u00fcrkiye g\u00fcndeminin ilk s\u0131ras\u0131na yerle\u015ftirdi. Bir y\u0131l sonra, 24 Ocak 2001 tarihinde Diyarbak\u0131r\u2019da, ilin Emniyet M\u00fcd\u00fcr\u00fc Gaffar Okkan ve be\u015f meslekta\u015f\u0131 ayn\u0131 \u00f6rg\u00fct taraf\u0131ndan \u00f6ld\u00fcr\u00fcld\u00fc. Bu suikast, \u00f6rg\u00fct\u00fcn belini k\u0131rd\u0131klar\u0131n\u0131 iddia eden yetkililere \u00e7ok sert bir tekzip oldu; ayn\u0131 zamanda Hizbullah hakk\u0131ndaki senaryolar\u0131n daha da art\u0131p karma\u015f\u0131kla\u015fmas\u0131na yol a\u00e7t\u0131. <\/p>\n","protected":false},"excerpt":{"rendered":"<p>17 Ocak 2000 tarihinde \u0130stanbul Beykoz\u2019da yap\u0131lan Hizbullah operasyonu televizyonlardan canl\u0131 olarak yay\u0131nlanm\u0131\u015ft\u0131. Kaz\u0131lan her mezar ev, bulunan her ceset, domuz ba\u011flar\u0131, i\u015fkenceli sorgu kasetleri, Hizbullah\u2019\u0131<span class=\"excerpt-hellip\"> [\u2026]<\/span><\/p>\n","protected":false},"featured_media":0,"template":"","meta":{"_monsterinsights_skip_tracking":false,"_monsterinsights_sitenote_active":false,"_monsterinsights_sitenote_note":"","_monsterinsights_sitenote_category":0},"product_brand":[],"product_cat":[12718,12719],"product_tag":[],"class_list":{"0":"post-782138","1":"product","2":"type-product","3":"status-publish","5":"product_cat-din","6":"product_cat-islam","7":"pa_cilt-ciltsiz","8":"pa_tur-kitap","9":"pa_yayinevi-metis-yayinlari","10":"pa_yazar-rusen-cakir","12":"first","13":"instock","14":"sale","15":"shipping-taxable","16":"purchasable","17":"product-type-simple"},"_links":{"self":[{"href":"https:\/\/roveyayinevi.com.tr\/index.php\/wp-json\/wp\/v2\/product\/782138","targetHints":{"allow":["GET"]}}],"collection":[{"href":"https:\/\/roveyayinevi.com.tr\/index.php\/wp-json\/wp\/v2\/product"}],"about":[{"href":"https:\/\/roveyayinevi.com.tr\/index.php\/wp-json\/wp\/v2\/types\/product"}],"wp:attachment":[{"href":"https:\/\/roveyayinevi.com.tr\/index.php\/wp-json\/wp\/v2\/media?parent=782138"}],"wp:term":[{"taxonomy":"product_brand","embeddable":true,"href":"https:\/\/roveyayinevi.com.tr\/index.php\/wp-json\/wp\/v2\/product_brand?post=782138"},{"taxonomy":"product_cat","embeddable":true,"href":"https:\/\/roveyayinevi.com.tr\/index.php\/wp-json\/wp\/v2\/product_cat?post=782138"},{"taxonomy":"product_tag","embeddable":true,"href":"https:\/\/roveyayinevi.com.tr\/index.php\/wp-json\/wp\/v2\/product_tag?post=782138"}],"curies":[{"name":"wp","href":"https:\/\/api.w.org\/{rel}","templated":true}]}}