{"id":782135,"date":"2026-02-23T10:24:31","date_gmt":"2026-02-23T07:24:31","guid":{"rendered":"https:\/\/roveyayinevi.com.tr\/index.php\/urun\/bilimsel-devrimlerin-yapisi-2\/"},"modified":"2026-03-03T02:02:15","modified_gmt":"2026-03-02T23:02:15","slug":"bilimsel-devrimlerin-yapisi-2","status":"publish","type":"product","link":"https:\/\/roveyayinevi.com.tr\/index.php\/urun\/bilimsel-devrimlerin-yapisi-2\/","title":{"rendered":"Bilimsel Devrimlerin Yap\u0131s\u0131"},"content":{"rendered":"<p>Bilimsel bulu\u015flar\u0131n mant\u0131ksal yap\u0131s\u0131 nedir? Ne t\u00fcr kurallara ve kavramsal ara\u00e7lara gerek vard\u0131r? Bu ara\u00e7larla \u00fcretilen bilginin s\u00fcrekli ileriye, daha do\u011fru olana gitti\u011fini nereden bilebiliriz? Birbirine z\u0131t bilimsel a\u00e7\u0131klamalar\u0131n hangisinin daha ge\u00e7erli oldu\u011funu belirlemek i\u00e7in ne gibi \u00f6l\u00e7\u00fctlere sahibiz? Daha \u00e7ok bilim felsefesi alan\u0131na giren bu sorulara yan\u0131t ararken zorunlu olarak bilimin tarihsel bir s\u00fcre\u00e7 olarak nas\u0131l geli\u015fti\u011fi ve ne t\u00fcr ko\u015fullarda \u00fcretildi\u011fi sorular\u0131n\u0131n da yan\u0131tlanmas\u0131 gerekir. Kuhn&#8217;un, bilim tarihinin kesintisiz bir bilimsel birikimin sonucu olarak de\u011fil; aksine, bilgiyi b\u00fcy\u00fck kesintilere, hatta kopmalara u\u011fratan devrimci d\u00f6n\u00fc\u015f\u00fcmlerle geli\u015fti\u011fini g\u00f6sterdi\u011fi &#8220;Bilimsel Devrimlerin Yap\u0131s\u0131&#8221;; yay\u0131nland\u0131\u011f\u0131 1962 y\u0131l\u0131nda bilim tarihi, bilim felsefesi ve bilim sosyolojisi alanlar\u0131nda bir bomba etkisi yaratm\u0131\u015f ve o tarihten bu yana \u00e7a\u011fda\u015f bilim ve felsefe d\u00fcnyas\u0131n\u0131n temel klasiklerinden biri olarak kabul edilmeye ba\u015flanm\u0131\u015ft\u0131r. Bat\u0131 d\u00fc\u015f\u00fcnce tarihinin temelinde yatan ampirist bilim gelene\u011fini, bilim tarihindeki b\u00fcy\u00fck d\u00f6n\u00fc\u015f\u00fcm ve devrimleri sorgulayan Kuhn; bilimsel ilerlemenin temel dayana\u011f\u0131 oldu\u011fu iddia edilen ampirist bilgi kuram\u0131n\u0131n bir gere\u011fi olarak bilimin tarihini de kendilerine g\u00f6re yeniden yazanlara kar\u015f\u0131, ayn\u0131 tarihe bakarak bamba\u015fka bir ilerleme yap\u0131s\u0131n\u0131n ve bamba\u015fka felsefi sonu\u00e7lar\u0131n olu\u015fturulabilece\u011fini kan\u0131tlamak \u00e7abas\u0131ndad\u0131r ve &#8220;Bilimsel Devrimlerin Yap\u0131s\u0131&#8221; bu \u00e7aban\u0131n \u00fcr\u00fcn\u00fcd\u00fcr. <\/p>\n","protected":false},"excerpt":{"rendered":"<p>Bilimsel bulu\u015flar\u0131n mant\u0131ksal yap\u0131s\u0131 nedir? Ne t\u00fcr kurallara ve kavramsal ara\u00e7lara gerek vard\u0131r? Bu ara\u00e7larla \u00fcretilen bilginin s\u00fcrekli ileriye, daha do\u011fru olana gitti\u011fini nereden bilebiliriz? Birbirine<span class=\"excerpt-hellip\"> [\u2026]<\/span><\/p>\n","protected":false},"featured_media":0,"template":"","meta":{"_monsterinsights_skip_tracking":false,"_monsterinsights_sitenote_active":false,"_monsterinsights_sitenote_note":"","_monsterinsights_sitenote_category":0},"product_brand":[],"product_cat":[13005,15998],"product_tag":[],"class_list":{"0":"post-782135","1":"product","2":"type-product","3":"status-publish","5":"product_cat-bilim-muhendislik","6":"product_cat-bilim-tarihi","7":"pa_cilt-ciltsiz","8":"pa_tur-kitap","9":"pa_yayinevi-kirmizi-yayinlari","10":"pa_yazar-thomas-s-kuhn","12":"first","13":"instock","14":"sale","15":"shipping-taxable","16":"purchasable","17":"product-type-simple"},"_links":{"self":[{"href":"https:\/\/roveyayinevi.com.tr\/index.php\/wp-json\/wp\/v2\/product\/782135","targetHints":{"allow":["GET"]}}],"collection":[{"href":"https:\/\/roveyayinevi.com.tr\/index.php\/wp-json\/wp\/v2\/product"}],"about":[{"href":"https:\/\/roveyayinevi.com.tr\/index.php\/wp-json\/wp\/v2\/types\/product"}],"wp:attachment":[{"href":"https:\/\/roveyayinevi.com.tr\/index.php\/wp-json\/wp\/v2\/media?parent=782135"}],"wp:term":[{"taxonomy":"product_brand","embeddable":true,"href":"https:\/\/roveyayinevi.com.tr\/index.php\/wp-json\/wp\/v2\/product_brand?post=782135"},{"taxonomy":"product_cat","embeddable":true,"href":"https:\/\/roveyayinevi.com.tr\/index.php\/wp-json\/wp\/v2\/product_cat?post=782135"},{"taxonomy":"product_tag","embeddable":true,"href":"https:\/\/roveyayinevi.com.tr\/index.php\/wp-json\/wp\/v2\/product_tag?post=782135"}],"curies":[{"name":"wp","href":"https:\/\/api.w.org\/{rel}","templated":true}]}}