{"id":782132,"date":"2026-02-23T10:23:59","date_gmt":"2026-02-23T07:23:59","guid":{"rendered":"https:\/\/roveyayinevi.com.tr\/index.php\/urun\/goz-izi\/"},"modified":"2026-03-18T02:03:09","modified_gmt":"2026-03-17T23:03:09","slug":"goz-izi","status":"publish","type":"product","link":"https:\/\/roveyayinevi.com.tr\/index.php\/urun\/goz-izi\/","title":{"rendered":"G\u00f6z \u0130zi"},"content":{"rendered":"<p>\u0130steseydin e\u011fer, bir kere isteseydin, evet bir kez ger\u00e7ekten isteseydin olan olurdu&#8230; Sen hi\u00e7 istemedin ki dostum! \u0130stemek nedir bilmedin ki! Hi\u00e7 tutulmad\u0131n sen! Tutkular\u0131n i\u00e7in \u00f6lmedin ki! \u0130steseydin \u00f6l\u00fcrd\u00fcn, \u00f6lseydin olurdun! Sen hi\u00e7 olmad\u0131n ki! Evet, olmad\u0131n, \u00e7\u00fcnk\u00fc sen hi\u00e7 \u00f6lmedin! \u00d6lecek kadar istemedin, \u00f6l\u00fcm\u00fcn pahas\u0131na istemedin, \u00f6l\u00fcm\u00fcne istemedin! \u0130steseydin \u00f6l\u00fcrd\u00fcn, \u00f6lseydin olurdun. Oysa ne \u00f6ld\u00fcn, ne oldun. \u00c7\u00fcnk\u00fc sen istemedin; \u0130ste\u011fini, \u0130stedi\u011fini asl\u0131nda dile bile getirmedin. \u00d6yle ya, bir kere dile getirseydin, olurdun, bir kez adam gibi akl\u0131ndan ge\u00e7irseydin hemen orda olmu\u015f ve \u00f6lm\u00fc\u015f idin. Sen hi\u00e7 istemedin ki dostum! \u0130stemesini bilemedin, istemek nedir bilemedin! \u00c7\u00fcnk\u00fc sen ol deyince olduran\u0131 hi\u00e7 tan\u0131mad\u0131n! \ufffcTan\u0131t\u0131m Metni<\/p>\n","protected":false},"excerpt":{"rendered":"<p>\u0130steseydin e\u011fer, bir kere isteseydin, evet bir kez ger\u00e7ekten isteseydin olan olurdu&#8230; Sen hi\u00e7 istemedin ki dostum! \u0130stemek nedir bilmedin ki! Hi\u00e7 tutulmad\u0131n sen! Tutkular\u0131n i\u00e7in<span class=\"excerpt-hellip\"> [\u2026]<\/span><\/p>\n","protected":false},"featured_media":0,"template":"","meta":{"_monsterinsights_skip_tracking":false,"_monsterinsights_sitenote_active":false,"_monsterinsights_sitenote_note":"","_monsterinsights_sitenote_category":0},"product_brand":[],"product_cat":[12777,12291],"product_tag":[],"class_list":{"0":"post-782132","1":"product","2":"type-product","3":"status-publish","5":"product_cat-deneme","6":"product_cat-edebiyat","7":"pa_cilt-ciltsiz","8":"pa_tur-kitap","9":"pa_yayinevi-kapi-yayinlari","10":"pa_yazar-ducane-cundioglu","12":"first","13":"instock","14":"sale","15":"shipping-taxable","16":"purchasable","17":"product-type-simple"},"_links":{"self":[{"href":"https:\/\/roveyayinevi.com.tr\/index.php\/wp-json\/wp\/v2\/product\/782132","targetHints":{"allow":["GET"]}}],"collection":[{"href":"https:\/\/roveyayinevi.com.tr\/index.php\/wp-json\/wp\/v2\/product"}],"about":[{"href":"https:\/\/roveyayinevi.com.tr\/index.php\/wp-json\/wp\/v2\/types\/product"}],"wp:attachment":[{"href":"https:\/\/roveyayinevi.com.tr\/index.php\/wp-json\/wp\/v2\/media?parent=782132"}],"wp:term":[{"taxonomy":"product_brand","embeddable":true,"href":"https:\/\/roveyayinevi.com.tr\/index.php\/wp-json\/wp\/v2\/product_brand?post=782132"},{"taxonomy":"product_cat","embeddable":true,"href":"https:\/\/roveyayinevi.com.tr\/index.php\/wp-json\/wp\/v2\/product_cat?post=782132"},{"taxonomy":"product_tag","embeddable":true,"href":"https:\/\/roveyayinevi.com.tr\/index.php\/wp-json\/wp\/v2\/product_tag?post=782132"}],"curies":[{"name":"wp","href":"https:\/\/api.w.org\/{rel}","templated":true}]}}