{"id":782130,"date":"2026-02-23T10:23:52","date_gmt":"2026-02-23T07:23:52","guid":{"rendered":"https:\/\/roveyayinevi.com.tr\/index.php\/urun\/hic-yoktan-bir-evren-2\/"},"modified":"2026-03-16T11:47:36","modified_gmt":"2026-03-16T08:47:36","slug":"hic-yoktan-bir-evren-2","status":"publish","type":"product","link":"https:\/\/roveyayinevi.com.tr\/index.php\/urun\/hic-yoktan-bir-evren-2\/","title":{"rendered":"Hi\u00e7 Yoktan Bir Evren"},"content":{"rendered":"<p>Darwin\u2019den bug\u00fcne yaz\u0131lm\u0131\u015f en \u00f6nemli bilimsel kitap. T\u00fcrlerin K\u00f6keni\u2019nin do\u011fa\u00fcst\u00fcc\u00fcl\u00fc\u011fe indirdi\u011fi \u00f6l\u00fcmc\u00fcl darbeyi, Hi\u00e7 Yoktan Bir Evren kozmoloji alan\u0131nda yap\u0131yor.- Richard DawkinsFizik sevip de anlamayanlara fizi\u011fin geldi\u011fi son noktay\u0131 anlatan nefis bir kitap.- Ay\u00e7a \u015eenSon y\u0131llarda bir dizi parlak kavray\u0131\u015f ve hayret verici ke\u015fif evreni sarst\u0131, Lawrence Krauss da b\u00fct\u00fcn bu geli\u015fmelerin g\u00f6be\u011findeydi. Krauss her zamanki canl\u0131l\u0131\u011f\u0131yla, bu dikkat \u00e7ekici hikayeyi dikkat \u00e7ekici derecede anla\u015f\u0131l\u0131r k\u0131lm\u0131\u015f. Zirveye t\u0131rmand\u0131\u011f\u0131n\u0131z noktada varolu\u015fun b\u00fcy\u00fck sorusuna, \u201cNeden hi\u00e7bir \u015fey olmayaca\u011f\u0131na bir \u015fey var?\u201d sorusuna verilmi\u015f cesur bir bilimsel cevapla kar\u015f\u0131la\u015facaks\u0131n\u0131z.- Frank WilczekFizikte gelinen son noktaya dair m\u00fckemmel bir k\u0131lavuz. Ayr\u0131nt\u0131l\u0131 ama a\u00e7\u0131k bir dille kaleme al\u0131nm\u0131\u015f, titiz ama s\u0131k\u0131c\u0131 de\u011fil. Krauss\u2019un gayet g\u00fczel a\u00e7\u0131klad\u0131\u011f\u0131 \u00fczere uzay ve zaman ger\u00e7ekten de hi\u00e7bir \u015feyden, hi\u00e7likten do\u011fmu\u015f olabilir. Muhte\u015fem bir kitap.- New Scientist <\/p>\n","protected":false},"excerpt":{"rendered":"<p>Darwin\u2019den bug\u00fcne yaz\u0131lm\u0131\u015f en \u00f6nemli bilimsel kitap. T\u00fcrlerin K\u00f6keni\u2019nin do\u011fa\u00fcst\u00fcc\u00fcl\u00fc\u011fe indirdi\u011fi \u00f6l\u00fcmc\u00fcl darbeyi, Hi\u00e7 Yoktan Bir Evren kozmoloji alan\u0131nda yap\u0131yor.- Richard DawkinsFizik sevip de anlamayanlara fizi\u011fin<span class=\"excerpt-hellip\"> [\u2026]<\/span><\/p>\n","protected":false},"featured_media":0,"template":"","meta":{"_monsterinsights_skip_tracking":false,"_monsterinsights_sitenote_active":false,"_monsterinsights_sitenote_note":"","_monsterinsights_sitenote_category":0},"product_brand":[],"product_cat":[13005,13006],"product_tag":[],"class_list":{"0":"post-782130","1":"product","2":"type-product","3":"status-publish","5":"product_cat-bilim-muhendislik","6":"product_cat-populer-bilim","7":"pa_cilt-ciltsiz","8":"pa_tur-kitap","9":"pa_yayinevi-aylak-kitap","10":"pa_yazar-lawrence-m-krauss","12":"first","13":"instock","14":"sale","15":"shipping-taxable","16":"purchasable","17":"product-type-simple"},"_links":{"self":[{"href":"https:\/\/roveyayinevi.com.tr\/index.php\/wp-json\/wp\/v2\/product\/782130","targetHints":{"allow":["GET"]}}],"collection":[{"href":"https:\/\/roveyayinevi.com.tr\/index.php\/wp-json\/wp\/v2\/product"}],"about":[{"href":"https:\/\/roveyayinevi.com.tr\/index.php\/wp-json\/wp\/v2\/types\/product"}],"wp:attachment":[{"href":"https:\/\/roveyayinevi.com.tr\/index.php\/wp-json\/wp\/v2\/media?parent=782130"}],"wp:term":[{"taxonomy":"product_brand","embeddable":true,"href":"https:\/\/roveyayinevi.com.tr\/index.php\/wp-json\/wp\/v2\/product_brand?post=782130"},{"taxonomy":"product_cat","embeddable":true,"href":"https:\/\/roveyayinevi.com.tr\/index.php\/wp-json\/wp\/v2\/product_cat?post=782130"},{"taxonomy":"product_tag","embeddable":true,"href":"https:\/\/roveyayinevi.com.tr\/index.php\/wp-json\/wp\/v2\/product_tag?post=782130"}],"curies":[{"name":"wp","href":"https:\/\/api.w.org\/{rel}","templated":true}]}}