{"id":782126,"date":"2026-02-23T10:23:32","date_gmt":"2026-02-23T07:23:32","guid":{"rendered":"https:\/\/roveyayinevi.com.tr\/index.php\/urun\/bir-piriltidir-yasamak\/"},"modified":"2026-04-16T01:59:49","modified_gmt":"2026-04-15T22:59:49","slug":"bir-piriltidir-yasamak","status":"publish","type":"product","link":"https:\/\/roveyayinevi.com.tr\/index.php\/urun\/bir-piriltidir-yasamak\/","title":{"rendered":"Bir P\u0131r\u0131lt\u0131d\u0131r Ya\u015famak"},"content":{"rendered":"<p>Ya\u015fam\u0131n p\u0131r\u0131lt\u0131s\u0131n\u0131 yakalamaya \u00e7al\u0131\u015fan, s\u00fcrekli, usanmadan ara\u015ft\u0131ran, soran, \u00f6\u011frenen, daha iyiyi, daha g\u00fczeli ama\u00e7layan&#8230; Ya\u015famdaki mutluluklar\u0131n yan\u0131p s\u00f6nen p\u0131r\u0131lt\u0131lardan olu\u015ftu\u011funun bilincinde&#8230; Bu p\u0131r\u0131lt\u0131lar\u0131n hi\u00e7birini ka\u00e7\u0131rmadan, ya\u015fam\u0131n her kesitini binbir renkle s\u00fcsleyerek ya\u015famak isteyen gen\u00e7tir, \u2018modern\u2019 ve \u2018se\u00e7kin\u2019 gen\u00e7. Siz de b\u00f6yle olmak istemez misiniz? \u00d6yleyse el ele verelim ve hayat\u0131 binbir renkle ya\u015famak i\u00e7in elimizden ne geliyorsa yapal\u0131m. Var m\u0131s\u0131n\u0131z? \ufffc<\/p>\n","protected":false},"excerpt":{"rendered":"<p>Ya\u015fam\u0131n p\u0131r\u0131lt\u0131s\u0131n\u0131 yakalamaya \u00e7al\u0131\u015fan, s\u00fcrekli, usanmadan ara\u015ft\u0131ran, soran, \u00f6\u011frenen, daha iyiyi, daha g\u00fczeli ama\u00e7layan&#8230; Ya\u015famdaki mutluluklar\u0131n yan\u0131p s\u00f6nen p\u0131r\u0131lt\u0131lardan olu\u015ftu\u011funun bilincinde&#8230; Bu p\u0131r\u0131lt\u0131lar\u0131n hi\u00e7birini ka\u00e7\u0131rmadan, ya\u015fam\u0131n<span class=\"excerpt-hellip\"> [\u2026]<\/span><\/p>\n","protected":false},"featured_media":0,"template":"","meta":{"_monsterinsights_skip_tracking":false,"_monsterinsights_sitenote_active":false,"_monsterinsights_sitenote_note":"","_monsterinsights_sitenote_category":0},"product_brand":[],"product_cat":[12291,15117],"product_tag":[],"class_list":{"0":"post-782126","1":"product","2":"type-product","3":"status-publish","5":"product_cat-edebiyat","6":"product_cat-genclik-edebiyati","7":"pa_cilt-ciltsiz","8":"pa_tur-kitap","9":"pa_yayinevi-artemis-yayinlari","10":"pa_yazar-ipek-ongun","12":"first","13":"instock","14":"sale","15":"shipping-taxable","16":"purchasable","17":"product-type-simple"},"_links":{"self":[{"href":"https:\/\/roveyayinevi.com.tr\/index.php\/wp-json\/wp\/v2\/product\/782126","targetHints":{"allow":["GET"]}}],"collection":[{"href":"https:\/\/roveyayinevi.com.tr\/index.php\/wp-json\/wp\/v2\/product"}],"about":[{"href":"https:\/\/roveyayinevi.com.tr\/index.php\/wp-json\/wp\/v2\/types\/product"}],"wp:attachment":[{"href":"https:\/\/roveyayinevi.com.tr\/index.php\/wp-json\/wp\/v2\/media?parent=782126"}],"wp:term":[{"taxonomy":"product_brand","embeddable":true,"href":"https:\/\/roveyayinevi.com.tr\/index.php\/wp-json\/wp\/v2\/product_brand?post=782126"},{"taxonomy":"product_cat","embeddable":true,"href":"https:\/\/roveyayinevi.com.tr\/index.php\/wp-json\/wp\/v2\/product_cat?post=782126"},{"taxonomy":"product_tag","embeddable":true,"href":"https:\/\/roveyayinevi.com.tr\/index.php\/wp-json\/wp\/v2\/product_tag?post=782126"}],"curies":[{"name":"wp","href":"https:\/\/api.w.org\/{rel}","templated":true}]}}