{"id":782124,"date":"2026-02-23T10:22:13","date_gmt":"2026-02-23T07:22:13","guid":{"rendered":"https:\/\/roveyayinevi.com.tr\/index.php\/urun\/kum-adam-secme-masallar-e-t-a-hoffmann\/"},"modified":"2026-04-16T01:59:26","modified_gmt":"2026-04-15T22:59:26","slug":"kum-adam-secme-masallar-e-t-a-hoffmann","status":"publish","type":"product","link":"https:\/\/roveyayinevi.com.tr\/index.php\/urun\/kum-adam-secme-masallar-e-t-a-hoffmann\/","title":{"rendered":"Kum Adam Se\u00e7me Masallar (E. T. A Hoffmann)"},"content":{"rendered":"<p>Ernst Theodor Amadeus Hoffmann (1776-1822): Alman romantik edebiyat\u00e7\u0131lar\u0131 aras\u0131nda en geni\u015f okur kitlesine ula\u015fan yazard\u0131r. D\u00fc\u015f g\u00fcc\u00fc ve fantezilerinin ger\u00e7ek d\u00fcnya ve g\u00fcnl\u00fck ya\u015famla s\u0131k\u0131 s\u0131k\u0131ya ba\u011fl\u0131 olmas\u0131 onu di\u011fer romantik yazarlardan ay\u0131ran en belirgin \u00f6zelli\u011fidir. Ayn\u0131 zamanda dikkati \u00e7eken bir m\u00fczisyen olan Hoffmann, Bamberg Tiyatrosu\u2019nda orkestra \u015fefi ve besteci olarak da g\u00f6rev ald\u0131. Bestelerinden \u00e7ok yazarl\u0131\u011f\u0131 ile Offenbach, Busoni ve Reinecke gibi bestecilere esin kayna\u011f\u0131 oldu. \u00c7aykovski F\u0131nd\u0131kk\u0131ran\u2019da, Delibes Coppelia\u2019da Hoffmann\u2019\u0131n masallar\u0131ndan esinlenmi\u015ftir. Kum Adam adl\u0131 masal\u0131n\u0131n kahraman\u0131 Nathanael hakk\u0131nda Freud\u2019un yapt\u0131\u011f\u0131 irdeleme, eserleri \u00fczerine yaz\u0131lan en \u00fcnl\u00fc yaz\u0131lardand\u0131r. \ufffcTan\u0131t\u0131m Metni<\/p>\n","protected":false},"excerpt":{"rendered":"<p>Ernst Theodor Amadeus Hoffmann (1776-1822): Alman romantik edebiyat\u00e7\u0131lar\u0131 aras\u0131nda en geni\u015f okur kitlesine ula\u015fan yazard\u0131r. D\u00fc\u015f g\u00fcc\u00fc ve fantezilerinin ger\u00e7ek d\u00fcnya ve g\u00fcnl\u00fck ya\u015famla s\u0131k\u0131 s\u0131k\u0131ya<span class=\"excerpt-hellip\"> [\u2026]<\/span><\/p>\n","protected":false},"featured_media":0,"template":"","meta":{"_monsterinsights_skip_tracking":false,"_monsterinsights_sitenote_active":false,"_monsterinsights_sitenote_note":"","_monsterinsights_sitenote_category":0},"product_brand":[],"product_cat":[12291,12711],"product_tag":[],"class_list":{"0":"post-782124","1":"product","2":"type-product","3":"status-publish","5":"product_cat-edebiyat","6":"product_cat-roman-oyku","7":"pa_cilt-ciltsiz","8":"pa_tur-kitap","9":"pa_yayinevi-is-bankasi-kultur-yayinlari","10":"pa_yazar-ernst-theodor-amadeus-hoffmann","12":"first","13":"instock","14":"sale","15":"shipping-taxable","16":"purchasable","17":"product-type-simple"},"_links":{"self":[{"href":"https:\/\/roveyayinevi.com.tr\/index.php\/wp-json\/wp\/v2\/product\/782124","targetHints":{"allow":["GET"]}}],"collection":[{"href":"https:\/\/roveyayinevi.com.tr\/index.php\/wp-json\/wp\/v2\/product"}],"about":[{"href":"https:\/\/roveyayinevi.com.tr\/index.php\/wp-json\/wp\/v2\/types\/product"}],"wp:attachment":[{"href":"https:\/\/roveyayinevi.com.tr\/index.php\/wp-json\/wp\/v2\/media?parent=782124"}],"wp:term":[{"taxonomy":"product_brand","embeddable":true,"href":"https:\/\/roveyayinevi.com.tr\/index.php\/wp-json\/wp\/v2\/product_brand?post=782124"},{"taxonomy":"product_cat","embeddable":true,"href":"https:\/\/roveyayinevi.com.tr\/index.php\/wp-json\/wp\/v2\/product_cat?post=782124"},{"taxonomy":"product_tag","embeddable":true,"href":"https:\/\/roveyayinevi.com.tr\/index.php\/wp-json\/wp\/v2\/product_tag?post=782124"}],"curies":[{"name":"wp","href":"https:\/\/api.w.org\/{rel}","templated":true}]}}