{"id":782121,"date":"2026-02-23T10:21:51","date_gmt":"2026-02-23T07:21:51","guid":{"rendered":"https:\/\/roveyayinevi.com.tr\/index.php\/urun\/almanca-turkce-turkce-almanca-sozluk\/"},"modified":"2026-03-01T02:00:37","modified_gmt":"2026-02-28T23:00:37","slug":"almanca-turkce-turkce-almanca-sozluk","status":"publish","type":"product","link":"https:\/\/roveyayinevi.com.tr\/index.php\/urun\/almanca-turkce-turkce-almanca-sozluk\/","title":{"rendered":"Almanca-T\u00fcrk\u00e7e \/ T\u00fcrk\u00e7e Almanca S\u00f6zl\u00fck"},"content":{"rendered":"<p>Almanca-T\u00fcrk\u00e7e \/ T\u00fcrk\u00e7e Almanca S\u00f6zl\u00fck \ufffcTan\u0131t\u0131m Metni<\/p>\n","protected":false},"excerpt":{"rendered":"<p>Almanca-T\u00fcrk\u00e7e \/ T\u00fcrk\u00e7e Almanca S\u00f6zl\u00fck \ufffcTan\u0131t\u0131m Metni<\/p>\n","protected":false},"featured_media":0,"template":"","meta":{"_monsterinsights_skip_tracking":false,"_monsterinsights_sitenote_active":false,"_monsterinsights_sitenote_note":"","_monsterinsights_sitenote_category":0},"product_brand":[],"product_cat":[31846,12566,13611],"product_tag":[],"class_list":{"0":"post-782121","1":"product","2":"type-product","3":"status-publish","5":"product_cat-almanca-sozlukler","6":"product_cat-egitim","7":"product_cat-sozlukler-ve-konusma-kilavuzlari","8":"pa_cilt-ciltsiz","9":"pa_tur-kitap","10":"pa_yayinevi-inkilap-kitabevi","11":"pa_yazar-aydan-taskiran","13":"first","14":"instock","15":"sale","16":"shipping-taxable","17":"purchasable","18":"product-type-simple"},"_links":{"self":[{"href":"https:\/\/roveyayinevi.com.tr\/index.php\/wp-json\/wp\/v2\/product\/782121","targetHints":{"allow":["GET"]}}],"collection":[{"href":"https:\/\/roveyayinevi.com.tr\/index.php\/wp-json\/wp\/v2\/product"}],"about":[{"href":"https:\/\/roveyayinevi.com.tr\/index.php\/wp-json\/wp\/v2\/types\/product"}],"wp:attachment":[{"href":"https:\/\/roveyayinevi.com.tr\/index.php\/wp-json\/wp\/v2\/media?parent=782121"}],"wp:term":[{"taxonomy":"product_brand","embeddable":true,"href":"https:\/\/roveyayinevi.com.tr\/index.php\/wp-json\/wp\/v2\/product_brand?post=782121"},{"taxonomy":"product_cat","embeddable":true,"href":"https:\/\/roveyayinevi.com.tr\/index.php\/wp-json\/wp\/v2\/product_cat?post=782121"},{"taxonomy":"product_tag","embeddable":true,"href":"https:\/\/roveyayinevi.com.tr\/index.php\/wp-json\/wp\/v2\/product_tag?post=782121"}],"curies":[{"name":"wp","href":"https:\/\/api.w.org\/{rel}","templated":true}]}}