{"id":782119,"date":"2026-02-23T10:21:39","date_gmt":"2026-02-23T07:21:39","guid":{"rendered":"https:\/\/roveyayinevi.com.tr\/index.php\/urun\/toplumsal-hareketler-tarih-teori-ve-deneyim\/"},"modified":"2026-04-16T01:59:13","modified_gmt":"2026-04-15T22:59:13","slug":"toplumsal-hareketler-tarih-teori-ve-deneyim","status":"publish","type":"product","link":"https:\/\/roveyayinevi.com.tr\/index.php\/urun\/toplumsal-hareketler-tarih-teori-ve-deneyim\/","title":{"rendered":"Toplumsal Hareketler: Tarih, Teori ve Deneyim"},"content":{"rendered":"<p>\u0130\u00e7inde bulundu\u011fumuz y\u00fczy\u0131l b\u00fcy\u00fck bir alt \u00fcst olu\u015fun belirginle\u015fti\u011fi, co\u011frafya fark\u0131 g\u00f6zetmeden tutu\u015fup yay\u0131ld\u0131\u011f\u0131 b\u00fcy\u00fck yang\u0131nlara sahne olmaktad\u0131r. Toplumsal hareketler ge\u00e7mi\u015fteki b\u00fcy\u00fck devrimlerin illa benzeri ya da tekrar\u0131 olmaks\u0131z\u0131n, ancak etkisini daha fazla g\u00f6r\u00fcn\u00fcr hale getirerek canl\u0131l\u0131klar\u0131n\u0131 muhafaza ediyorlar. Yeni toplumsal hareketler asl\u0131nda eski nin diren\u00e7 mekanizmalar\u0131, itiraz sebepleri ya da kar\u015f\u0131 \u00e7\u0131k\u0131\u015f pratiklerine yaslanarak ba\u015fka bi\u00e7imler alt\u0131nda var oluyor. Dolay\u0131s\u0131yla toplumsal hareketler, yeni tan\u0131mlamas\u0131na s\u0131k\u0131\u015ft\u0131r\u0131l\u0131p bir yandan otantik bir hava verilen, di\u011fer taraftan asla eski nin g\u00f6rkemine ula\u015famayaca\u011f\u0131 i\u00e7in yeteri kadar k\u0131ymet verilmeyen ya da varl\u0131\u011f\u0131 abart\u0131l\u0131 tariflere konu olan bir fenomen haline geliyor. Toplumsal Hareketler: Tarih, Teori ve Deneyim, \u00f6nemini k\u00fc\u00e7\u00fcmsemeden ya da abartmadan toplumsal hareketleri tarihsel bir deneyimler b\u00fct\u00fcn\u00fc olarak ele al\u0131yor. \u0130lla teorinin aynas\u0131nda s\u0131nan\u0131p ba\u015far\u0131l\u0131 olmu\u015f \u00f6rnekleri ile de\u011fil, insanlar\u0131n her g\u00fcn itiraz ve yaratma azimleri ile yeniden bi\u00e7imlendirdikleri \u00f6rnekler olarak toplumsal hareketleri tart\u0131\u015f\u0131yor. Yaln\u0131zca Bat\u0131\u2019da de\u011fil, Balkanlar\u2019dan Kore\u2019ye, Tayvan\u2019a, Filistin\u2019e, G\u00fcney Amerika\u2019ya uzanan bir co\u011frafyada; Via Campesina, Sava\u015f Kar\u015f\u0131t\u0131 Hareket, Hamas gibi \u00f6rg\u00fctl\u00fc \u00f6rneklerle; sendikal hareket, kad\u0131n hareketi, devrimlere e\u015flik eden tiyatro faaliyeti gibi toplumsal akt\u00f6rlerin y\u00fcz\u00fcn\u00fc g\u00f6sterdi\u011fi m\u00fccadelelerle toplumsal hareketlerin d\u00f6k\u00fcm\u00fcn\u00fc sunuyor. <\/p>\n","protected":false},"excerpt":{"rendered":"<p>\u0130\u00e7inde bulundu\u011fumuz y\u00fczy\u0131l b\u00fcy\u00fck bir alt \u00fcst olu\u015fun belirginle\u015fti\u011fi, co\u011frafya fark\u0131 g\u00f6zetmeden tutu\u015fup yay\u0131ld\u0131\u011f\u0131 b\u00fcy\u00fck yang\u0131nlara sahne olmaktad\u0131r. Toplumsal hareketler ge\u00e7mi\u015fteki b\u00fcy\u00fck devrimlerin illa benzeri ya<span class=\"excerpt-hellip\"> [\u2026]<\/span><\/p>\n","protected":false},"featured_media":0,"template":"","meta":{"_monsterinsights_skip_tracking":false,"_monsterinsights_sitenote_active":false,"_monsterinsights_sitenote_note":"","_monsterinsights_sitenote_category":0},"product_brand":[],"product_cat":[16098,12337],"product_tag":[],"class_list":{"0":"post-782119","1":"product","2":"type-product","3":"status-publish","5":"product_cat-politik-akimlar-hareketler","6":"product_cat-politika-siyaset","7":"pa_cilt-ciltsiz","8":"pa_tur-kitap","9":"pa_yayinevi-iletisim-yayinlari","10":"pa_yazar-y-dogan-cetinkaya-der","12":"first","13":"instock","14":"sale","15":"shipping-taxable","16":"purchasable","17":"product-type-simple"},"_links":{"self":[{"href":"https:\/\/roveyayinevi.com.tr\/index.php\/wp-json\/wp\/v2\/product\/782119","targetHints":{"allow":["GET"]}}],"collection":[{"href":"https:\/\/roveyayinevi.com.tr\/index.php\/wp-json\/wp\/v2\/product"}],"about":[{"href":"https:\/\/roveyayinevi.com.tr\/index.php\/wp-json\/wp\/v2\/types\/product"}],"wp:attachment":[{"href":"https:\/\/roveyayinevi.com.tr\/index.php\/wp-json\/wp\/v2\/media?parent=782119"}],"wp:term":[{"taxonomy":"product_brand","embeddable":true,"href":"https:\/\/roveyayinevi.com.tr\/index.php\/wp-json\/wp\/v2\/product_brand?post=782119"},{"taxonomy":"product_cat","embeddable":true,"href":"https:\/\/roveyayinevi.com.tr\/index.php\/wp-json\/wp\/v2\/product_cat?post=782119"},{"taxonomy":"product_tag","embeddable":true,"href":"https:\/\/roveyayinevi.com.tr\/index.php\/wp-json\/wp\/v2\/product_tag?post=782119"}],"curies":[{"name":"wp","href":"https:\/\/api.w.org\/{rel}","templated":true}]}}