{"id":782118,"date":"2026-02-23T10:20:21","date_gmt":"2026-02-23T07:20:21","guid":{"rendered":"https:\/\/roveyayinevi.com.tr\/index.php\/urun\/izler-5\/"},"modified":"2026-04-16T01:58:44","modified_gmt":"2026-04-15T22:58:44","slug":"izler-5","status":"publish","type":"product","link":"https:\/\/roveyayinevi.com.tr\/index.php\/urun\/izler-5\/","title":{"rendered":"\u0130zler"},"content":{"rendered":"<p>Evet, siz ya\u011fmur ya\u011fd\u0131\u011f\u0131n\u0131 d\u00fc\u015f\u00fcn\u00fcn sadece. Bunu hisseden ve \u00e2n\u00eeden buna hayret eden, \u00e7ok geride, \u00e7ok ilerideydi. Asl\u0131nda dikkatini \u00e7eken \u015fey azd\u0131 ama yine de birdenbire t\u00fcm sorular\u0131n k\u00f6kenine yakla\u015fm\u0131\u015ft\u0131. Gen\u00e7likte genellikle b\u00f6yle a\u00e7\u0131k ve saft\u0131r \u00e2hengimiz. Pencereden d\u0131\u015far\u0131 bakar, y\u00fcr\u00fcr, durur, uykuya dalar, uyan\u0131r\u0131z, her zaman ayn\u0131 hik\u00e2yedir ve sadece \u015fu bo\u011fuk duyguda \u0131\u015f\u0131r: Her \u015fey ne kadar da tekinsiz, \u2018var olmak\u2019 ne kadar da kar\u015f\u0131 konulamayacak denli tuhaf! Bu form\u00fcl bile fazlad\u0131r, sanki tekin olmayan sadece \u2018var olma\u2019dan ileri gelirmi\u015f gibi g\u00f6r\u00fcn\u00fcr. Fakat insan hi\u00e7bir \u015feyin olmad\u0131\u011f\u0131n\u0131 d\u00fc\u015f\u00fcn\u00fcrse, bu da daha az esr\u00e2rengiz de\u011fildir. Bunu anlatmak i\u00e7in tam yerinde kelimeler yoktur, ya da insan ilk hayrette kal\u0131\u015f\u0131 e\u011fip b\u00fcker. Modern d\u00fc\u015f\u00fcn\u00fcrler aras\u0131nda Ernst Bloch\u2019u m\u00fcstesna k\u0131lan \u00f6zelliklerden biri, sosyal teorinin dallar\u0131 aras\u0131ndaki s\u0131n\u0131rlar\u0131 a\u015fmakla kalmay\u0131p, sosyal teoriyle edebiyat aras\u0131ndaki s\u0131n\u0131rlar\u0131 da silmesi&#8230; Dahas\u0131, eski hikmet diline yakla\u015fmas\u0131&#8230; \u0130lk eserlerinden biri olan \u0130zler, Bloch\u2019un bu \u00f6zelli\u011finin en belirginle\u015fti\u011fi kitaplar\u0131ndan biridir. Bu k\u00fc\u00e7\u00fck eser, m\u00fccevher gibi, aforizmalar, envai \u00e7e\u015fit anlat\u0131lar, g\u00fcndelik hayattan g\u00f6zlemler ve ok gibi politik iddialarla bezenmi\u015ftir. Mensur \u015fiir gibi de okunabilecek bir politik felsefe risalesi diyebiliriz. Bloch\u2019un d\u00fc\u015f\u00fcnce d\u00fcnyas\u0131na girmek i\u00e7in bir patika, bir ge\u00e7it, \u0130zler&#8230; \ufffcTan\u0131t\u0131m Metni<\/p>\n","protected":false},"excerpt":{"rendered":"<p>Evet, siz ya\u011fmur ya\u011fd\u0131\u011f\u0131n\u0131 d\u00fc\u015f\u00fcn\u00fcn sadece. Bunu hisseden ve \u00e2n\u00eeden buna hayret eden, \u00e7ok geride, \u00e7ok ilerideydi. Asl\u0131nda dikkatini \u00e7eken \u015fey azd\u0131 ama yine de birdenbire<span class=\"excerpt-hellip\"> [\u2026]<\/span><\/p>\n","protected":false},"featured_media":0,"template":"","meta":{"_monsterinsights_skip_tracking":false,"_monsterinsights_sitenote_active":false,"_monsterinsights_sitenote_note":"","_monsterinsights_sitenote_category":0},"product_brand":[],"product_cat":[12351,12324],"product_tag":[],"class_list":{"0":"post-782118","1":"product","2":"type-product","3":"status-publish","5":"product_cat-siyaset-sosyolojisi","6":"product_cat-sosyoloji","7":"pa_cilt-ciltsiz","8":"pa_tur-kitap","9":"pa_yayinevi-iletisim-yayinlari","10":"pa_yazar-ernst-bloch","12":"first","13":"instock","14":"sale","15":"shipping-taxable","16":"purchasable","17":"product-type-simple"},"_links":{"self":[{"href":"https:\/\/roveyayinevi.com.tr\/index.php\/wp-json\/wp\/v2\/product\/782118","targetHints":{"allow":["GET"]}}],"collection":[{"href":"https:\/\/roveyayinevi.com.tr\/index.php\/wp-json\/wp\/v2\/product"}],"about":[{"href":"https:\/\/roveyayinevi.com.tr\/index.php\/wp-json\/wp\/v2\/types\/product"}],"wp:attachment":[{"href":"https:\/\/roveyayinevi.com.tr\/index.php\/wp-json\/wp\/v2\/media?parent=782118"}],"wp:term":[{"taxonomy":"product_brand","embeddable":true,"href":"https:\/\/roveyayinevi.com.tr\/index.php\/wp-json\/wp\/v2\/product_brand?post=782118"},{"taxonomy":"product_cat","embeddable":true,"href":"https:\/\/roveyayinevi.com.tr\/index.php\/wp-json\/wp\/v2\/product_cat?post=782118"},{"taxonomy":"product_tag","embeddable":true,"href":"https:\/\/roveyayinevi.com.tr\/index.php\/wp-json\/wp\/v2\/product_tag?post=782118"}],"curies":[{"name":"wp","href":"https:\/\/api.w.org\/{rel}","templated":true}]}}