{"id":782116,"date":"2026-02-23T10:20:06","date_gmt":"2026-02-23T07:20:06","guid":{"rendered":"https:\/\/roveyayinevi.com.tr\/index.php\/urun\/robinson-crusoe-ve-cuma-3-umuda-yolculuk\/"},"modified":"2026-04-16T01:58:38","modified_gmt":"2026-04-15T22:58:38","slug":"robinson-crusoe-ve-cuma-3-umuda-yolculuk","status":"publish","type":"product","link":"https:\/\/roveyayinevi.com.tr\/index.php\/urun\/robinson-crusoe-ve-cuma-3-umuda-yolculuk\/","title":{"rendered":"Robinson Crusoe ve Cuma 3 &#8211; Umuda Yolculuk"},"content":{"rendered":"<p>Bana kendini anlatma! Giderken, Ac\u0131n da sevincin kadar b\u00fcy\u00fckse, B\u00fcy\u00fcks\u00fcnd\u00fcr!.. Giderken, geride b\u0131rakt\u0131\u011f\u0131nd\u0131r miras\u0131n&#8230; Seni sen de\u011fil, arkanda kalan anlat\u0131r&#8230; K\u00fcs\u00fcp bar\u0131\u015ft\u0131\u011f\u0131n, didi\u015fti\u011fin, Ayn\u0131 havay\u0131 payla\u015ft\u0131\u011f\u0131n anlat\u0131r&#8230; Giderken, sadece kumsalda b\u0131rakt\u0131\u011f\u0131n izdir Senden kalan, Arkandan akan bir damla ya\u015f varsa \u0130ste odur hat\u0131ran! Siz giderken, bo\u011fazlar d\u00fc\u011f\u00fcmlendi, ku\u015flar\u0131n a\u011fz\u0131n\u0131 b\u0131\u00e7ak a\u00e7m\u0131yor! Siz giderken deniz bile size k\u00fcsm\u00fc\u015f, \u00c7ar\u015faf gibi, k\u0131m\u0131ldam\u0131yor&#8230; Siz giderken, bulutlar ac\u0131lar\u0131n\u0131 i\u00e7ine atm\u0131\u015f, a\u011flayam\u0131yor&#8230; Kimse bizi g\u00f6memez diye mi yelken a\u00e7\u0131yoruz umuda? Siz giderken, bu ada koca hat\u0131ran\u0131z\u0131 G\u00f6mecek yer ar\u0131yor! \ufffcTan\u0131t\u0131m Metni<\/p>\n","protected":false},"excerpt":{"rendered":"<p>Bana kendini anlatma! Giderken, Ac\u0131n da sevincin kadar b\u00fcy\u00fckse, B\u00fcy\u00fcks\u00fcnd\u00fcr!.. Giderken, geride b\u0131rakt\u0131\u011f\u0131nd\u0131r miras\u0131n&#8230; Seni sen de\u011fil, arkanda kalan anlat\u0131r&#8230; K\u00fcs\u00fcp bar\u0131\u015ft\u0131\u011f\u0131n, didi\u015fti\u011fin, Ayn\u0131 havay\u0131 payla\u015ft\u0131\u011f\u0131n<span class=\"excerpt-hellip\"> [\u2026]<\/span><\/p>\n","protected":false},"featured_media":0,"template":"","meta":{"_monsterinsights_skip_tracking":false,"_monsterinsights_sitenote_active":false,"_monsterinsights_sitenote_note":"","_monsterinsights_sitenote_category":0},"product_brand":[],"product_cat":[12416,12291],"product_tag":[],"class_list":{"0":"post-782116","1":"product","2":"type-product","3":"status-publish","5":"product_cat-cizgi-roman","6":"product_cat-edebiyat","7":"pa_cilt-ciltsiz","8":"pa_tur-kitap","9":"pa_yayinevi-everest-yayinlari","10":"pa_yazar-gurcan-yurt","12":"first","13":"instock","14":"sale","15":"shipping-taxable","16":"purchasable","17":"product-type-simple"},"_links":{"self":[{"href":"https:\/\/roveyayinevi.com.tr\/index.php\/wp-json\/wp\/v2\/product\/782116","targetHints":{"allow":["GET"]}}],"collection":[{"href":"https:\/\/roveyayinevi.com.tr\/index.php\/wp-json\/wp\/v2\/product"}],"about":[{"href":"https:\/\/roveyayinevi.com.tr\/index.php\/wp-json\/wp\/v2\/types\/product"}],"wp:attachment":[{"href":"https:\/\/roveyayinevi.com.tr\/index.php\/wp-json\/wp\/v2\/media?parent=782116"}],"wp:term":[{"taxonomy":"product_brand","embeddable":true,"href":"https:\/\/roveyayinevi.com.tr\/index.php\/wp-json\/wp\/v2\/product_brand?post=782116"},{"taxonomy":"product_cat","embeddable":true,"href":"https:\/\/roveyayinevi.com.tr\/index.php\/wp-json\/wp\/v2\/product_cat?post=782116"},{"taxonomy":"product_tag","embeddable":true,"href":"https:\/\/roveyayinevi.com.tr\/index.php\/wp-json\/wp\/v2\/product_tag?post=782116"}],"curies":[{"name":"wp","href":"https:\/\/api.w.org\/{rel}","templated":true}]}}