{"id":782115,"date":"2026-02-23T10:19:57","date_gmt":"2026-02-23T07:19:57","guid":{"rendered":"https:\/\/roveyayinevi.com.tr\/index.php\/urun\/bana-sirtini-donme\/"},"modified":"2026-03-02T01:59:08","modified_gmt":"2026-03-01T22:59:08","slug":"bana-sirtini-donme","status":"publish","type":"product","link":"https:\/\/roveyayinevi.com.tr\/index.php\/urun\/bana-sirtini-donme\/","title":{"rendered":"Bana S\u0131rt\u0131n\u0131 D\u00f6nme"},"content":{"rendered":"<p>Kimin sad\u0131k oldu\u011funa, kimin olmad\u0131\u011f\u0131na karar vermek imk\u00e2ns\u0131zd\u0131r. \u00c7\u00fcnk\u00fc hi\u00e7bir ihanet asla birbirine benzemez. Neden erke\u011fin sadakatsizli\u011fi a\u011f\u0131zlarda sak\u0131z olmu\u015fken, kad\u0131n\u0131n sadakatsizli\u011fi bir s\u0131r gibi gizemini koruyor? Peki kad\u0131nlar ger\u00e7ekte ne istiyorlar? Asl\u0131nda ne istedi\u011fini iyi biliyor da bunu anlamak istemeyen erkekler mi? Ad\u0131 ister Arzu olsun , ister Seda, her kad\u0131n\u0131n ayr\u0131 bir \u00f6yk\u00fcs\u00fcn\u00fc bulacaks\u0131n\u0131z bu kitapta. Kad\u0131nlar\u0131 sorgulayan bir erke\u011fin bak\u0131\u015f a\u00e7\u0131s\u0131ndan ger\u00e7ek kad\u0131n \u00f6yk\u00fcleri okuyacaks\u0131n\u0131z. Aldatan ve aldat\u0131lan kad\u0131nlar\u0131n itiraflar\u0131 kar\u015f\u0131s\u0131nda \u015fa\u015f\u0131racak, bir erke\u011fi elde edebilmek i\u00e7in s\u0131n\u0131rlar\u0131 a\u015fanlara kar\u015f\u0131 \u00f6fkeleneceksiniz. Erkekler mi saf, yoksa kad\u0131nlar m\u0131 \u015feytan? sorusu tak\u0131lacak akl\u0131n\u0131za. Sinan Aky\u00fcz, dalgal\u0131 bir denize benzetti\u011fi kad\u0131nlar\u0131n, erkekler taraf\u0131ndan neden anla\u015f\u0131lmad\u0131\u011f\u0131n\u0131n ipu\u00e7lar\u0131n\u0131n veriyor bizlere.. Masum g\u00f6r\u00fcnen her kad\u0131n\u0131 i\u00e7inde bir \u015feytan gizli olabilir mi? Yoksa&#8230; Yaln\u0131zl\u0131k, kad\u0131n ve erke\u011fin yeni kaderi mi? Bu kitab\u0131 okurken, kendi hayat\u0131n\u0131z\u0131n hik\u00e2yesini dinleyeceksiniz. \ufffcTan\u0131t\u0131m Metni<\/p>\n","protected":false},"excerpt":{"rendered":"<p>Kimin sad\u0131k oldu\u011funa, kimin olmad\u0131\u011f\u0131na karar vermek imk\u00e2ns\u0131zd\u0131r. \u00c7\u00fcnk\u00fc hi\u00e7bir ihanet asla birbirine benzemez. Neden erke\u011fin sadakatsizli\u011fi a\u011f\u0131zlarda sak\u0131z olmu\u015fken, kad\u0131n\u0131n sadakatsizli\u011fi bir s\u0131r gibi gizemini<span class=\"excerpt-hellip\"> [\u2026]<\/span><\/p>\n","protected":false},"featured_media":0,"template":"","meta":{"_monsterinsights_skip_tracking":false,"_monsterinsights_sitenote_active":false,"_monsterinsights_sitenote_note":"","_monsterinsights_sitenote_category":0},"product_brand":[],"product_cat":[12291,12711],"product_tag":[],"class_list":{"0":"post-782115","1":"product","2":"type-product","3":"status-publish","5":"product_cat-edebiyat","6":"product_cat-roman-oyku","7":"pa_cilt-ciltsiz","8":"pa_tur-kitap","9":"pa_yayinevi-alfa-yayinlari","10":"pa_yazar-sinan-akyuz","12":"first","13":"instock","14":"sale","15":"shipping-taxable","16":"purchasable","17":"product-type-simple"},"_links":{"self":[{"href":"https:\/\/roveyayinevi.com.tr\/index.php\/wp-json\/wp\/v2\/product\/782115","targetHints":{"allow":["GET"]}}],"collection":[{"href":"https:\/\/roveyayinevi.com.tr\/index.php\/wp-json\/wp\/v2\/product"}],"about":[{"href":"https:\/\/roveyayinevi.com.tr\/index.php\/wp-json\/wp\/v2\/types\/product"}],"wp:attachment":[{"href":"https:\/\/roveyayinevi.com.tr\/index.php\/wp-json\/wp\/v2\/media?parent=782115"}],"wp:term":[{"taxonomy":"product_brand","embeddable":true,"href":"https:\/\/roveyayinevi.com.tr\/index.php\/wp-json\/wp\/v2\/product_brand?post=782115"},{"taxonomy":"product_cat","embeddable":true,"href":"https:\/\/roveyayinevi.com.tr\/index.php\/wp-json\/wp\/v2\/product_cat?post=782115"},{"taxonomy":"product_tag","embeddable":true,"href":"https:\/\/roveyayinevi.com.tr\/index.php\/wp-json\/wp\/v2\/product_tag?post=782115"}],"curies":[{"name":"wp","href":"https:\/\/api.w.org\/{rel}","templated":true}]}}