{"id":782114,"date":"2026-02-23T10:19:56","date_gmt":"2026-02-23T07:19:56","guid":{"rendered":"https:\/\/roveyayinevi.com.tr\/index.php\/urun\/21-yuzyil-icin-einstein\/"},"modified":"2026-04-16T01:58:35","modified_gmt":"2026-04-15T22:58:35","slug":"21-yuzyil-icin-einstein","status":"publish","type":"product","link":"https:\/\/roveyayinevi.com.tr\/index.php\/urun\/21-yuzyil-icin-einstein\/","title":{"rendered":"21. Y\u00fczy\u0131l \u0130\u00e7in Einstein"},"content":{"rendered":"<p>\u00d6l\u00fcm\u00fcnden bu yana 50 y\u0131ldan fazla s\u00fcre ge\u00e7mi\u015f olmas\u0131na ra\u011fmen Einstein\u2019\u0131n etkileri sadece fizikte de\u011fil toplumbilimlerinde de s\u00fcregelmekte. 21. Y\u00fczy\u0131l i\u00e7in Einstein bu etkinin izlerini s\u00fcrmeyi ama\u00e7layan bir kitap. D\u00fcnyaca \u00fcnl\u00fc bilim tarih\u00e7ileri Peter L. Galison, Gerald Holton ve Silvan S. Schweber\u2019in edit\u00f6rl\u00fc\u011f\u00fcn\u00fc yapt\u0131\u011f\u0131 21. Y\u00fczy\u0131l \u0130\u00e7in Einstein tan\u0131nm\u0131\u015f bilim insanlar\u0131n\u0131n, sanat ve bilim tarih\u00e7ilerinin Einstein de\u011ferlendirmelerine yer veriyor. <\/p>\n","protected":false},"excerpt":{"rendered":"<p>\u00d6l\u00fcm\u00fcnden bu yana 50 y\u0131ldan fazla s\u00fcre ge\u00e7mi\u015f olmas\u0131na ra\u011fmen Einstein\u2019\u0131n etkileri sadece fizikte de\u011fil toplumbilimlerinde de s\u00fcregelmekte. 21. Y\u00fczy\u0131l i\u00e7in Einstein bu etkinin izlerini s\u00fcrmeyi<span class=\"excerpt-hellip\"> [\u2026]<\/span><\/p>\n","protected":false},"featured_media":0,"template":"","meta":{"_monsterinsights_skip_tracking":false,"_monsterinsights_sitenote_active":false,"_monsterinsights_sitenote_note":"","_monsterinsights_sitenote_category":0},"product_brand":[],"product_cat":[13005,15998],"product_tag":[],"class_list":{"0":"post-782114","1":"product","2":"type-product","3":"status-publish","5":"product_cat-bilim-muhendislik","6":"product_cat-bilim-tarihi","7":"pa_tur-kitap","8":"pa_yayinevi-alfa-yayinlari","9":"pa_yazar-kolektif","11":"first","12":"instock","13":"sale","14":"shipping-taxable","15":"purchasable","16":"product-type-simple"},"_links":{"self":[{"href":"https:\/\/roveyayinevi.com.tr\/index.php\/wp-json\/wp\/v2\/product\/782114","targetHints":{"allow":["GET"]}}],"collection":[{"href":"https:\/\/roveyayinevi.com.tr\/index.php\/wp-json\/wp\/v2\/product"}],"about":[{"href":"https:\/\/roveyayinevi.com.tr\/index.php\/wp-json\/wp\/v2\/types\/product"}],"wp:attachment":[{"href":"https:\/\/roveyayinevi.com.tr\/index.php\/wp-json\/wp\/v2\/media?parent=782114"}],"wp:term":[{"taxonomy":"product_brand","embeddable":true,"href":"https:\/\/roveyayinevi.com.tr\/index.php\/wp-json\/wp\/v2\/product_brand?post=782114"},{"taxonomy":"product_cat","embeddable":true,"href":"https:\/\/roveyayinevi.com.tr\/index.php\/wp-json\/wp\/v2\/product_cat?post=782114"},{"taxonomy":"product_tag","embeddable":true,"href":"https:\/\/roveyayinevi.com.tr\/index.php\/wp-json\/wp\/v2\/product_tag?post=782114"}],"curies":[{"name":"wp","href":"https:\/\/api.w.org\/{rel}","templated":true}]}}