{"id":782092,"date":"2026-02-04T15:05:30","date_gmt":"2026-02-04T12:05:30","guid":{"rendered":"https:\/\/roveyayinevi.com.tr\/?post_type=product&#038;p=782092"},"modified":"2026-02-04T15:08:32","modified_gmt":"2026-02-04T12:08:32","slug":"sesler-ask-ve-hayat","status":"publish","type":"product","link":"https:\/\/roveyayinevi.com.tr\/index.php\/urun\/sesler-ask-ve-hayat\/","title":{"rendered":"Sesler A\u015fk ve Hayat"},"content":{"rendered":"<table>\n<tbody>\n<tr>\n<td><strong>Sevgili Okuyucular\u0131m,<\/strong><\/p>\n<p>\u0130lk hik\u00e2ye kitab\u0131m <em>Sonras\u0131 Bir Tebess\u00fcm Olur <\/em>ile ba\u015flayan hik\u00e2ye yolculu\u011fuma <em>SESLER: A\u015fk ve Hayat <\/em>ad\u0131n\u0131 verdi\u011fim ikinci kitab\u0131mla devam ediyorum. Bu hik\u00e2yelerde; bizzat g\u00f6rd\u00fc\u011f\u00fcm, duydu\u011fum ve \u015fahit oldu\u011fum<\/p>\n<p>hat\u0131ralar\u0131 bir araya getirip, adeta bir bebek gibi \u00f6zenle sar\u0131p sarmalayarak sizlere sunuyorum. Her birinin k\u00f6keninde ger\u00e7ek ya\u015fanm\u0131\u015fl\u0131klar var. Da\u011farc\u0131\u011f\u0131mda \u00f6yle \u00e7ok hat\u0131ra birikmi\u015f ki&#8230; Bu hat\u0131ralar\u0131 tarihten bir yaprak misali kurgulayarak kitap haline getirmek ve sizlerle bulu\u015fturmak benim i\u00e7in b\u00fcy\u00fck bir mutluluk&#8230;Yazd\u0131\u011f\u0131m her hik\u00e2yede benden bir par\u00e7a, bir duygu k\u0131r\u0131nt\u0131s\u0131 bulacaks\u0131n\u0131z. \u0130nsan\u0131n \u00f6mr\u00fc bir d\u00f6nme dolap gibi; d\u00f6nd\u00fck\u00e7e<\/p>\n<p>farkl\u0131 manzaralar g\u00f6r\u00fcyor, her birinde farkl\u0131 duygulara tan\u0131kl\u0131k ediyorsunuz. Tanr\u0131\u2019n\u0131n verdi\u011fi \u00f6m\u00fcr boyunca bu<\/td>\n<\/tr>\n<\/tbody>\n<\/table>\n<p>d\u00f6ng\u00fc s\u00fcr\u00fcp gidiyor. Ben de bu kitapta ya\u015fam\u0131n i\u00e7inden biriktirdiklerimi sizlerle payla\u015f\u0131yorum. Umar\u0131m be\u011fenirsiniz. <em>\u201cSararan \u00e7imenlerin ye\u015filli\u011fini, solan \u00e7i\u00e7eklerin g\u00fczelli\u011fini ayn\u0131 \u015fekilde bir araya getiremezsiniz. Ancak her \u015feye ra\u011fmen <strong>hayat ya\u015famaya de\u011ferdir.<\/strong><\/em>\u201d<\/p>\n","protected":false},"excerpt":{"rendered":"<p>Sevgili Okuyucular\u0131m, \u0130lk hik\u00e2ye kitab\u0131m Sonras\u0131 Bir Tebess\u00fcm Olur ile ba\u015flayan hik\u00e2ye yolculu\u011fuma SESLER: A\u015fk ve Hayat ad\u0131n\u0131 verdi\u011fim ikinci kitab\u0131mla devam ediyorum. Bu hik\u00e2yelerde; bizzat<span class=\"excerpt-hellip\"> [\u2026]<\/span><\/p>\n","protected":false},"featured_media":0,"template":"","meta":{"_monsterinsights_skip_tracking":false,"_monsterinsights_sitenote_active":false,"_monsterinsights_sitenote_note":"","_monsterinsights_sitenote_category":0},"product_brand":[],"product_cat":[13701,133334],"product_tag":[],"class_list":{"0":"post-782092","1":"product","2":"type-product","3":"status-publish","5":"product_cat-ani-mektup-gunluk","6":"product_cat-genel","8":"first","9":"instock","10":"sale","11":"shipping-taxable","12":"purchasable","13":"product-type-simple"},"_links":{"self":[{"href":"https:\/\/roveyayinevi.com.tr\/index.php\/wp-json\/wp\/v2\/product\/782092","targetHints":{"allow":["GET"]}}],"collection":[{"href":"https:\/\/roveyayinevi.com.tr\/index.php\/wp-json\/wp\/v2\/product"}],"about":[{"href":"https:\/\/roveyayinevi.com.tr\/index.php\/wp-json\/wp\/v2\/types\/product"}],"wp:attachment":[{"href":"https:\/\/roveyayinevi.com.tr\/index.php\/wp-json\/wp\/v2\/media?parent=782092"}],"wp:term":[{"taxonomy":"product_brand","embeddable":true,"href":"https:\/\/roveyayinevi.com.tr\/index.php\/wp-json\/wp\/v2\/product_brand?post=782092"},{"taxonomy":"product_cat","embeddable":true,"href":"https:\/\/roveyayinevi.com.tr\/index.php\/wp-json\/wp\/v2\/product_cat?post=782092"},{"taxonomy":"product_tag","embeddable":true,"href":"https:\/\/roveyayinevi.com.tr\/index.php\/wp-json\/wp\/v2\/product_tag?post=782092"}],"curies":[{"name":"wp","href":"https:\/\/api.w.org\/{rel}","templated":true}]}}