{"id":782089,"date":"2026-02-03T03:44:42","date_gmt":"2026-02-03T00:44:42","guid":{"rendered":"https:\/\/roveyayinevi.com.tr\/index.php\/urun\/spor-bilimleri-fakultesi-ogrencilerinin-dijital-oyun-bagimliliklarinin-ve-problem-cozme-beceri-duzeyleri-arasindaki-iliski\/"},"modified":"2026-04-15T03:45:31","modified_gmt":"2026-04-15T00:45:31","slug":"spor-bilimleri-fakultesi-ogrencilerinin-dijital-oyun-bagimliliklarinin-ve-problem-cozme-beceri-duzeyleri-arasindaki-iliski","status":"publish","type":"product","link":"https:\/\/roveyayinevi.com.tr\/index.php\/urun\/spor-bilimleri-fakultesi-ogrencilerinin-dijital-oyun-bagimliliklarinin-ve-problem-cozme-beceri-duzeyleri-arasindaki-iliski\/","title":{"rendered":"Spor Bilimleri Fak\u00fcltesi \u00d6\u011frencilerinin Dijital Oyun Ba\u011f\u0131ml\u0131l\u0131klar\u0131n\u0131n Ve Problem \u00c7\u00f6zme Beceri D\u00fczeyleri Aras\u0131ndaki \u0130li\u015fki"},"content":{"rendered":"<p>\u0130\u00e7indekiler :   1.      G\u0130R\u0130\u015e 2.      GENEL B\u0130LG\u0130LER 3.      GERE\u00c7 VE Y\u00d6NTEM 4.      BULGULAR 5.      TARTI\u015eMA VE SONU\u00c7 6.      \u00d6NER\u0130LER 7.      KAYNAKLAR 8.      EKLER<\/p>\n","protected":false},"excerpt":{"rendered":"<p>\u0130\u00e7indekiler : 1. G\u0130R\u0130\u015e 2. GENEL B\u0130LG\u0130LER 3. GERE\u00c7 VE Y\u00d6NTEM 4. BULGULAR 5. TARTI\u015eMA VE SONU\u00c7 6. \u00d6NER\u0130LER 7. KAYNAKLAR 8. EKLER<\/p>\n","protected":false},"featured_media":0,"template":"","meta":{"_monsterinsights_skip_tracking":false,"_monsterinsights_sitenote_active":false,"_monsterinsights_sitenote_note":"","_monsterinsights_sitenote_category":0},"product_brand":[],"product_cat":[15563,15564],"product_tag":[],"class_list":{"0":"post-782089","1":"product","2":"type-product","3":"status-publish","5":"product_cat-hobi","6":"product_cat-spor","7":"pa_cilt-ciltsiz","8":"pa_tur-kitap","9":"pa_yayinevi-gazi-kitabevi","10":"pa_yazar-oguzhan-vural","12":"first","13":"instock","14":"sale","15":"shipping-taxable","16":"purchasable","17":"product-type-simple"},"_links":{"self":[{"href":"https:\/\/roveyayinevi.com.tr\/index.php\/wp-json\/wp\/v2\/product\/782089","targetHints":{"allow":["GET"]}}],"collection":[{"href":"https:\/\/roveyayinevi.com.tr\/index.php\/wp-json\/wp\/v2\/product"}],"about":[{"href":"https:\/\/roveyayinevi.com.tr\/index.php\/wp-json\/wp\/v2\/types\/product"}],"wp:attachment":[{"href":"https:\/\/roveyayinevi.com.tr\/index.php\/wp-json\/wp\/v2\/media?parent=782089"}],"wp:term":[{"taxonomy":"product_brand","embeddable":true,"href":"https:\/\/roveyayinevi.com.tr\/index.php\/wp-json\/wp\/v2\/product_brand?post=782089"},{"taxonomy":"product_cat","embeddable":true,"href":"https:\/\/roveyayinevi.com.tr\/index.php\/wp-json\/wp\/v2\/product_cat?post=782089"},{"taxonomy":"product_tag","embeddable":true,"href":"https:\/\/roveyayinevi.com.tr\/index.php\/wp-json\/wp\/v2\/product_tag?post=782089"}],"curies":[{"name":"wp","href":"https:\/\/api.w.org\/{rel}","templated":true}]}}