{"id":782088,"date":"2026-02-03T03:44:40","date_gmt":"2026-02-03T00:44:40","guid":{"rendered":"https:\/\/roveyayinevi.com.tr\/index.php\/urun\/rekreatif-aktivitelere-katilimin-futbol-hakemleri-uzerinde-orgutsel-bagliliklari-ve-yasam-doyumlarina-etkisi-eskisehir-ili-ornegi\/"},"modified":"2026-04-15T03:45:31","modified_gmt":"2026-04-15T00:45:31","slug":"rekreatif-aktivitelere-katilimin-futbol-hakemleri-uzerinde-orgutsel-bagliliklari-ve-yasam-doyumlarina-etkisi-eskisehir-ili-ornegi","status":"publish","type":"product","link":"https:\/\/roveyayinevi.com.tr\/index.php\/urun\/rekreatif-aktivitelere-katilimin-futbol-hakemleri-uzerinde-orgutsel-bagliliklari-ve-yasam-doyumlarina-etkisi-eskisehir-ili-ornegi\/","title":{"rendered":"Rekreatif Aktivitelere Kat\u0131l\u0131m\u0131n Futbol Hakemleri \u00dczerinde \u00d6rg\u00fctsel Ba\u011fl\u0131l\u0131klar\u0131 Ve Ya\u015fam Doyumlar\u0131na Etkisi: Eski\u015fehir \u0130li \u00d6rne\u011fi"},"content":{"rendered":"<p>\u0130\u00e7indekiler :   1.      G\u0130R\u0130\u015e   2.      KURAMSAL \u00c7ER\u00c7EVE   3.      Y\u00d6NTEM   4.      BULGULAR   5.      TARTI\u015eMA VE SONU\u00c7   6.      \u00d6NER\u0130LER<\/p>\n","protected":false},"excerpt":{"rendered":"<p>\u0130\u00e7indekiler : 1. G\u0130R\u0130\u015e 2. KURAMSAL \u00c7ER\u00c7EVE 3. Y\u00d6NTEM 4. BULGULAR 5. TARTI\u015eMA VE SONU\u00c7 6. \u00d6NER\u0130LER<\/p>\n","protected":false},"featured_media":0,"template":"","meta":{"_monsterinsights_skip_tracking":false,"_monsterinsights_sitenote_active":false,"_monsterinsights_sitenote_note":"","_monsterinsights_sitenote_category":0},"product_brand":[],"product_cat":[15563,15564],"product_tag":[],"class_list":{"0":"post-782088","1":"product","2":"type-product","3":"status-publish","5":"product_cat-hobi","6":"product_cat-spor","7":"pa_cilt-ciltsiz","8":"pa_tur-kitap","9":"pa_yayinevi-gazi-kitabevi","10":"pa_yazar-fatih-pazi","12":"first","13":"instock","14":"sale","15":"shipping-taxable","16":"purchasable","17":"product-type-simple"},"_links":{"self":[{"href":"https:\/\/roveyayinevi.com.tr\/index.php\/wp-json\/wp\/v2\/product\/782088","targetHints":{"allow":["GET"]}}],"collection":[{"href":"https:\/\/roveyayinevi.com.tr\/index.php\/wp-json\/wp\/v2\/product"}],"about":[{"href":"https:\/\/roveyayinevi.com.tr\/index.php\/wp-json\/wp\/v2\/types\/product"}],"wp:attachment":[{"href":"https:\/\/roveyayinevi.com.tr\/index.php\/wp-json\/wp\/v2\/media?parent=782088"}],"wp:term":[{"taxonomy":"product_brand","embeddable":true,"href":"https:\/\/roveyayinevi.com.tr\/index.php\/wp-json\/wp\/v2\/product_brand?post=782088"},{"taxonomy":"product_cat","embeddable":true,"href":"https:\/\/roveyayinevi.com.tr\/index.php\/wp-json\/wp\/v2\/product_cat?post=782088"},{"taxonomy":"product_tag","embeddable":true,"href":"https:\/\/roveyayinevi.com.tr\/index.php\/wp-json\/wp\/v2\/product_tag?post=782088"}],"curies":[{"name":"wp","href":"https:\/\/api.w.org\/{rel}","templated":true}]}}