{"id":782086,"date":"2026-02-03T03:02:08","date_gmt":"2026-02-03T00:02:08","guid":{"rendered":"https:\/\/roveyayinevi.com.tr\/index.php\/urun\/unofficial-harry-potter-buyu-kitabi-ciltli\/"},"modified":"2026-02-03T03:02:08","modified_gmt":"2026-02-03T00:02:08","slug":"unofficial-harry-potter-buyu-kitabi-ciltli","status":"publish","type":"product","link":"https:\/\/roveyayinevi.com.tr\/index.php\/urun\/unofficial-harry-potter-buyu-kitabi-ciltli\/","title":{"rendered":"Unofficial Harry Potter Bu\u0308yu\u0308 Kitab\u0131 (Ciltli)"},"content":{"rendered":"<p>B\u00dcY\u00dcY\u00dc KE\u015eFED\u0130N   240\u2019tan fazla b\u00fcy\u00fcy\u00fc derinlemesine analiz eden Unofficial Harry Potter B\u00fcy\u00fc Kitab\u0131, Harry Potter kitaplar\u0131nda, filmlerinde, video oyunlar\u0131nda vs. ad\u0131 ge\u00e7en her b\u00fcy\u00fcy\u00fc i\u00e7ermektedir. Her madde, b\u00fcy\u00fcn\u00fcn s\u00f6yleni\u015fini ve etimolojisini detayland\u0131r\u0131rken ayn\u0131 zamanda Harry Potter Evreni\u2019nde ne zaman kullan\u0131ld\u0131\u011f\u0131na dair unutulmaz anlar\u0131 ve ayr\u0131ca da ileride cad\u0131 veya b\u00fcy\u00fcc\u00fc olmak isteyenler i\u00e7in fazladan not ve asa hareketini de a\u00e7\u0131klar.   B\u00dcY\u00dc YAPMAYA G\u0130R\u0130\u015e ASA A\u011eA\u00c7LARI VE \u00d6ZLER\u0130 KILAVUZU TILSIMLI NESNELER KATALO\u011eU   \u201cHogwarts\u2019a devam etmekle e\u015fde\u011fer.\u201d -KENDRA NOTT, Harry\u2019nin Tarih\u00e7esi\u2019nin yazar\u0131   \u201cElinizde bu varken Standart B\u00fcy\u00fcler Kitab\u0131\u2019na kimin ihtiyac\u0131 olur ki?\u201d -HORACE BELBY, Eski Hogwarts \u00f6\u011frencisi.   \u201cFluorish and Blotts\u2019ta raflardan u\u00e7up gidecek.\u201d -TAMSIN JORKINS, Diagon Alley sakini. <\/p>\n","protected":false},"excerpt":{"rendered":"<p>B\u00dcY\u00dcY\u00dc KE\u015eFED\u0130N 240\u2019tan fazla b\u00fcy\u00fcy\u00fc derinlemesine analiz eden Unofficial Harry Potter B\u00fcy\u00fc Kitab\u0131, Harry Potter kitaplar\u0131nda, filmlerinde, video oyunlar\u0131nda vs. ad\u0131 ge\u00e7en her b\u00fcy\u00fcy\u00fc i\u00e7ermektedir. Her<span class=\"excerpt-hellip\"> [\u2026]<\/span><\/p>\n","protected":false},"featured_media":0,"template":"","meta":{"_monsterinsights_skip_tracking":false,"_monsterinsights_sitenote_active":false,"_monsterinsights_sitenote_note":"","_monsterinsights_sitenote_category":0},"product_brand":[],"product_cat":[12291,14777],"product_tag":[],"class_list":{"0":"post-782086","1":"product","2":"type-product","3":"status-publish","5":"product_cat-edebiyat","6":"product_cat-fantastik","7":"pa_cilt-ciltli","8":"pa_tur-kitap","9":"pa_yayinevi-marti-yayinlari","10":"pa_yazar-marti-yayinlari-kolektif","12":"first","13":"instock","14":"sale","15":"shipping-taxable","16":"purchasable","17":"product-type-simple"},"_links":{"self":[{"href":"https:\/\/roveyayinevi.com.tr\/index.php\/wp-json\/wp\/v2\/product\/782086","targetHints":{"allow":["GET"]}}],"collection":[{"href":"https:\/\/roveyayinevi.com.tr\/index.php\/wp-json\/wp\/v2\/product"}],"about":[{"href":"https:\/\/roveyayinevi.com.tr\/index.php\/wp-json\/wp\/v2\/types\/product"}],"wp:attachment":[{"href":"https:\/\/roveyayinevi.com.tr\/index.php\/wp-json\/wp\/v2\/media?parent=782086"}],"wp:term":[{"taxonomy":"product_brand","embeddable":true,"href":"https:\/\/roveyayinevi.com.tr\/index.php\/wp-json\/wp\/v2\/product_brand?post=782086"},{"taxonomy":"product_cat","embeddable":true,"href":"https:\/\/roveyayinevi.com.tr\/index.php\/wp-json\/wp\/v2\/product_cat?post=782086"},{"taxonomy":"product_tag","embeddable":true,"href":"https:\/\/roveyayinevi.com.tr\/index.php\/wp-json\/wp\/v2\/product_tag?post=782086"}],"curies":[{"name":"wp","href":"https:\/\/api.w.org\/{rel}","templated":true}]}}