{"id":782084,"date":"2026-02-03T03:01:52","date_gmt":"2026-02-03T00:01:52","guid":{"rendered":"https:\/\/roveyayinevi.com.tr\/index.php\/urun\/kimse-gercek-degil\/"},"modified":"2026-04-16T02:45:59","modified_gmt":"2026-04-15T23:45:59","slug":"kimse-gercek-degil","status":"publish","type":"product","link":"https:\/\/roveyayinevi.com.tr\/index.php\/urun\/kimse-gercek-degil\/","title":{"rendered":"Kimse Ger\u00e7ek De\u011fil"},"content":{"rendered":"<p>\u201cDerler ki en iyi \u015fifac\u0131, yaral\u0131 \u015fifac\u0131d\u0131r. Ve b\u00fct\u00fcn \u015fifac\u0131lar g\u00fcn\u00fcn birinde yaralanmaya mahk\u00fbmdur\u2026\u201dKim oldu\u011funu sorgulad\u0131k\u00e7a d\u00fcnyas\u0131n\u0131n sahtelikten ibaret oldu\u011funu anlamaya ba\u015flayan I\u015f\u0131l \u00d6zsoydan, \u00f6\u011frendi\u011fi ger\u00e7eklerle ne yapaca\u011f\u0131n\u0131 bilemez ve her ge\u00e7en g\u00fcn biraz daha yaln\u0131zla\u015farak yabanc\u0131la\u015f\u0131r.\u0130nsanlar\u0131 \u201cYaral\u0131lar\u201d ve \u201c\u015eifac\u0131lar\u201d olarak iki kategoriye ay\u0131ran bir sosyal medya platformundan tan\u0131\u015ft\u0131\u011f\u0131 Oflaz Kantemiz\u2019in, kendisini bu durumdan kurtaracak kahraman oldu\u011funu d\u00fc\u015f\u00fcnmektedir. Ancak ge\u00e7mi\u015fi belirsiz, davran\u0131\u015flar\u0131 tutars\u0131z olan bu gizemli adam\u0131n, kendi d\u00fcnyas\u0131n\u0131n y\u0131k\u0131l\u0131\u015f\u0131na \u015fahitlik etmi\u015f yaral\u0131 bir \u015fifac\u0131 oldu\u011fundan bihaberdir.I\u015f\u0131l y\u0131llard\u0131r ink\u00e2r etti\u011fi ger\u00e7eklerle Oflaz sayesinde bir bir y\u00fczle\u015firken Oflaz\u2019\u0131n yaralar\u0131n\u0131n kanamaya ba\u015flamas\u0131yla d\u00fcnyalar\u0131 alt\u00fcst olur. Art\u0131k ikisinin de ak\u0131llar\u0131nda tek bir soru vard\u0131r:I\u015f\u0131l\u2019\u0131n par\u0131lt\u0131s\u0131, Oflaz\u2019\u0131n b\u00fcy\u00fcl\u00fc ruhunu kurtarmaya yetecek midir?<\/p>\n","protected":false},"excerpt":{"rendered":"<p>\u201cDerler ki en iyi \u015fifac\u0131, yaral\u0131 \u015fifac\u0131d\u0131r. Ve b\u00fct\u00fcn \u015fifac\u0131lar g\u00fcn\u00fcn birinde yaralanmaya mahk\u00fbmdur\u2026\u201dKim oldu\u011funu sorgulad\u0131k\u00e7a d\u00fcnyas\u0131n\u0131n sahtelikten ibaret oldu\u011funu anlamaya ba\u015flayan I\u015f\u0131l \u00d6zsoydan, \u00f6\u011frendi\u011fi ger\u00e7eklerle<span class=\"excerpt-hellip\"> [\u2026]<\/span><\/p>\n","protected":false},"featured_media":0,"template":"","meta":{"_monsterinsights_skip_tracking":false,"_monsterinsights_sitenote_active":false,"_monsterinsights_sitenote_note":"","_monsterinsights_sitenote_category":0},"product_brand":[],"product_cat":[12291,12711],"product_tag":[],"class_list":{"0":"post-782084","1":"product","2":"type-product","3":"status-publish","5":"product_cat-edebiyat","6":"product_cat-roman-oyku","7":"pa_cilt-ciltsiz","8":"pa_tur-kitap","9":"pa_yayinevi-marti-yayinlari","10":"pa_yazar-zeynep-sey","12":"first","13":"instock","14":"sale","15":"shipping-taxable","16":"purchasable","17":"product-type-simple"},"_links":{"self":[{"href":"https:\/\/roveyayinevi.com.tr\/index.php\/wp-json\/wp\/v2\/product\/782084","targetHints":{"allow":["GET"]}}],"collection":[{"href":"https:\/\/roveyayinevi.com.tr\/index.php\/wp-json\/wp\/v2\/product"}],"about":[{"href":"https:\/\/roveyayinevi.com.tr\/index.php\/wp-json\/wp\/v2\/types\/product"}],"wp:attachment":[{"href":"https:\/\/roveyayinevi.com.tr\/index.php\/wp-json\/wp\/v2\/media?parent=782084"}],"wp:term":[{"taxonomy":"product_brand","embeddable":true,"href":"https:\/\/roveyayinevi.com.tr\/index.php\/wp-json\/wp\/v2\/product_brand?post=782084"},{"taxonomy":"product_cat","embeddable":true,"href":"https:\/\/roveyayinevi.com.tr\/index.php\/wp-json\/wp\/v2\/product_cat?post=782084"},{"taxonomy":"product_tag","embeddable":true,"href":"https:\/\/roveyayinevi.com.tr\/index.php\/wp-json\/wp\/v2\/product_tag?post=782084"}],"curies":[{"name":"wp","href":"https:\/\/api.w.org\/{rel}","templated":true}]}}