{"id":782083,"date":"2026-02-03T02:51:14","date_gmt":"2026-02-02T23:51:14","guid":{"rendered":"https:\/\/roveyayinevi.com.tr\/index.php\/urun\/besiktas\/"},"modified":"2026-04-16T02:35:20","modified_gmt":"2026-04-15T23:35:20","slug":"besiktas","status":"publish","type":"product","link":"https:\/\/roveyayinevi.com.tr\/index.php\/urun\/besiktas\/","title":{"rendered":"Be\u015fikta\u015f"},"content":{"rendered":"<p>Kimi \u00e7evrelerce hala da &#8216; Arabac\u0131lar&#8217;diye tan\u0131mlanan ama sonu\u00e7ta &#8216;Arabal\u0131lar&#8217; olarak sahiplenilen kul\u00fcpt\u00fcr.Be\u015fikta\u015f .Ma\u00e7lara d\u00f6nemin gen\u00e7leri ile arabalarla gitmesi baya\u011f\u0131 k\u0131skan\u0131lan bir ortam yaratsa  da Be\u015fikta\u015f &#8216;Halka mal olan ve yaratt\u0131\u011f\u0131 empati ile sonu\u00e7ta &#8216; Kara Kartallar &#8216; olarak hala ya\u015f\u0131yorsa &#8216; Efsane \u00d6tesidir&#8217;!Son Y\u0131llarda \u00fclkemizin \u00fc\u00e7 B\u00fcy\u00fcklerinden Avrupan\u0131n en ba\u015far\u0131l\u0131s\u0131 olan dikkatini \u00e7eken , bir ka\u00e7 kez s\u0131k\u0131ntl\u0131 s\u00fcre\u00e7ler ya\u015fayan ama tutundu\u011fu fedakar ve asil taraftar\u0131 ile bunu  a\u015fmas\u0131n\u0131 bilen Be\u015fikta\u015f futbola &#8216;VEDA &#8216; de\u011fil daima &#8216;FEDA&#8217; slogan\u0131yla taraftar\u0131yla ile sahip \u00e7\u0131kan \u00f6rnektir.Bu \u00e7al\u0131\u015fma,i\u015fte o Be\u015fikta\u015f&#8217;\u0131n k\u0131sa ve \u00f6z tarihi.<\/p>\n","protected":false},"excerpt":{"rendered":"<p>Kimi \u00e7evrelerce hala da &#8216; Arabac\u0131lar&#8217;diye tan\u0131mlanan ama sonu\u00e7ta &#8216;Arabal\u0131lar&#8217; olarak sahiplenilen kul\u00fcpt\u00fcr.Be\u015fikta\u015f .Ma\u00e7lara d\u00f6nemin gen\u00e7leri ile arabalarla gitmesi baya\u011f\u0131 k\u0131skan\u0131lan bir ortam yaratsa da Be\u015fikta\u015f<span class=\"excerpt-hellip\"> [\u2026]<\/span><\/p>\n","protected":false},"featured_media":0,"template":"","meta":{"_monsterinsights_skip_tracking":false,"_monsterinsights_sitenote_active":false,"_monsterinsights_sitenote_note":"","_monsterinsights_sitenote_category":0},"product_brand":[],"product_cat":[15563,15564],"product_tag":[],"class_list":{"0":"post-782083","1":"product","2":"type-product","3":"status-publish","5":"product_cat-hobi","6":"product_cat-spor","7":"pa_cilt-ciltsiz","8":"pa_tur-kitap","9":"pa_yayinevi-cumhuriyet-kitaplari","10":"pa_yazar-adnan-dincer","12":"first","13":"instock","14":"sale","15":"shipping-taxable","16":"purchasable","17":"product-type-simple"},"_links":{"self":[{"href":"https:\/\/roveyayinevi.com.tr\/index.php\/wp-json\/wp\/v2\/product\/782083","targetHints":{"allow":["GET"]}}],"collection":[{"href":"https:\/\/roveyayinevi.com.tr\/index.php\/wp-json\/wp\/v2\/product"}],"about":[{"href":"https:\/\/roveyayinevi.com.tr\/index.php\/wp-json\/wp\/v2\/types\/product"}],"wp:attachment":[{"href":"https:\/\/roveyayinevi.com.tr\/index.php\/wp-json\/wp\/v2\/media?parent=782083"}],"wp:term":[{"taxonomy":"product_brand","embeddable":true,"href":"https:\/\/roveyayinevi.com.tr\/index.php\/wp-json\/wp\/v2\/product_brand?post=782083"},{"taxonomy":"product_cat","embeddable":true,"href":"https:\/\/roveyayinevi.com.tr\/index.php\/wp-json\/wp\/v2\/product_cat?post=782083"},{"taxonomy":"product_tag","embeddable":true,"href":"https:\/\/roveyayinevi.com.tr\/index.php\/wp-json\/wp\/v2\/product_tag?post=782083"}],"curies":[{"name":"wp","href":"https:\/\/api.w.org\/{rel}","templated":true}]}}