{"id":782082,"date":"2026-02-03T02:42:50","date_gmt":"2026-02-02T23:42:50","guid":{"rendered":"https:\/\/roveyayinevi.com.tr\/index.php\/urun\/merhaba-ben-otizm\/"},"modified":"2026-04-16T02:28:38","modified_gmt":"2026-04-15T23:28:38","slug":"merhaba-ben-otizm","status":"publish","type":"product","link":"https:\/\/roveyayinevi.com.tr\/index.php\/urun\/merhaba-ben-otizm\/","title":{"rendered":"Merhaba Ben Otizm"},"content":{"rendered":"<p>Merhaba. Ben otizm! Birazdan, seninle uzun bir yolculu\u011fa \u00e7\u0131kaca\u011f\u0131z ama \u00f6nce sana s\u00f6ylemem gereken baz\u0131 \u015feyler var. Ben biraz farkl\u0131y\u0131m, yani farkl\u0131y\u0131m derken hani senin bildi\u011fin, tan\u0131d\u0131\u011f\u0131n, g\u00f6rd\u00fc\u011f\u00fcn ve normal diye tan\u0131mlad\u0131\u011f\u0131n di\u011ferlerine g\u00f6re biraz farkl\u0131y\u0131m. Kimisi benim hasta oldu\u011fumu d\u00fc\u015f\u00fcn\u00fcr, kimisi benim baz\u0131 konularda eksik oldu\u011fumu d\u00fc\u015f\u00fcn\u00fcr ama asl\u0131nda ben sadece farkl\u0131y\u0131m. \u00c7o\u011fu zaman seni fark etmedi\u011fimi, duymad\u0131\u011f\u0131m\u0131 hatta g\u00f6rmedi\u011fimi d\u00fc\u015f\u00fcnebilirsin. Senin fark\u0131nday\u0131m, seni duyuyorum ve seni g\u00f6r\u00fcyorum.   Seninle aram\u0131zda bir perde oldu\u011funu d\u00fc\u015f\u00fcn. Bu perde nedeniyle bazen sen bana ula\u015fmakta zorlan\u0131yorsun, bazen de ben sana ula\u015fmakta zorlan\u0131yorum. Bu perde kal\u0131n da olabiliyor ince de olabiliyor; a\u011f\u0131r da olabiliyor, hafif de olabiliyor. Seninle birazdan \u00e7\u0131kaca\u011f\u0131m\u0131z yolculukta, farkl\u0131l\u0131klar\u0131m\u0131 ve aram\u0131zdaki bu perdeyi nas\u0131l kald\u0131raca\u011f\u0131n\u0131 anlataca\u011f\u0131m. Beni kayg\u0131land\u0131ran durumlardan, hayata bak\u0131\u015f a\u00e7\u0131mdan d\u00fc\u015f\u00fcnce bi\u00e7imimden bahsedece\u011fim. Eminim, o zaman beni daha iyi anlayacaks\u0131n. Haydi, o zaman yolculu\u011fumuz ba\u015flas\u0131n!<\/p>\n","protected":false},"excerpt":{"rendered":"<p>Merhaba. Ben otizm! Birazdan, seninle uzun bir yolculu\u011fa \u00e7\u0131kaca\u011f\u0131z ama \u00f6nce sana s\u00f6ylemem gereken baz\u0131 \u015feyler var. Ben biraz farkl\u0131y\u0131m, yani farkl\u0131y\u0131m derken hani senin bildi\u011fin,<span class=\"excerpt-hellip\"> [\u2026]<\/span><\/p>\n","protected":false},"featured_media":0,"template":"","meta":{"_monsterinsights_skip_tracking":false,"_monsterinsights_sitenote_active":false,"_monsterinsights_sitenote_note":"","_monsterinsights_sitenote_category":0},"product_brand":[],"product_cat":[26509,13365],"product_tag":[],"class_list":{"0":"post-782082","1":"product","2":"type-product","3":"status-publish","5":"product_cat-cocuk-gelisimi","6":"product_cat-saglik","7":"pa_cilt-ciltsiz","8":"pa_tur-kitap","9":"pa_yayinevi-kripto-basim-yayin","10":"pa_yazar-emine-ergun","12":"first","13":"instock","14":"sale","15":"shipping-taxable","16":"purchasable","17":"product-type-simple"},"_links":{"self":[{"href":"https:\/\/roveyayinevi.com.tr\/index.php\/wp-json\/wp\/v2\/product\/782082","targetHints":{"allow":["GET"]}}],"collection":[{"href":"https:\/\/roveyayinevi.com.tr\/index.php\/wp-json\/wp\/v2\/product"}],"about":[{"href":"https:\/\/roveyayinevi.com.tr\/index.php\/wp-json\/wp\/v2\/types\/product"}],"wp:attachment":[{"href":"https:\/\/roveyayinevi.com.tr\/index.php\/wp-json\/wp\/v2\/media?parent=782082"}],"wp:term":[{"taxonomy":"product_brand","embeddable":true,"href":"https:\/\/roveyayinevi.com.tr\/index.php\/wp-json\/wp\/v2\/product_brand?post=782082"},{"taxonomy":"product_cat","embeddable":true,"href":"https:\/\/roveyayinevi.com.tr\/index.php\/wp-json\/wp\/v2\/product_cat?post=782082"},{"taxonomy":"product_tag","embeddable":true,"href":"https:\/\/roveyayinevi.com.tr\/index.php\/wp-json\/wp\/v2\/product_tag?post=782082"}],"curies":[{"name":"wp","href":"https:\/\/api.w.org\/{rel}","templated":true}]}}