{"id":782081,"date":"2026-02-03T02:38:07","date_gmt":"2026-02-02T23:38:07","guid":{"rendered":"https:\/\/roveyayinevi.com.tr\/index.php\/urun\/cocugunuzun-beynine-hos-geldiniz-2\/"},"modified":"2026-02-03T02:38:07","modified_gmt":"2026-02-02T23:38:07","slug":"cocugunuzun-beynine-hos-geldiniz-2","status":"publish","type":"product","link":"https:\/\/roveyayinevi.com.tr\/index.php\/urun\/cocugunuzun-beynine-hos-geldiniz-2\/","title":{"rendered":"\u00c7ocu\u011funuzun Beynine Ho\u015f Geldiniz"},"content":{"rendered":"<p>Do\u011fum \u00d6ncesi D\u00f6nemden \u00dcniversite \u00c7a\u011f\u0131na Kadar Beyin Geli\u015fimiN\u00f6robilimci ve ayn\u0131 zamanda birer ebeveyn olan Sandra Aamodt ve Samuel Wang \u00c7ocu\u011funuzun Beynine Ho\u015f Geldiniz&#8217;de uyku problemleri, dil \u00f6\u011frenimi, cinsiyet farkl\u0131l\u0131klar\u0131 ve otizm gibi \u00e7arp\u0131c\u0131 konular\u0131 ele alarak beyin geli\u015fimini t\u00fcm y\u00f6nleriyle a\u00e7\u0131kl\u0131yor.\u00c7ocuklar\u0131n nas\u0131l d\u00fc\u015f\u00fcnd\u00fc\u011f\u00fc, ebeveynlerin bir t\u00fcrl\u00fc \u00e7\u00f6zemedi\u011fi s\u0131rlardan ve zorluklardan biridir. \u00c7ocuklar\u0131n\u0131 zeki, g\u00fc\u00e7l\u00fc ve mutlu yeti\u015ftirmek isteyen aileler vitaminlerden DVD ve oyuncaklara kadar her yolu deniyor. Ama ger\u00e7ek bilim asl\u0131 olmayan pazarlama tekniklerinden nas\u0131l ay\u0131rt edilebilir? Peki ya \u00e7ocu\u011funuzun bebeklikteki, okul \u00e7a\u011f\u0131ndaki ve ergenlikteki beyninde ger\u00e7ekte neler oluyor?Bu kitap gebeli\u011fin ba\u015flang\u0131c\u0131ndan \u00fcniversiteye kadar olan t\u00fcm d\u00f6nemleri ele al\u0131yor, \u00e7\u00fcnk\u00fc bu konudaki pek \u00e7ok kitap ilk \u00fc\u00e7 y\u0131lla s\u0131n\u0131rl\u0131 kalsa da, beynin geli\u015fimi \u00e7ok daha uzun s\u00fcre devam eder. Bir \u00e7ocu\u011fun beyninin geli\u015fimi ve olgunla\u015fmas\u0131, on y\u0131llar s\u00fcren karma\u015f\u0131k bir s\u00fcre\u00e7tir. Beyin, \u00fcniversite \u00e7a\u011f\u0131na kadar geli\u015fmeyi ve \u00e7evreye uyum sa\u011flamay\u0131 s\u00fcrd\u00fcrd\u00fc\u011f\u00fc i\u00e7in \u00e7ocu\u011funuz yenido\u011fan, bebek ya da ergen de olsa bu kitaptan yararlanabilirsiniz.<\/p>\n","protected":false},"excerpt":{"rendered":"<p>Do\u011fum \u00d6ncesi D\u00f6nemden \u00dcniversite \u00c7a\u011f\u0131na Kadar Beyin Geli\u015fimiN\u00f6robilimci ve ayn\u0131 zamanda birer ebeveyn olan Sandra Aamodt ve Samuel Wang \u00c7ocu\u011funuzun Beynine Ho\u015f Geldiniz&#8217;de uyku problemleri, dil<span class=\"excerpt-hellip\"> [\u2026]<\/span><\/p>\n","protected":false},"featured_media":0,"template":"","meta":{"_monsterinsights_skip_tracking":false,"_monsterinsights_sitenote_active":false,"_monsterinsights_sitenote_note":"","_monsterinsights_sitenote_category":0},"product_brand":[],"product_cat":[17996,12364],"product_tag":[],"class_list":{"0":"post-782081","1":"product","2":"type-product","3":"status-publish","5":"product_cat-ebeveyn-kitaplari","6":"product_cat-genel-konular","7":"pa_cilt-ciltsiz","8":"pa_tur-kitap","9":"pa_yayinevi-indigo-kitap","10":"pa_yazar-sandra-aamodt-samuel-wang","12":"first","13":"instock","14":"sale","15":"shipping-taxable","16":"purchasable","17":"product-type-simple"},"_links":{"self":[{"href":"https:\/\/roveyayinevi.com.tr\/index.php\/wp-json\/wp\/v2\/product\/782081","targetHints":{"allow":["GET"]}}],"collection":[{"href":"https:\/\/roveyayinevi.com.tr\/index.php\/wp-json\/wp\/v2\/product"}],"about":[{"href":"https:\/\/roveyayinevi.com.tr\/index.php\/wp-json\/wp\/v2\/types\/product"}],"wp:attachment":[{"href":"https:\/\/roveyayinevi.com.tr\/index.php\/wp-json\/wp\/v2\/media?parent=782081"}],"wp:term":[{"taxonomy":"product_brand","embeddable":true,"href":"https:\/\/roveyayinevi.com.tr\/index.php\/wp-json\/wp\/v2\/product_brand?post=782081"},{"taxonomy":"product_cat","embeddable":true,"href":"https:\/\/roveyayinevi.com.tr\/index.php\/wp-json\/wp\/v2\/product_cat?post=782081"},{"taxonomy":"product_tag","embeddable":true,"href":"https:\/\/roveyayinevi.com.tr\/index.php\/wp-json\/wp\/v2\/product_tag?post=782081"}],"curies":[{"name":"wp","href":"https:\/\/api.w.org\/{rel}","templated":true}]}}