{"id":782076,"date":"2026-02-03T02:08:39","date_gmt":"2026-02-02T23:08:39","guid":{"rendered":"https:\/\/roveyayinevi.com.tr\/index.php\/urun\/yuzbasi-selahattinin-romani-2-cilt-takim\/"},"modified":"2026-02-03T02:08:39","modified_gmt":"2026-02-02T23:08:39","slug":"yuzbasi-selahattinin-romani-2-cilt-takim","status":"publish","type":"product","link":"https:\/\/roveyayinevi.com.tr\/index.php\/urun\/yuzbasi-selahattinin-romani-2-cilt-takim\/","title":{"rendered":"Y\u00fczba\u015f\u0131 Selahattin&#8217;in Roman\u0131 (2. Cilt Tak\u0131m)"},"content":{"rendered":"<p>Selahattin 1894&#8217;te do\u011fdu. Mahalle mektebine gitti. Edirne Askeri \u0130dadisi&#8217;ni bitirdi. \u0130stanbul&#8217;da Harbiye&#8217;den mezun oldu. \u0130talyan Harbi&#8217;ni \u00c7anakkale&#8217;de ya\u015fad\u0131. Balkan Harbi&#8217;ne kat\u0131ld\u0131. \u0130stanbul&#8217;da \u0130ttihat ve Terakki&#8217;nin eylemlerine kar\u0131\u015ft\u0131. Birinci D\u00fcnya Sava\u015f\u0131&#8217;nda Be\u015finci Kuvve-i Seferiyye Karargah\u0131&#8217;na tayin edildi. \u0130ran ve Kafkas muharebelerinde d\u00f6v\u00fc\u015ft\u00fc. Ba\u011fdat&#8217;\u0131 savundu. Bak\u00fc&#8217;n\u00fcn zapt\u0131nda bulundu. 20 Aral\u0131k 1914&#8217;te \u0130stanbul&#8217;dan 20 ya\u015f\u0131nda bir te\u011fmenken ayr\u0131lm\u0131\u015f, Turan&#8217;\u0131 fethetmeye \u00e7\u0131km\u0131\u015ft\u0131. 5 \u015eubat 1919&#8217;da 25 ya\u015f\u0131nda bir y\u00fczba\u015f\u0131 olarak, yenik ve y\u0131k\u0131k Osmanl\u0131 payitaht\u0131na d\u00f6nd\u00fc. Y\u00fczba\u015f\u0131 Selahattin&#8217;in Roman\u0131, yaln\u0131z kendisinin de\u011fil, bir ku\u015fa\u011f\u0131n roman\u0131d\u0131r. Bu romanda, de\u011fer yarg\u0131lar\u0131yla birlikte \u00e7\u00f6ken Osmanl\u0131 \u0130mparatorlu\u011fu yerine yeni bir imparatorluk kurmak isteyenlerin dram\u0131 ve devletin \u00e7\u00f6k\u00fc\u015f\u00fcn\u00fc durdurmak isteyen asker ku\u015fa\u011f\u0131n\u0131n fedak\u00e2rl\u0131k destan\u0131 yer al\u0131yor. Bu roman, yak\u0131n tarihimizin ger\u00e7eklerini dile getirmekte, pek \u00e7ok y\u00f6n\u00fc ayd\u0131nlanmam\u0131\u015f bir devreye \u0131\u015f\u0131k tutuyor. Y\u00fczba\u015f\u0131 Selahattin&#8217;in Roman\u0131, 10 y\u0131l sonra, yeni kapa\u011f\u0131 ve koleksiyon de\u011feri ta\u015f\u0131yan \u00f6zel kutulu bask\u0131s\u0131yla, okurlar\u0131yla bulu\u015fuyor&#8230;<\/p>\n","protected":false},"excerpt":{"rendered":"<p>Selahattin 1894&#8217;te do\u011fdu. Mahalle mektebine gitti. Edirne Askeri \u0130dadisi&#8217;ni bitirdi. \u0130stanbul&#8217;da Harbiye&#8217;den mezun oldu. \u0130talyan Harbi&#8217;ni \u00c7anakkale&#8217;de ya\u015fad\u0131. Balkan Harbi&#8217;ne kat\u0131ld\u0131. \u0130stanbul&#8217;da \u0130ttihat ve Terakki&#8217;nin eylemlerine<span class=\"excerpt-hellip\"> [\u2026]<\/span><\/p>\n","protected":false},"featured_media":0,"template":"","meta":{"_monsterinsights_skip_tracking":false,"_monsterinsights_sitenote_active":false,"_monsterinsights_sitenote_note":"","_monsterinsights_sitenote_category":0},"product_brand":[],"product_cat":[12312,12304],"product_tag":[],"class_list":{"0":"post-782076","1":"product","2":"type-product","3":"status-publish","5":"product_cat-diger","6":"product_cat-tarih","7":"pa_cilt-takim","8":"pa_tur-kitap","9":"pa_yayinevi-cumhuriyet-kitaplari","10":"pa_yazar-ilhan-selcuk","12":"first","13":"instock","14":"sale","15":"shipping-taxable","16":"purchasable","17":"product-type-simple"},"_links":{"self":[{"href":"https:\/\/roveyayinevi.com.tr\/index.php\/wp-json\/wp\/v2\/product\/782076","targetHints":{"allow":["GET"]}}],"collection":[{"href":"https:\/\/roveyayinevi.com.tr\/index.php\/wp-json\/wp\/v2\/product"}],"about":[{"href":"https:\/\/roveyayinevi.com.tr\/index.php\/wp-json\/wp\/v2\/types\/product"}],"wp:attachment":[{"href":"https:\/\/roveyayinevi.com.tr\/index.php\/wp-json\/wp\/v2\/media?parent=782076"}],"wp:term":[{"taxonomy":"product_brand","embeddable":true,"href":"https:\/\/roveyayinevi.com.tr\/index.php\/wp-json\/wp\/v2\/product_brand?post=782076"},{"taxonomy":"product_cat","embeddable":true,"href":"https:\/\/roveyayinevi.com.tr\/index.php\/wp-json\/wp\/v2\/product_cat?post=782076"},{"taxonomy":"product_tag","embeddable":true,"href":"https:\/\/roveyayinevi.com.tr\/index.php\/wp-json\/wp\/v2\/product_tag?post=782076"}],"curies":[{"name":"wp","href":"https:\/\/api.w.org\/{rel}","templated":true}]}}