{"id":782074,"date":"2026-02-03T02:02:21","date_gmt":"2026-02-02T23:02:21","guid":{"rendered":"https:\/\/roveyayinevi.com.tr\/index.php\/urun\/ah-biz-esekler\/"},"modified":"2026-04-16T02:00:43","modified_gmt":"2026-04-15T23:00:43","slug":"ah-biz-esekler","status":"publish","type":"product","link":"https:\/\/roveyayinevi.com.tr\/index.php\/urun\/ah-biz-esekler\/","title":{"rendered":"Ah Biz E\u015fekler"},"content":{"rendered":"<p>Ama kurdun gelmesini hi\u00e7 istemedi\u011finden, yine kendini kand\u0131rmaya \u00e7al\u0131\u015f\u0131yormu\u015f:  -Kurt de\u011fildir, in\u015fallah de\u011fildir. Ba\u015fka yer kalmad\u0131 da buras\u0131n\u0131 m\u0131 buldu gelecek?..  G\u00f6zlerim iyi se\u00e7miyor da ondan&#8230; \u00c7al\u0131lar\u0131n g\u00f6lgesini kurt sand\u0131m.  Kurt yakla\u015fm\u0131\u015f. Aralar\u0131nda e\u015fek ad\u0131m\u0131 ile \u00fc\u00e7 d\u00f6rt y\u00fcz ad\u0131m kalm\u0131\u015f.  Eski ku\u015faktan e\u015fek,  -Aman Tanr\u0131m, yoksa bu gelen ger\u00e7ekten kurt mu?.. Hay\u0131r, olamaz. Olmamal\u0131d\u0131r. Ah&#8230; Yok, yok, kurt de\u011fil&#8230; diye inlemeye ba\u015flam\u0131\u015f.  Kurtla aralar\u0131nda elli ad\u0131m kal\u0131nca o yine avunuyormu\u015f:  -\u015eu kar\u015f\u0131mda g\u00f6rd\u00fc\u011f\u00fcm yarat\u0131k kurt de\u011fildir in\u015fallah&#8230; Can\u0131m, ne diye kurt olsun&#8230; Belki devedir, belki fildir, belki de ba\u015fka bi\u015fey, belki de hi\u00e7bi\u015feydir. Ben de her\u015feyi kurt g\u00f6rmeye ba\u015flad\u0131m.  Kurt s\u0131r\u0131tarak yakla\u015fm\u0131\u015f yakla\u015fm\u0131\u015f. Aralar\u0131nda ancak bika\u00e7 ad\u0131m kal\u0131nca, ya\u015fl\u0131 e\u015fek,  -Biliyorum, bu gelen kurt de\u011fil, evet kurt de\u011fil, ama ben \u015furadan az\u0131c\u0131k uzakla\u015fsam k\u00f6t\u00fc olmaz&#8230; demi\u015f.<\/p>\n","protected":false},"excerpt":{"rendered":"<p>Ama kurdun gelmesini hi\u00e7 istemedi\u011finden, yine kendini kand\u0131rmaya \u00e7al\u0131\u015f\u0131yormu\u015f: -Kurt de\u011fildir, in\u015fallah de\u011fildir. Ba\u015fka yer kalmad\u0131 da buras\u0131n\u0131 m\u0131 buldu gelecek?.. G\u00f6zlerim iyi se\u00e7miyor da ondan&#8230;<span class=\"excerpt-hellip\"> [\u2026]<\/span><\/p>\n","protected":false},"featured_media":0,"template":"","meta":{"_monsterinsights_skip_tracking":false,"_monsterinsights_sitenote_active":false,"_monsterinsights_sitenote_note":"","_monsterinsights_sitenote_category":0},"product_brand":[],"product_cat":[12291,12292],"product_tag":[],"class_list":{"0":"post-782074","1":"product","2":"type-product","3":"status-publish","5":"product_cat-edebiyat","6":"product_cat-turk-edebiyati","7":"pa_cilt-ciltsiz","8":"pa_tur-kitap","9":"pa_yayinevi-nesin-yayinlari","10":"pa_yazar-aziz-nesin","12":"first","13":"instock","14":"sale","15":"shipping-taxable","16":"purchasable","17":"product-type-simple"},"_links":{"self":[{"href":"https:\/\/roveyayinevi.com.tr\/index.php\/wp-json\/wp\/v2\/product\/782074","targetHints":{"allow":["GET"]}}],"collection":[{"href":"https:\/\/roveyayinevi.com.tr\/index.php\/wp-json\/wp\/v2\/product"}],"about":[{"href":"https:\/\/roveyayinevi.com.tr\/index.php\/wp-json\/wp\/v2\/types\/product"}],"wp:attachment":[{"href":"https:\/\/roveyayinevi.com.tr\/index.php\/wp-json\/wp\/v2\/media?parent=782074"}],"wp:term":[{"taxonomy":"product_brand","embeddable":true,"href":"https:\/\/roveyayinevi.com.tr\/index.php\/wp-json\/wp\/v2\/product_brand?post=782074"},{"taxonomy":"product_cat","embeddable":true,"href":"https:\/\/roveyayinevi.com.tr\/index.php\/wp-json\/wp\/v2\/product_cat?post=782074"},{"taxonomy":"product_tag","embeddable":true,"href":"https:\/\/roveyayinevi.com.tr\/index.php\/wp-json\/wp\/v2\/product_tag?post=782074"}],"curies":[{"name":"wp","href":"https:\/\/api.w.org\/{rel}","templated":true}]}}