{"id":782065,"date":"2026-02-01T15:41:35","date_gmt":"2026-02-01T12:41:35","guid":{"rendered":"https:\/\/roveyayinevi.com.tr\/index.php\/urun\/buyuk-cami-macerasi\/"},"modified":"2026-04-15T03:46:10","modified_gmt":"2026-04-15T00:46:10","slug":"buyuk-cami-macerasi","status":"publish","type":"product","link":"https:\/\/roveyayinevi.com.tr\/index.php\/urun\/buyuk-cami-macerasi\/","title":{"rendered":"B\u00fcy\u00fck Cami Maceras\u0131"},"content":{"rendered":"<p>Elif, hep merak etti\u011fi b\u00fcy\u00fck camiye gidiyor. \u00dcstelik camide yeni arkada\u015flar edinip Kur\u2019an-\u0131 Kerim okumay\u0131 \u00f6\u011frenecek. Anneannesiyle her g\u00fcn camiye gitme fikri Elif\u2019i \u00e7ok heyecanland\u0131r\u0131yor. \u0130\u00e7i i\u00e7ine s\u0131\u011fmayan Elif\u2019le birlikte \u00e7ocuklar, bir mek\u00e2n olarak camiyle tan\u0131\u015f\u0131rken kutsal kitab\u0131m\u0131z\u0131 \u00f6\u011frenmenin ne\u015fesine ortak oluyor. K\u0131p\u0131r k\u0131p\u0131r arkada\u015flar, minicik kediler ve sevgi dolu \u00f6\u011fretmenler, okurlara unutulmaz bir cami deneyimi sunuyor.<\/p>\n","protected":false},"excerpt":{"rendered":"<p>Elif, hep merak etti\u011fi b\u00fcy\u00fck camiye gidiyor. \u00dcstelik camide yeni arkada\u015flar edinip Kur\u2019an-\u0131 Kerim okumay\u0131 \u00f6\u011frenecek. Anneannesiyle her g\u00fcn camiye gitme fikri Elif\u2019i \u00e7ok heyecanland\u0131r\u0131yor. \u0130\u00e7i<span class=\"excerpt-hellip\"> [\u2026]<\/span><\/p>\n","protected":false},"featured_media":0,"template":"","meta":{"_monsterinsights_skip_tracking":false,"_monsterinsights_sitenote_active":false,"_monsterinsights_sitenote_note":"","_monsterinsights_sitenote_category":0},"product_brand":[],"product_cat":[141304],"product_tag":[],"class_list":{"0":"post-782065","1":"product","2":"type-product","3":"status-publish","5":"product_cat-yeni-cikanlar","6":"pa_cilt-ciltsiz","7":"pa_tur-kitap","8":"pa_yayinevi-dus-degirmeni","9":"pa_yazar-seyma-asker","11":"first","12":"instock","13":"sale","14":"shipping-taxable","15":"purchasable","16":"product-type-simple"},"_links":{"self":[{"href":"https:\/\/roveyayinevi.com.tr\/index.php\/wp-json\/wp\/v2\/product\/782065","targetHints":{"allow":["GET"]}}],"collection":[{"href":"https:\/\/roveyayinevi.com.tr\/index.php\/wp-json\/wp\/v2\/product"}],"about":[{"href":"https:\/\/roveyayinevi.com.tr\/index.php\/wp-json\/wp\/v2\/types\/product"}],"wp:attachment":[{"href":"https:\/\/roveyayinevi.com.tr\/index.php\/wp-json\/wp\/v2\/media?parent=782065"}],"wp:term":[{"taxonomy":"product_brand","embeddable":true,"href":"https:\/\/roveyayinevi.com.tr\/index.php\/wp-json\/wp\/v2\/product_brand?post=782065"},{"taxonomy":"product_cat","embeddable":true,"href":"https:\/\/roveyayinevi.com.tr\/index.php\/wp-json\/wp\/v2\/product_cat?post=782065"},{"taxonomy":"product_tag","embeddable":true,"href":"https:\/\/roveyayinevi.com.tr\/index.php\/wp-json\/wp\/v2\/product_tag?post=782065"}],"curies":[{"name":"wp","href":"https:\/\/api.w.org\/{rel}","templated":true}]}}