{"id":782061,"date":"2026-02-01T15:41:27","date_gmt":"2026-02-01T12:41:27","guid":{"rendered":"https:\/\/roveyayinevi.com.tr\/index.php\/urun\/duygular-sahnede\/"},"modified":"2026-04-15T03:46:10","modified_gmt":"2026-04-15T00:46:10","slug":"duygular-sahnede","status":"publish","type":"product","link":"https:\/\/roveyayinevi.com.tr\/index.php\/urun\/duygular-sahnede\/","title":{"rendered":"Duygular Sahnede"},"content":{"rendered":"<p>Turuncu el kuklas\u0131 anlat\u0131r t\u00fcm maceray\u0131, her bir renk temsil eder her bir duyguyu, gerekti\u011finde arkada\u015f olsun bize her bir duygu\u2026 Okul \u00f6ncesi renk alg\u0131lar\u0131na g\u00f6re duygular ve renklerin e\u015fle\u015ftirildi\u011fi bu kitapta, 4 duygu \u00e7\u0131kar sahneye. Mavi temsil eder \u015fa\u015fk\u0131nl\u0131\u011f\u0131, ye\u015fil temsil eder endi\u015feyi, k\u0131rm\u0131z\u0131 \u00f6fkeyi, sar\u0131 sevinci\u2026 \u00c7ocuklar renkli kost\u00fcmlerden se\u00e7er istedi\u011fini. Her bir kost\u00fcm, her bir \u00e7ocuk temsil eder her bir duyguyu. Defne endi\u015felenir, Efe \u00f6fkelenir ama birbirlerine destek olduk\u00e7a yava\u015f yava\u015f diner t\u00fcm duygular\u0131. \u00c7ocuklar sahneye \u00e7\u0131k\u0131nca duyulur alk\u0131\u015flar t\u00fcm salonda ve gurur \u00e7\u0131kar sahneye.<\/p>\n","protected":false},"excerpt":{"rendered":"<p>Turuncu el kuklas\u0131 anlat\u0131r t\u00fcm maceray\u0131, her bir renk temsil eder her bir duyguyu, gerekti\u011finde arkada\u015f olsun bize her bir duygu\u2026 Okul \u00f6ncesi renk alg\u0131lar\u0131na g\u00f6re<span class=\"excerpt-hellip\"> [\u2026]<\/span><\/p>\n","protected":false},"featured_media":0,"template":"","meta":{"_monsterinsights_skip_tracking":false,"_monsterinsights_sitenote_active":false,"_monsterinsights_sitenote_note":"","_monsterinsights_sitenote_category":0},"product_brand":[],"product_cat":[12274,15842],"product_tag":[],"class_list":{"0":"post-782061","1":"product","2":"type-product","3":"status-publish","5":"product_cat-cocuk-ve-genclik-kitaplari","6":"product_cat-egitici-kitaplar","7":"pa_cilt-ciltsiz","8":"pa_tur-kitap","9":"pa_yayinevi-erdem-cocuk","10":"pa_yazar-ozgur-ozgulgun","12":"first","13":"instock","14":"sale","15":"shipping-taxable","16":"purchasable","17":"product-type-simple"},"_links":{"self":[{"href":"https:\/\/roveyayinevi.com.tr\/index.php\/wp-json\/wp\/v2\/product\/782061","targetHints":{"allow":["GET"]}}],"collection":[{"href":"https:\/\/roveyayinevi.com.tr\/index.php\/wp-json\/wp\/v2\/product"}],"about":[{"href":"https:\/\/roveyayinevi.com.tr\/index.php\/wp-json\/wp\/v2\/types\/product"}],"wp:attachment":[{"href":"https:\/\/roveyayinevi.com.tr\/index.php\/wp-json\/wp\/v2\/media?parent=782061"}],"wp:term":[{"taxonomy":"product_brand","embeddable":true,"href":"https:\/\/roveyayinevi.com.tr\/index.php\/wp-json\/wp\/v2\/product_brand?post=782061"},{"taxonomy":"product_cat","embeddable":true,"href":"https:\/\/roveyayinevi.com.tr\/index.php\/wp-json\/wp\/v2\/product_cat?post=782061"},{"taxonomy":"product_tag","embeddable":true,"href":"https:\/\/roveyayinevi.com.tr\/index.php\/wp-json\/wp\/v2\/product_tag?post=782061"}],"curies":[{"name":"wp","href":"https:\/\/api.w.org\/{rel}","templated":true}]}}