{"id":782060,"date":"2026-02-01T15:41:24","date_gmt":"2026-02-01T12:41:24","guid":{"rendered":"https:\/\/roveyayinevi.com.tr\/index.php\/urun\/monolitin-golgesi\/"},"modified":"2026-04-15T03:46:10","modified_gmt":"2026-04-15T00:46:10","slug":"monolitin-golgesi","status":"publish","type":"product","link":"https:\/\/roveyayinevi.com.tr\/index.php\/urun\/monolitin-golgesi\/","title":{"rendered":"Monolitin G\u00f6lgesi"},"content":{"rendered":"<p>\u0130nsanl\u0131k tarihinin en eski yerle\u015fim yerlerinden biri olan Karahantepe\u2019de gizemli bir monolitin ke\u015ffedilmesiyle ba\u015flayan nefes kesen bir macera\u2026 Yaz tatilinde arkeolog babas\u0131n\u0131n kaz\u0131 \u00e7al\u0131\u015fmas\u0131 g\u00f6revi i\u00e7in \u015eanl\u0131urfa\u2019ya giden Ay\u015feg\u00fcl; kendisini tarih, arkeoloji, mitolojik semboller, y\u0131lanlar ve tuhaf r\u00fcyalarla dolu bir ser\u00fcven i\u00e7inde bulur. Sinsice insanlar\u0131n aras\u0131na kar\u0131\u015f\u0131p insan gibi ya\u015fayarak soylar\u0131n\u0131 devam ettiren ve fark edilemeyen D\u00f6n\u00fc\u015fgen \u0131rk\u0131n\u0131n, insanl\u0131\u011f\u0131n sonunu getirecek karanl\u0131k planlar\u0131 vard\u0131r. D\u00f6n\u00fc\u015fgenlerin lideri Z\u0131rh, bu monoliti tamamen yery\u00fcz\u00fcne \u00e7\u0131kar\u0131rsa, D\u00fcnya\u2019daki frekans sistemi bozulacak, hayvanlar monolitten \u00e7\u0131kan ses y\u00fcz\u00fcnden insanlara d\u00fc\u015fman olacak ve sald\u0131racaklar. Ay\u015feg\u00fcl kimsenin bilmedi\u011fi t\u00fcm s\u0131rlar\u0131 \u00f6\u011frendi\u011finde ne yapacak? \u0130nsanl\u0131\u011f\u0131n Kalkan\u2019\u0131 olmay\u0131 kabul edecek mi? Arkada\u015f\u0131 Cihan, dev adam Akanda ve c\u00fcce adam Abrek\u2019le \u00e7\u0131kt\u0131klar\u0131 bu yolculukta kendilerini neler bekliyor? Cesaretini topla! Ger\u00e7ekleri g\u00f6rebilece\u011fin bu s\u0131rlarla dolu yolculu\u011fa sen de kat\u0131l!<\/p>\n","protected":false},"excerpt":{"rendered":"<p>\u0130nsanl\u0131k tarihinin en eski yerle\u015fim yerlerinden biri olan Karahantepe\u2019de gizemli bir monolitin ke\u015ffedilmesiyle ba\u015flayan nefes kesen bir macera\u2026 Yaz tatilinde arkeolog babas\u0131n\u0131n kaz\u0131 \u00e7al\u0131\u015fmas\u0131 g\u00f6revi i\u00e7in<span class=\"excerpt-hellip\"> [\u2026]<\/span><\/p>\n","protected":false},"featured_media":0,"template":"","meta":{"_monsterinsights_skip_tracking":false,"_monsterinsights_sitenote_active":false,"_monsterinsights_sitenote_note":"","_monsterinsights_sitenote_category":0},"product_brand":[],"product_cat":[12291,12711],"product_tag":[],"class_list":{"0":"post-782060","1":"product","2":"type-product","3":"status-publish","5":"product_cat-edebiyat","6":"product_cat-roman-oyku","7":"pa_cilt-ciltsiz","8":"pa_tur-kitap","9":"pa_yayinevi-erdem-cocuk","10":"pa_yazar-esra-bahadir-cesar","12":"first","13":"instock","14":"sale","15":"shipping-taxable","16":"purchasable","17":"product-type-simple"},"_links":{"self":[{"href":"https:\/\/roveyayinevi.com.tr\/index.php\/wp-json\/wp\/v2\/product\/782060","targetHints":{"allow":["GET"]}}],"collection":[{"href":"https:\/\/roveyayinevi.com.tr\/index.php\/wp-json\/wp\/v2\/product"}],"about":[{"href":"https:\/\/roveyayinevi.com.tr\/index.php\/wp-json\/wp\/v2\/types\/product"}],"wp:attachment":[{"href":"https:\/\/roveyayinevi.com.tr\/index.php\/wp-json\/wp\/v2\/media?parent=782060"}],"wp:term":[{"taxonomy":"product_brand","embeddable":true,"href":"https:\/\/roveyayinevi.com.tr\/index.php\/wp-json\/wp\/v2\/product_brand?post=782060"},{"taxonomy":"product_cat","embeddable":true,"href":"https:\/\/roveyayinevi.com.tr\/index.php\/wp-json\/wp\/v2\/product_cat?post=782060"},{"taxonomy":"product_tag","embeddable":true,"href":"https:\/\/roveyayinevi.com.tr\/index.php\/wp-json\/wp\/v2\/product_tag?post=782060"}],"curies":[{"name":"wp","href":"https:\/\/api.w.org\/{rel}","templated":true}]}}