{"id":782058,"date":"2026-02-01T15:41:19","date_gmt":"2026-02-01T12:41:19","guid":{"rendered":"https:\/\/roveyayinevi.com.tr\/index.php\/urun\/ben-kimim-ahi-evran-ticaretin-kitabini-yazan\/"},"modified":"2026-04-15T03:46:10","modified_gmt":"2026-04-15T00:46:10","slug":"ben-kimim-ahi-evran-ticaretin-kitabini-yazan","status":"publish","type":"product","link":"https:\/\/roveyayinevi.com.tr\/index.php\/urun\/ben-kimim-ahi-evran-ticaretin-kitabini-yazan\/","title":{"rendered":"Ben Kimim? Ahi Evran Ticaretin Kitab\u0131n\u0131 Yazan"},"content":{"rendered":"<p>Ahilik; bar\u0131\u015f g\u00fcnlerinde \u00e7ar\u015f\u0131da adaleti sa\u011flamak, sava\u015f g\u00fcnlerinde sava\u015f meydan\u0131nda sava\u015fmak, zor zamanlarda halk\u0131 organize ederek el birli\u011fiyle zorluklar\u0131 a\u015fmak i\u00e7in kurulmu\u015f bir te\u015fkilatt\u0131r.  13. y\u00fczy\u0131lda kurulan te\u015fkilat\u0131n kurucusu Ahi Evran, \u00e7ar\u015f\u0131, \u00e7ar\u015f\u0131 esnaf\u0131 ve nas\u0131l erdemli olunabilece\u011fine dair yap\u0131labileceklere daha \u00e7ocuklu\u011funda kafa yormaya ba\u015flar. B\u00fcy\u00fcd\u00fc\u011f\u00fcnde de Ahili\u011fin kurallar\u0131n\u0131n yer ald\u0131\u011f\u0131 kitaplar yazar.  Kitapta hem Ahi Evran\u2019\u0131n hayat\u0131n\u0131 hem de Ahili\u011fin kurallar\u0131n\u0131 okuyacaks\u0131n\u0131z.<\/p>\n","protected":false},"excerpt":{"rendered":"<p>Ahilik; bar\u0131\u015f g\u00fcnlerinde \u00e7ar\u015f\u0131da adaleti sa\u011flamak, sava\u015f g\u00fcnlerinde sava\u015f meydan\u0131nda sava\u015fmak, zor zamanlarda halk\u0131 organize ederek el birli\u011fiyle zorluklar\u0131 a\u015fmak i\u00e7in kurulmu\u015f bir te\u015fkilatt\u0131r. 13. y\u00fczy\u0131lda<span class=\"excerpt-hellip\"> [\u2026]<\/span><\/p>\n","protected":false},"featured_media":0,"template":"","meta":{"_monsterinsights_skip_tracking":false,"_monsterinsights_sitenote_active":false,"_monsterinsights_sitenote_note":"","_monsterinsights_sitenote_category":0},"product_brand":[],"product_cat":[12274,12284],"product_tag":[],"class_list":{"0":"post-782058","1":"product","2":"type-product","3":"status-publish","5":"product_cat-cocuk-ve-genclik-kitaplari","6":"product_cat-hikayeler","7":"pa_cilt-ciltsiz","8":"pa_tur-kitap","9":"pa_yayinevi-erdem-cocuk","10":"pa_yazar-asli-kahraman-cinar","12":"first","13":"instock","14":"sale","15":"shipping-taxable","16":"purchasable","17":"product-type-simple"},"_links":{"self":[{"href":"https:\/\/roveyayinevi.com.tr\/index.php\/wp-json\/wp\/v2\/product\/782058","targetHints":{"allow":["GET"]}}],"collection":[{"href":"https:\/\/roveyayinevi.com.tr\/index.php\/wp-json\/wp\/v2\/product"}],"about":[{"href":"https:\/\/roveyayinevi.com.tr\/index.php\/wp-json\/wp\/v2\/types\/product"}],"wp:attachment":[{"href":"https:\/\/roveyayinevi.com.tr\/index.php\/wp-json\/wp\/v2\/media?parent=782058"}],"wp:term":[{"taxonomy":"product_brand","embeddable":true,"href":"https:\/\/roveyayinevi.com.tr\/index.php\/wp-json\/wp\/v2\/product_brand?post=782058"},{"taxonomy":"product_cat","embeddable":true,"href":"https:\/\/roveyayinevi.com.tr\/index.php\/wp-json\/wp\/v2\/product_cat?post=782058"},{"taxonomy":"product_tag","embeddable":true,"href":"https:\/\/roveyayinevi.com.tr\/index.php\/wp-json\/wp\/v2\/product_tag?post=782058"}],"curies":[{"name":"wp","href":"https:\/\/api.w.org\/{rel}","templated":true}]}}